{"id":915,"date":"2018-10-08T09:28:32","date_gmt":"2018-10-08T09:28:32","guid":{"rendered":"https:\/\/subsolardesigns.com\/couponseek\/?page_id=915"},"modified":"2024-04-08T16:23:51","modified_gmt":"2024-04-08T16:23:51","slug":"kontakta-oss","status":"publish","type":"page","link":"https:\/\/ghughu.com\/sv\/kontakta-oss\/","title":{"rendered":"Kontakta oss"},"content":{"rendered":"\t\t<div data-elementor-type=\"wp-post\" data-elementor-id=\"915\" class=\"elementor elementor-915\">\n\t\t\t\t\t\t\t\t\t<section class=\"elementor-section elementor-top-section elementor-element elementor-element-69a4c22 elementor-section-stretched elementor-section-full_width elementor-section-height-default elementor-section-height-default\" data-id=\"69a4c22\" data-element_type=\"section\" data-settings=\"{&quot;stretch_section&quot;:&quot;section-stretched&quot;,&quot;background_background&quot;:&quot;classic&quot;,&quot;background_image&quot;:{&quot;url&quot;:&quot;https:\\\/\\\/ghughu.com\\\/sv\\\/wp-content\\\/uploads\\\/2024\\\/01\\\/toa-heftiba-409698-unsplash.jpg&quot;,&quot;id&quot;:1441,&quot;size&quot;:&quot;&quot;,&quot;alt&quot;:&quot;Kontakta Oss&quot;,&quot;source&quot;:&quot;library&quot;},&quot;parallax_enable&quot;:&quot;yes&quot;,&quot;parallax_position&quot;:&quot;50% 100%&quot;,&quot;parallax_repeat&quot;:&quot;no-repeat&quot;,&quot;parallax_size&quot;:&quot;cover&quot;,&quot;parallax_speed&quot;:0.5}\">\n\t\t\t\t\t\t\t<div class=\"elementor-background-overlay\"><\/div>\n\t\t\t\t\t\t\t<div class=\"elementor-container elementor-column-gap-default\">\n\t\t\t\t\t<div class=\"elementor-column elementor-col-100 elementor-top-column elementor-element elementor-element-dafd13d\" data-id=\"dafd13d\" data-element_type=\"column\">\n\t\t\t<div class=\"elementor-widget-wrap elementor-element-populated\">\n\t\t\t\t\t\t\t\t<div class=\"elementor-element elementor-element-447ed15 elementor-widget elementor-widget-ssd_multi_heading\" data-id=\"447ed15\" data-element_type=\"widget\" data-widget_type=\"ssd_multi_heading.default\">\n\t\t\t\t<div class=\"elementor-widget-container\">\n\t\t\t<h2 class=\"elementor-multi-heading-title_1 elementor-size-default\">Kontakta oss<\/h2><h2 class=\"elementor-multi-heading-title_2 elementor-size-default\">Har du n\u00e5gra fr\u00e5gor?\n<\/h2>\t\t<\/div>\n\t\t\t\t<\/div>\n\t\t\t\t\t<\/div>\n\t\t<\/div>\n\t\t\t\t\t\t\t<\/div>\n\t\t<\/section>\n\t\t\t\t<section class=\"elementor-section elementor-top-section elementor-element elementor-element-1c7b02e elementor-section-stretched elementor-section-full_width elementor-section-height-default elementor-section-height-default\" data-id=\"1c7b02e\" data-element_type=\"section\" data-settings=\"{&quot;stretch_section&quot;:&quot;section-stretched&quot;}\">\n\t\t\t\t\t\t<div class=\"elementor-container elementor-column-gap-no\">\n\t\t\t\t\t<div class=\"elementor-column elementor-col-33 elementor-top-column elementor-element elementor-element-6c0dc8b\" data-id=\"6c0dc8b\" data-element_type=\"column\">\n\t\t\t<div class=\"elementor-widget-wrap elementor-element-populated\">\n\t\t\t\t\t\t\t\t<div class=\"elementor-element elementor-element-2f33478 elementor-widget elementor-widget-google_maps\" data-id=\"2f33478\" data-element_type=\"widget\" data-widget_type=\"google_maps.default\">\n\t\t\t\t<div class=\"elementor-widget-container\">\n\t\t\t<style>\/*! elementor - v3.18.0 - 20-12-2023 *\/\n.elementor-widget-google_maps .elementor-widget-container{overflow:hidden}.elementor-widget-google_maps .elementor-custom-embed{line-height:0}.elementor-widget-google_maps iframe{height:300px}<\/style>\t\t<div class=\"elementor-custom-embed\">\n\t\t\t<iframe loading=\"lazy\"\n\t\t\t\t\tsrc=\"https:\/\/www.google.com\/maps\/embed\/v1\/place?key=AIzaSyAmMM7HGbBgIT6zJFMuleGGrUHq25el_0M&#038;q=Madrid%2C%20Espa%C3%B1a&#038;zoom=10\"\n\t\t\t\t\ttitle=\"Madrid, Espa\u00f1a\"\n\t\t\t\t\taria-label=\"Madrid, Espa\u00f1a\"\n\t\t\t><\/iframe>\n\t\t<\/div>\n\t\t\t\t<\/div>\n\t\t\t\t<\/div>\n\t\t\t\t\t<\/div>\n\t\t<\/div>\n\t\t\t\t<div class=\"elementor-column elementor-col-33 elementor-top-column elementor-element elementor-element-b6bd7ab\" data-id=\"b6bd7ab\" data-element_type=\"column\">\n\t\t\t<div class=\"elementor-widget-wrap elementor-element-populated\">\n\t\t\t\t\t\t\t\t<div class=\"elementor-element elementor-element-fb30cb4 elementor-widget elementor-widget-wpforms\" data-id=\"fb30cb4\" data-element_type=\"widget\" data-widget_type=\"wpforms.default\">\n\t\t\t\t<div class=\"elementor-widget-container\">\n\t\t\t<style id=\"wpforms-css-vars-root\">\n\t\t\t\t:root {\n\t\t\t\t\t--wpforms-field-border-radius: 3px;\n--wpforms-field-background-color: #ffffff;\n--wpforms-field-border-color: rgba( 0, 0, 0, 0.25 );\n--wpforms-field-text-color: rgba( 0, 0, 0, 0.7 );\n--wpforms-label-color: rgba( 0, 0, 0, 0.85 );\n--wpforms-label-sublabel-color: rgba( 0, 0, 0, 0.55 );\n--wpforms-label-error-color: #d63637;\n--wpforms-button-border-radius: 3px;\n--wpforms-button-background-color: #066aab;\n--wpforms-button-text-color: #ffffff;\n--wpforms-field-size-input-height: 43px;\n--wpforms-field-size-input-spacing: 15px;\n--wpforms-field-size-font-size: 16px;\n--wpforms-field-size-line-height: 19px;\n--wpforms-field-size-padding-h: 14px;\n--wpforms-field-size-checkbox-size: 16px;\n--wpforms-field-size-sublabel-spacing: 5px;\n--wpforms-field-size-icon-size: 1;\n--wpforms-label-size-font-size: 16px;\n--wpforms-label-size-line-height: 19px;\n--wpforms-label-size-sublabel-font-size: 14px;\n--wpforms-label-size-sublabel-line-height: 17px;\n--wpforms-button-size-font-size: 17px;\n--wpforms-button-size-height: 41px;\n--wpforms-button-size-padding-h: 15px;\n--wpforms-button-size-margin-top: 10px;\n\n\t\t\t\t}\n\t\t\t<\/style><style id=\"wpforms-css-vars-elementor-widget-fb30cb4\">\n\t\t\t\t.elementor-widget-wpforms.elementor-element-fb30cb4 {\n\t\t\t\t\t--wpforms-field-size-input-height: 43px;\n--wpforms-field-size-input-spacing: 15px;\n--wpforms-field-size-font-size: 16px;\n--wpforms-field-size-line-height: 19px;\n--wpforms-field-size-padding-h: 14px;\n--wpforms-field-size-checkbox-size: 16px;\n--wpforms-field-size-sublabel-spacing: 5px;\n--wpforms-field-size-icon-size: 1;\n--wpforms-label-size-font-size: 16px;\n--wpforms-label-size-line-height: 19px;\n--wpforms-label-size-sublabel-font-size: 14px;\n--wpforms-label-size-sublabel-line-height: 17px;\n--wpforms-button-size-font-size: 17px;\n--wpforms-button-size-height: 41px;\n--wpforms-button-size-padding-h: 15px;\n--wpforms-button-size-margin-top: 10px;\n\n\t\t\t\t}\n\t\t\t<\/style><div class=\"wpforms-container wpforms-container-full wpforms-render-modern\" id=\"wpforms-1569\"><form id=\"wpforms-form-1569\" class=\"wpforms-validate wpforms-form wpforms-ajax-form\" data-formid=\"1569\" method=\"post\" enctype=\"multipart\/form-data\" action=\"\/sv\/wp-json\/wp\/v2\/pages\/915\" data-token=\"304f31dae08c83964e9780674dcadaa2\"><noscript class=\"wpforms-error-noscript\">Please enable JavaScript in your browser to complete this form.<\/noscript><div class=\"wpforms-hidden\" id=\"wpforms-error-noscript\">Please enable JavaScript in your browser to complete this form.<\/div><div class=\"wpforms-field-container\"><div id=\"wpforms-1569-field_0-container\" class=\"wpforms-field wpforms-field-name\" data-field-id=\"0\"><label class=\"wpforms-field-label\" for=\"wpforms-1569-field_0\">Namn <span class=\"wpforms-required-label\" aria-hidden=\"true\">*<\/span><\/label><input type=\"text\" id=\"wpforms-1569-field_0\" class=\"wpforms-field-medium wpforms-field-required\" name=\"wpforms[fields][0]\" aria-errormessage=\"wpforms-1569-field_0-error\" required><\/div><div id=\"wpforms-1569-field_1-container\" class=\"wpforms-field wpforms-field-email\" data-field-id=\"1\"><label class=\"wpforms-field-label\" for=\"wpforms-1569-field_1\">Email <span class=\"wpforms-required-label\" aria-hidden=\"true\">*<\/span><\/label><input type=\"email\" id=\"wpforms-1569-field_1\" class=\"wpforms-field-medium wpforms-field-required\" name=\"wpforms[fields][1]\" spellcheck=\"false\" aria-errormessage=\"wpforms-1569-field_1-error\" required><\/div><div id=\"wpforms-1569-field_2-container\" class=\"wpforms-field wpforms-field-textarea\" data-field-id=\"2\"><label class=\"wpforms-field-label\" for=\"wpforms-1569-field_2\">Meddelande <span class=\"wpforms-required-label\" aria-hidden=\"true\">*<\/span><\/label><textarea id=\"wpforms-1569-field_2\" class=\"wpforms-field-medium wpforms-field-required\" name=\"wpforms[fields][2]\" aria-errormessage=\"wpforms-1569-field_2-error\" required><\/textarea><\/div><div id=\"wpforms-1569-field_3-container\" class=\"wpforms-field wpforms-field-checkbox\" data-field-id=\"3\"><fieldset><legend class=\"wpforms-field-label wpforms-label-hide\" aria-hidden=\"false\"> <span class=\"wpforms-required-label\" aria-hidden=\"true\">*<\/span><\/legend><ul id=\"wpforms-1569-field_3\" class=\"wpforms-field-required\"><li class=\"choice-1 depth-1\"><input type=\"checkbox\" id=\"wpforms-1569-field_3_1\" name=\"wpforms[fields][3][]\" value=\"Jag har l\u00e4st och accepterar &lt;a target=&quot;_blank&quot; href=&quot;https:\/\/ghughu.com\/sv\/integritetspolicy\/&quot;&gt;integritetspolicyn&lt;\/a&gt;.\" aria-errormessage=\"wpforms-1569-field_3_1-error\" required ><label class=\"wpforms-field-label-inline\" for=\"wpforms-1569-field_3_1\">Jag har l\u00e4st och accepterar <a target=\"_blank\" href=\"https:\/\/ghughu.com\/sv\/integritetspolicy\/\">integritetspolicyn<\/a>.<\/label><\/li><\/ul><\/fieldset><\/div><\/div><!-- .wpforms-field-container --><div class=\"wpforms-submit-container\" ><input type=\"hidden\" name=\"wpforms[id]\" value=\"1569\"><input type=\"hidden\" name=\"wpforms[author]\" value=\"1\"><button type=\"submit\" name=\"wpforms[submit]\" id=\"wpforms-submit-1569\" class=\"wpforms-submit\" data-alt-text=\"Sending...\" data-submit-text=\"Skicka\" aria-live=\"assertive\" value=\"wpforms-submit\">Skicka<\/button><img decoding=\"async\" src=\"https:\/\/ghughu.com\/sv\/wp-content\/plugins\/wpforms-lite\/assets\/images\/submit-spin.svg\" class=\"wpforms-submit-spinner\" style=\"display: none;\" width=\"26\" height=\"26\" alt=\"Loading\"><\/div><\/form><\/div>  <!-- .wpforms-container -->\t\t<\/div>\n\t\t\t\t<\/div>\n\t\t\t\t\t<\/div>\n\t\t<\/div>\n\t\t\t\t<div class=\"elementor-column elementor-col-33 elementor-top-column elementor-element elementor-element-1d0322d\" data-id=\"1d0322d\" data-element_type=\"column\">\n\t\t\t<div class=\"elementor-widget-wrap elementor-element-populated\">\n\t\t\t\t\t\t\t\t<div class=\"elementor-element elementor-element-4533eee elementor-widget elementor-widget-text-editor\" data-id=\"4533eee\" data-element_type=\"widget\" data-widget_type=\"text-editor.default\">\n\t\t\t\t<div class=\"elementor-widget-container\">\n\t\t\t<style>\/*! elementor - v3.18.0 - 20-12-2023 *\/\n.elementor-widget-text-editor.elementor-drop-cap-view-stacked .elementor-drop-cap{background-color:#69727d;color:#fff}.elementor-widget-text-editor.elementor-drop-cap-view-framed .elementor-drop-cap{color:#69727d;border:3px solid;background-color:transparent}.elementor-widget-text-editor:not(.elementor-drop-cap-view-default) .elementor-drop-cap{margin-top:8px}.elementor-widget-text-editor:not(.elementor-drop-cap-view-default) .elementor-drop-cap-letter{width:1em;height:1em}.elementor-widget-text-editor .elementor-drop-cap{float:left;text-align:center;line-height:1;font-size:50px}.elementor-widget-text-editor .elementor-drop-cap-letter{display:inline-block}<\/style>\t\t\t\tTveka inte att kontakta oss om du har n\u00e5gra fr\u00e5gor eller f\u00f6rslag. Vi kommer att kontakta dig s\u00e5 snart som m\u00f6jligt.\t\t\t\t\t\t<\/div>\n\t\t\t\t<\/div>\n\t\t\t\t<div class=\"elementor-element elementor-element-52feec4 elementor-position-left elementor-view-default elementor-vertical-align-top elementor-widget elementor-widget-icon_box_extended\" data-id=\"52feec4\" data-element_type=\"widget\" data-widget_type=\"icon_box_extended.default\">\n\t\t\t\t<div class=\"elementor-widget-container\">\n\t\t\t\t\t<div class=\"elementor-icon_box_extended-wrapper\">\r\n\t\t\t\t\t\t\t\t\t\t<div class=\"elementor-icon_box_extended-icon\">\r\n\t\t\t\t\t<span class=\"elementor-icon elementor-animation-\" >\r\n\t\t\t\t\t<svg viewBox=\"0 0 100 100\" class=\"icon-svg\">\r\n\t\t\t\t\t\t<use xlink:href=\"#icon-svg-map-3\"><\/use>\r\n\t\t\t\t\t<\/svg>\r\n\t\t\t\t\t<\/span>\r\n\t\t\t\t<\/div>\r\n\t\t\t\t\t\t<div class=\"elementor-icon_box_extended-content\">\r\n\t\t\t\t<h3 class=\"elementor-icon_box_extended-title\">\r\n\t\t\t\t<span >Adress<\/span>\r\n\t\t\t\t<\/h3>\r\n\t\t\t\t<p class=\"elementor-icon_box_extended-description\">C\/Barquillo N.\u00ba 8 izq., 28004 Madrid, (Spain)<\/p>\r\n\t\t\t<\/div>\r\n\t\t<\/div>\r\n\t\t\t\t<\/div>\n\t\t\t\t<\/div>\n\t\t\t\t<div class=\"elementor-element elementor-element-be7d362 elementor-position-left elementor-view-default elementor-vertical-align-top elementor-widget elementor-widget-icon_box_extended\" data-id=\"be7d362\" data-element_type=\"widget\" data-widget_type=\"icon_box_extended.default\">\n\t\t\t\t<div class=\"elementor-widget-container\">\n\t\t\t\t\t<div class=\"elementor-icon_box_extended-wrapper\">\r\n\t\t\t\t\t\t\t\t\t\t<div class=\"elementor-icon_box_extended-icon\">\r\n\t\t\t\t\t<span class=\"elementor-icon elementor-animation-\" >\r\n\t\t\t\t\t<svg viewBox=\"0 0 100 100\" class=\"icon-svg\">\r\n\t\t\t\t\t\t<use xlink:href=\"#icon-svg-computer\"><\/use>\r\n\t\t\t\t\t<\/svg>\r\n\t\t\t\t\t<\/span>\r\n\t\t\t\t<\/div>\r\n\t\t\t\t\t\t<div class=\"elementor-icon_box_extended-content\">\r\n\t\t\t\t<h3 class=\"elementor-icon_box_extended-title\">\r\n\t\t\t\t<span >E-post<\/span>\r\n\t\t\t\t<\/h3>\r\n\t\t\t\t<p class=\"elementor-icon_box_extended-description\">info@ghughu.com<\/p>\r\n\t\t\t<\/div>\r\n\t\t<\/div>\r\n\t\t\t\t<\/div>\n\t\t\t\t<\/div>\n\t\t\t\t\t<\/div>\n\t\t<\/div>\n\t\t\t\t\t\t\t<\/div>\n\t\t<\/section>\n\t\t\t\t\t\t\t<\/div>\n\t\t","protected":false},"excerpt":{"rendered":"<p>Kontakta oss Har du n\u00e5gra fr\u00e5gor? Please enable JavaScript in your browser to complete this form.Please enable JavaScript in your browser to complete this form.Namn *Email *Meddelande * * Jag har l\u00e4st och accepterar integritetspolicyn. Skicka Tveka inte att kontakta oss om du har n\u00e5gra fr\u00e5gor eller f\u00f6rslag. Vi kommer att kontakta dig s\u00e5 snart&#8230;<\/p>\n","protected":false},"author":1,"featured_media":0,"parent":0,"menu_order":0,"comment_status":"closed","ping_status":"closed","template":"","meta":{"_monsterinsights_skip_tracking":false,"_monsterinsights_sitenote_active":false,"_monsterinsights_sitenote_note":"","_monsterinsights_sitenote_category":0,"footnotes":""},"acf":[],"aioseo_notices":[],"_links":{"self":[{"href":"https:\/\/ghughu.com\/sv\/wp-json\/wp\/v2\/pages\/915"}],"collection":[{"href":"https:\/\/ghughu.com\/sv\/wp-json\/wp\/v2\/pages"}],"about":[{"href":"https:\/\/ghughu.com\/sv\/wp-json\/wp\/v2\/types\/page"}],"author":[{"embeddable":true,"href":"https:\/\/ghughu.com\/sv\/wp-json\/wp\/v2\/users\/1"}],"replies":[{"embeddable":true,"href":"https:\/\/ghughu.com\/sv\/wp-json\/wp\/v2\/comments?post=915"}],"version-history":[{"count":29,"href":"https:\/\/ghughu.com\/sv\/wp-json\/wp\/v2\/pages\/915\/revisions"}],"predecessor-version":[{"id":1574,"href":"https:\/\/ghughu.com\/sv\/wp-json\/wp\/v2\/pages\/915\/revisions\/1574"}],"wp:attachment":[{"href":"https:\/\/ghughu.com\/sv\/wp-json\/wp\/v2\/media?parent=915"}],"curies":[{"name":"wp","href":"https:\/\/api.w.org\/{rel}","templated":true}]}}