{"id":1296,"date":"2024-01-03T16:02:19","date_gmt":"2024-01-03T16:02:19","guid":{"rendered":"https:\/\/ghughu.com\/sv\/?page_id=1296"},"modified":"2024-01-08T10:29:13","modified_gmt":"2024-01-08T10:29:13","slug":"cookiepolicy","status":"publish","type":"page","link":"https:\/\/ghughu.com\/sv\/cookiepolicy\/","title":{"rendered":"Cookiepolicy"},"content":{"rendered":"\t\t<div data-elementor-type=\"wp-page\" data-elementor-id=\"1296\" class=\"elementor elementor-1296\">\n\t\t\t\t\t\t\t<div class=\"elementor-element elementor-element-49d4263c e-flex e-con-boxed e-con e-parent\" data-id=\"49d4263c\" data-element_type=\"container\" data-settings=\"{&quot;content_width&quot;:&quot;boxed&quot;}\" data-core-v316-plus=\"true\">\n\t\t\t\t\t<div class=\"e-con-inner\">\n\t\t\t\t<div class=\"elementor-element elementor-element-752fc7e6 elementor-widget elementor-widget-text-editor\" data-id=\"752fc7e6\" data-element_type=\"widget\" data-widget_type=\"text-editor.default\">\n\t\t\t\t<div class=\"elementor-widget-container\">\n\t\t\t<style>\/*! elementor - v3.18.0 - 20-12-2023 *\/\n.elementor-widget-text-editor.elementor-drop-cap-view-stacked .elementor-drop-cap{background-color:#69727d;color:#fff}.elementor-widget-text-editor.elementor-drop-cap-view-framed .elementor-drop-cap{color:#69727d;border:3px solid;background-color:transparent}.elementor-widget-text-editor:not(.elementor-drop-cap-view-default) .elementor-drop-cap{margin-top:8px}.elementor-widget-text-editor:not(.elementor-drop-cap-view-default) .elementor-drop-cap-letter{width:1em;height:1em}.elementor-widget-text-editor .elementor-drop-cap{float:left;text-align:center;line-height:1;font-size:50px}.elementor-widget-text-editor .elementor-drop-cap-letter{display:inline-block}<\/style>\t\t\t\t<p>Denna Kakorpolicy utg\u00f6r en del av och kompletterar Webbplatsens Integritetspolicy. \u00c4garen \u00e4r ROCK INTERNET S.L. (nedan kallat &#8220;Arkeero&#8221; eller &#8220;S\u00e4llskapet&#8221;) med momsregistreringsnummer: B- 86907953 och s\u00e4te: C\/Barquillo N.\u00ba 8 izq., 28004 Madrid, (Spanien). Registreringsuppgifter: Handelsregistret i Madrid, Tomo 31853, Blad 1, Inskription 1, H\u00e4fta M-573205 E-postkontakt dpd@arkeero.com<\/p>\n<p>Denna webbplats anv\u00e4nder kakor eller andra enheter f\u00f6r lagring och h\u00e4mtning av data med liknande funktionalitet (nedan kallade &#8220;kakor&#8221;) f\u00f6r att ge anv\u00e4ndarna en b\u00e4ttre, snabbare och s\u00e4krare upplevelse. Nedan f\u00f6rklaras vad dessa teknologier \u00e4r, vad de anv\u00e4nds till (t.ex. f\u00f6r att logga in, spara dina inst\u00e4llningar, anpassa det spridda inneh\u00e5llet och visa dig mer relevanta annonser) och vem som hanterar dem.<\/p>\n<p>Webbplatsen \u00e4r tillg\u00e4nglig p\u00e5 olika spr\u00e5k. Vid konflikt mellan den spanska versionen och andra spr\u00e5k i dessa Anv\u00e4ndarvillkor kommer den spanska versionen att ha f\u00f6retr\u00e4de \u00f6ver de andra.<\/p>\n<h2>Vad \u00e4r kakor?<\/h2>\n<p>Kakor \u00e4r sm\u00e5 textfiler som ing\u00e5r i webbplatser och som laddas ner och lagras p\u00e5 anv\u00e4ndarens enhet (dator, surfplatta eller mobil) n\u00e4r de f\u00e5r \u00e5tkomst till webbplatsen.<\/p>\n<p>Generellt sett kan dessa teknologier anv\u00e4ndas f\u00f6r mycket olika \u00e4ndam\u00e5l, s\u00e5som att k\u00e4nna igen bes\u00f6karen som anv\u00e4ndare, f\u00e5 information om deras surfvanor eller anpassa hur inneh\u00e5llet visas. De specifika anv\u00e4ndningarna vi g\u00f6r av dessa teknologier beskrivs nedan. De kan emellertid inte skada anv\u00e4ndarens utrustning eller identifiera dem personligen.<\/p>\n<h2>Vilka typer av kakor anv\u00e4nds p\u00e5 denna webbplats?<\/h2>\n<p>Denna webbplats anv\u00e4nder egna kakor och tredjepartskakor som genereras fr\u00e5n andra webbplatser som inte tillh\u00f6r Arkeero, \u00e4gs av partners och tredje parter som verkar p\u00e5 n\u00e4tet, f\u00f6r de specifika \u00e4ndam\u00e5l som anges nedan.<\/p>\n<p>Kakorna kan vara permanenta eller sessionskakor. Permanent kakor \u00e4r de som f\u00f6rblir lagrade p\u00e5 terminalen och vars data kan n\u00e5s och behandlas under en tid som definieras av kakans ansvarige. Varaktigheten kan variera fr\u00e5n n\u00e5gra minuter till flera \u00e5r.<\/p>\n<p>Sessionskakor \u00e4r d\u00e4remot kakor som \u00e4r avsedda att samla in och lagra data medan anv\u00e4ndaren har \u00e5tkomst till en webbsida. De anv\u00e4nds vanligtvis f\u00f6r att lagra information som endast \u00e4r intressant att beh\u00e5lla f\u00f6r den tj\u00e4nst som anv\u00e4ndaren beg\u00e4r vid en enda tillf\u00e4lle.<\/p>\n<p>Om anv\u00e4ndaren accepterar tredjepartskakor m\u00e5ste de tas bort fr\u00e5n webbl\u00e4sarens alternativ eller fr\u00e5n det system som erbjuds av tredje part om de senare vill \u00e5terkalla sitt samtycke. D\u00e4rf\u00f6r rekommenderas anv\u00e4ndarna att konsultera sina respektive sekretesspolicyer f\u00f6r mer information.<\/p>\n<h3>(i) Tekniska och strikt n\u00f6dv\u00e4ndiga kakor<\/h3>\n<p>Dessa kakor \u00e4r n\u00f6dv\u00e4ndiga f\u00f6r r\u00e4tt funktion av v\u00e5r webbplats. De till\u00e5ter anv\u00e4ndaren att navigera genom webbplatsen och anv\u00e4nda olika alternativ eller tj\u00e4nster som \u00e4r tillg\u00e4ngliga, som att identifiera sessionen, spr\u00e5ket, f\u00e5 tillg\u00e5ng till begr\u00e4nsade delar, kontrollera bedr\u00e4geri kopplat till s\u00e4kerheten och utv\u00e4rdera tj\u00e4nstens effektivitet. Denna typ av kakor kan installeras utan anv\u00e4ndarens tidigare samtycke om de \u00e4r n\u00f6dv\u00e4ndiga f\u00f6r att aktivera webbplatsens funktioner. Utan dessa kakor kan webbplatsen inte fungera korrekt.<\/p>\n<h3>(ii) Analys- och prestandakakor<\/h3>\n<p>De \u00e4r de som, bearbetade av oss eller av tredje parter, m\u00f6jligg\u00f6r kvantifiering av antalet anv\u00e4ndare, genomf\u00f6ra m\u00e4tningar och statistisk analys av den anv\u00e4ndning som g\u00f6rs av webbplatsen och de erbjudna produkterna eller tj\u00e4nsterna. F\u00f6r detta \u00e4ndam\u00e5l analyseras webbplatsens navigering f\u00f6r att f\u00f6rb\u00e4ttra erbjudandet av de erbjudna produkterna eller tj\u00e4nsterna.<\/p>\n<p>Den information som erh\u00e5lls av dessa kakor till\u00e5ter inte identifikation av anv\u00e4ndarna personligen. All information som erh\u00e5lls \u00e4r sammanst\u00e4lld och d\u00e4rmed anonym. Syftet med dessa kakor \u00e4r att erh\u00e5lla statistik och rapporter som m\u00f6jligg\u00f6r f\u00f6rb\u00e4ttringen av v\u00e5r webbplatsfunktion.<\/p>\n<p>Dessa kakor installeras endast p\u00e5 anv\u00e4ndarens enhet n\u00e4r de accepteras.<\/p>\n<h3>Lista \u00f6ver analyskakor:<\/h3>\n<table border=\"1\">\n   <tbody><tr>\n      <th style=\"padding:10px\">Kaka<\/th>\n      <th style=\"padding:10px\">Egen eller tredje part<\/th>\n      <th style=\"padding:10px\">Varaktighet<\/th>\n      <th style=\"padding:10px\">Syfte<\/th>\n      <th style=\"padding:10px\">L\u00e4nk till tredje parts integritetspolicy<\/th>\n   <\/tr>\n   <tr>\n      <td style=\"padding:10px\">_ga<\/td>\n      <td style=\"padding:10px\">Google Analytics<\/td>\n      <td style=\"padding:10px\">2 \u00e5r<\/td>\n      <td style=\"padding:10px\">Detta \u00e4r en analyscookie fr\u00e5n Google Analytics som anv\u00e4nds f\u00f6r att ber\u00e4kna bes\u00f6kar-, session- och kampanjdata samt sp\u00e5ra anv\u00e4ndningen av webbplatsen f\u00f6r analysrapporten. Cookies lagrar information anonymt och tilldelar ett slumpm\u00e4ssigt genererat nummer f\u00f6r att identifiera unika bes\u00f6kare.<\/td>\n      <td style=\"padding:10px\">Du kan konsultera Google Analytics integritetspolicy genom f\u00f6ljande l\u00e4nk: <a href=\"#politicaprivacidad\" onclick=\"open_overlay_pol()\"><u>Integritetspolicy<\/u><\/a><\/td>\n   <\/tr>\n   <tr>\n      <td style=\"padding:10px\">_ga_7TY1VP5SH5<\/td>\n      <td style=\"padding:10px\">Google Analytics<\/td>\n      <td style=\"padding:10px\">2 \u00e5r<\/td>\n      <td style=\"padding:10px\">Detta \u00e4r en analyscookie fr\u00e5n Google Analytics som anv\u00e4nds f\u00f6r att ber\u00e4kna bes\u00f6kar-, session- och kampanjdata samt sp\u00e5ra anv\u00e4ndningen av webbplatsen f\u00f6r analysrapporten. Cookies lagrar information anonymt och tilldelar ett slumpm\u00e4ssigt genererat nummer f\u00f6r att identifiera unika bes\u00f6kare.<\/td>\n      <td style=\"padding:10px\">Du kan konsultera Google Analytics integritetspolicy genom f\u00f6ljande l\u00e4nk: <a href=\"#politicaprivacidad\" onclick=\"open_overlay_pol()\"><u>Integritetspolicy<\/u><\/a><\/td>\n   <\/tr>\n<\/tbody><\/table>\n<h3>(iii) Sociala kakor<\/h3>\n<p>Vissa tj\u00e4nster kan anv\u00e4nda anslutningar till olika sociala n\u00e4tverk som till exempel Facebook, Twitter, Instagram, LinkedIn eller YouTube. Genom att anv\u00e4nda social registrering ger anv\u00e4ndaren till\u00e5telse f\u00f6r det sociala n\u00e4tverket att placera sina kakor och till\u00e5ter att presentationen av komponenten \u00e5terh\u00e4mtas fr\u00e5n operat\u00f6rens server f\u00f6r det sociala n\u00e4tverket.<\/p>\n<p>Dessutom, n\u00e4r anv\u00e4ndaren bes\u00f6ker v\u00e5r webbplats, uppr\u00e4ttas en direkt anslutning mellan deras webbl\u00e4sare och operat\u00f6rens server f\u00f6r det sociala n\u00e4tverket via det sociala n\u00e4tverkets komponent. F\u00f6ljaktligen kan det sociala n\u00e4tverket f\u00e5 information om vilka specifika webbsidor anv\u00e4ndaren har bes\u00f6kt genom IP-adressen. Emellertid har inte f\u00f6retaget tillg\u00e5ng till inneh\u00e5llet i de \u00f6verf\u00f6rda datan eller anv\u00e4ndningen av det sociala n\u00e4tverket. Denna policy g\u00e4ller inte f\u00f6r behandlingen som utf\u00f6rs av sociala n\u00e4tverk. F\u00f6retaget ansvarar d\u00e4rf\u00f6r inte f\u00f6r skyddet av personuppgifter n\u00e4r dessa webbplatser \u00f6ppnas.<\/p>\n<p>Anv\u00e4ndaren kan hitta mer information om deras anv\u00e4ndning i respektive integritetspolicy f\u00f6r sociala n\u00e4tverk:<\/p>\n<p>Facebook: <a target=\"_blank\" href=\"https:\/\/www.facebook.com\/policy.php\"><u>https:\/\/www.facebook.com\/policy.php<\/u><\/a><\/p>\n<p>Twitter: <a target=\"_blank\" href=\"https:\/\/twitter.com\/privacy?lang=en\"><u>https:\/\/twitter.com\/privacy?lang=en<\/u><\/a><\/p>\n<p>Instagram: <a target=\"_blank\" href=\"https:\/\/www.instagram.com\/about\/legal\/privacy\/\"><u>https:\/\/www.instagram.com\/about\/legal\/privacy\/<\/u><\/a><\/p>\n<p>LinkedIn: <a target=\"_blank\" href=\"https:\/\/www.linkedin.com\/legal\/privacy-policy\"><u>https:\/\/www.linkedin.com\/legal\/privacy-policy<\/u><\/a><\/p>\n<p>YouTube: <a target=\"_blank\" href=\"https:\/\/policies.google.com\/privacy?hl=en\"><u>https:\/\/policies.google.com\/privacy?hl=en<\/u><\/a><\/p>\n<h2>Vilka \u00e4r lagringstiderna?<\/h2>\n<p>De anv\u00e4nda kakorna kommer att lagras p\u00e5 enheten under den tid som kr\u00e4vs f\u00f6r det syfte de installerades f\u00f6r, och som l\u00e4ngst under den specifika varaktigheten f\u00f6r varje kaka, om inte anv\u00e4ndaren beslutar att dra tillbaka sitt samtycke eller ta bort dem via webbl\u00e4sarens konfigurationsalternativ.<\/p>\n<h2>Internationella \u00f6verf\u00f6ringar?<\/h2>\n<p>Vissa av de personuppgifter som erh\u00e5lls genom tredjepartskakor kommer att vara f\u00f6rem\u00e5l f\u00f6r internationella \u00f6verf\u00f6ringar. F\u00f6r mer information om internationella \u00f6verf\u00f6ringar till tredjel\u00e4nder som utf\u00f6rs av varje tredje part b\u00f6r anv\u00e4ndaren ta del av deras respektive integritetspolicy.<\/p>\n<h2>Hur accepterar, avvisar, blockerar eller tar bort man kakor?<\/h2>\n<p>Anv\u00e4ndaren kan till\u00e5ta, blockera eller ta bort kakor genom webbl\u00e4sarens konfigurationsverktyg, eller s\u00e5 kan de konfigurera webbl\u00e4saren f\u00f6r att bli meddelad n\u00e4r en server vill spara en kaka:<\/p>\n<p>a) Microsoft Internet Explorer: Se alternativet under Verktyg &gt; Internetalternativ &gt; Sekretess &gt; Inst\u00e4llningar. F\u00f6r mer information, bes\u00f6k:<br><a target=\"_blank\" href=\"http:\/\/windows.microsoft.com\/sv-se\/windows-vista\/block-or-allow-cookies\"><u>http:\/\/windows.microsoft.com\/sv-se\/windows-vista\/block-or-allow-cookies<\/u><\/a> och <a target=\"_blank\" href=\"http:\/\/windows.microsoft.com\/sv-se\/windows7\/how-to-manage-cookies-in-internet-explorer-9\"><u>http:\/\/windows.microsoft.com\/sv-se\/windows7\/how-to-manage-cookies-in-internet-explorer-9<\/u><\/a>.<\/p>\n<p>b) Firefox: Se alternativet under Verktyg &gt; Alternativ &gt; Sekretess &gt; Kakor. F\u00f6r mer information, bes\u00f6k:<br><a target=\"_blank\" href=\"https:\/\/support.mozilla.org\/sv\/kb\/habilitar-y-deshabilitar-cookies-sitios-web-rastrear-preferencias?redirectlocale=sv&amp;redirectslug=habilitar-y-deshabilitar-cookies-que-los-sitios-we\"><u>https:\/\/support.mozilla.org\/sv\/kb\/habilitar-y-deshabilitar-cookies-sitios-web-rastrear-preferencias?redirectlocale=sv&amp;redirectslug=habilitar-y-deshabilitar-cookies-que-los-sitios-we<\/u><\/a>.<\/p>\n<p>c) Chrome: Se avsnittet Alternativ &gt; Avancerade alternativ &gt; Sekretess. F\u00f6r mer information:<br><a target=\"_blank\" href=\"https:\/\/support.google.com\/accounts\/answer\/61416?hl=sv\"><u>https:\/\/support.google.com\/accounts\/answer\/61416?hl=sv<\/u><\/a>.<\/p>\n<p>d) Opera: Se alternativet f\u00f6r S\u00e4kerhet och Sekretess. F\u00f6r mer information, bes\u00f6k:<br><a target=\"_blank\" href=\"http:\/\/help.opera.com\/Windows\/11.50\/sv-SE\/cookies.html\"><u>http:\/\/help.opera.com\/Windows\/11.50\/sv-SE\/cookies.html<\/u><\/a>.<\/p>\n<p>e) Safari: Se alternativet under menyn Inst\u00e4llningar\/Sekretess. Mer information p\u00e5:<br><a target=\"_blank\" href=\"http:\/\/support.apple.com\/sv-se\/HT1677?viewlocale=sv_SE\"><u>http:\/\/support.apple.com\/sv-se\/HT1677?viewlocale=sv_SE<\/u><\/a>.<\/p>\n<p>P\u00e5 samma s\u00e4tt till\u00e5ter webbl\u00e4sarna p\u00e5 mobila enheter att g\u00f6ra sekretessinst\u00e4llningar f\u00f6r att inaktivera eller ta bort kakor. Om anv\u00e4ndaren vill \u00e4ndra sekretessalternativen b\u00f6r de f\u00f6lja utvecklarens specifika anvisningar f\u00f6r sin mobila webbl\u00e4sare.<\/p>\n<p>H\u00e4r nedan finns n\u00e5gra exempel som kommer att guida anv\u00e4ndarna f\u00f6r att \u00e4ndra sekretessalternativen p\u00e5 sina mobila enheter:<\/p>\n<p>a) Safari f\u00f6r IOS: <a target=\"_blank\" href=\"https:\/\/support.apple.com\/sv-se\/HT201265\"><u>https:\/\/support.apple.com\/sv-se\/HT201265<\/u><\/a><\/p>\n<p>b) Firefox f\u00f6r Android: <a target=\"_blank\" href=\"https:\/\/support.mozilla.org\/sv\/kb\/bloquear-cookies-en-firefox-focus-para-android\"><u>https:\/\/support.mozilla.org\/sv\/kb\/bloquear-cookies-en-firefox-focus-para-android<\/u><\/a><\/p>\n<p>c) Chrome f\u00f6r Android: <a target=\"_blank\" href=\"https:\/\/support.google.com\/accounts\/answer\/32050?co=GENIE.Platform%3DAndroid&amp;hl=sv&amp;oco=0\"><u>https:\/\/support.google.com\/accounts\/answer\/32050?co=GENIE.Platform%3DAndroid&amp;hl=sv&amp;oco=0<\/u><\/a><\/p>\n<p>d) Chrome f\u00f6r IOS: <a target=\"_blank\" href=\"https:\/\/support.google.com\/accounts\/answer\/32050?co=GENIE.Platform%3DiOS&amp;hl=sv&amp;oco=0\"><u>https:\/\/support.google.com\/accounts\/answer\/32050?co=GENIE.Platform%3DiOS&amp;hl=sv&amp;oco=0<\/u><\/a><\/p>\n<h2>Uppdateringar i Kakopolicyn<\/h2>\n<p>V\u00e5r Kakopolicy kan uppdateras som ett resultat av lag\u00e4ndringar och krav, liksom f\u00f6rb\u00e4ttringar och f\u00f6r\u00e4ndringar i hur vi erbjuder och tillhandah\u00e5ller v\u00e5ra tj\u00e4nster. D\u00e4rf\u00f6r rekommenderas anv\u00e4ndarna att regelbundet bes\u00f6ka och ta del av v\u00e5r Kakopolicy f\u00f6r att kunna k\u00e4nna till de senaste \u00e4ndringarna som kan ha inf\u00f6rts. Om s\u00e5dana \u00e4ndringar r\u00f6r det givna samtycket kommer ett separat och oberoende meddelande att skickas f\u00f6r att inh\u00e4mta samtycke p\u00e5 nytt.<\/p>\n<h2>Kontakt<\/h2>\n<p>Anv\u00e4ndarna kan f\u00e5 mer information om behandlingen av data som utf\u00f6rs av S\u00e4llskapet, liksom hur de ut\u00f6var sina r\u00e4ttigheter i v\u00e5r Integritetspolicy. Dessutom kan anv\u00e4ndarna kontakta Arkeero direkt via e-post: dpd@arkeero.com eller p\u00e5 den ovan angivna adressen.<\/p><style>\n.pol_cookie_btn{\n\tborder:1px solid #ccc;\n\tbox-sizing:border-box;\n\tpadding:5px;\n\ttext-align:left;\n\twidth:100px;\n\tfloat:right;\n\tfont-size:14px;\n\tline-height:14px;\n\tcolor:#999;\n\tbackground-color:#FFF;\n\tmargin-right:10px;\n\tcursor:pointer;\n}\n.pol_cookie_btn[estado=\"seleccionado\"]{\n\tborder:1px solid #000;\n\tcolor:#fff;\n\tbackground-color:#666;\n\tcursor:default;\n}\n<\/style>\n<script>\nfunction pol_cookie_accion(id_pc,accion_pc){\n\tlocalStorage.setItem('pol_cookie_'+id_pc, accion_pc);\n\t$('.pol_cookie_btn[id_pc=\"'+id_pc+'\"][accion_pc=\"Aceptar\"]').attr(\"estado\", \"\");\n\t$('.pol_cookie_btn[id_pc=\"'+id_pc+'\"][accion_pc=\"Rechazar\"]').attr(\"estado\", \"\");\n\tif(accion_pc==\"Aceptar\"){\n\t\t$('.pol_cookie_btn[id_pc=\"'+id_pc+'\"][accion_pc=\"Aceptar\"]').attr(\"estado\", \"seleccionado\");\n\t}else if(accion_pc==\"Rechazar\"){\n\t\t$('.pol_cookie_btn[id_pc=\"'+id_pc+'\"][accion_pc=\"Rechazar\"]').attr(\"estado\", \"seleccionado\");\n\t}\n}\nfunction pol_cookie_click(n,accion){\n\tpol_cookie_accion(n,accion);\n}\n\n$( document ).ready(function() {\n\tvar i;\n\tfor (i = 1; i <= 6; i++) { \n\t\tif(localStorage.getItem('pol_cookie_'+i)==\"Aceptar\" || localStorage.getItem('pol_cookie_'+i)==\"Rechazar\"){\n\t\t\tpol_cookie_accion(i,localStorage.getItem('pol_cookie_'+i));\n\t\t}else{\n\t\t\tpol_cookie_accion(i,\"Aceptar\");\n\t\t}\n\t}\n});\n<\/script>\n<br>\n<strong>USTED PERMITE:<\/strong>\n<br>\n<table width=\"100%\" border=\"0\" cellspacing=\"0\" cellpadding=\"10\">\n  <tbody><tr>\n    <td valign=\"top\">Dela din webbl\u00e4saranalys och intressegrupper med tredje part<\/td>\n    <td valign=\"top\"><div class=\"pol_cookie_btn\" id_pc=\"1\" accion_pc=\"Aceptar\" onclick=\"pol_cookie_click('1','Aceptar')\" estado=\"seleccionado\">\u2713&nbsp;&nbsp;&nbsp;Acceptera<\/div><div class=\"pol_cookie_btn\" id_pc=\"1\" accion_pc=\"Rechazar\" onclick=\"pol_cookie_click('1','Rechazar')\" estado=\"\">X&nbsp;&nbsp;&nbsp;Avvisa<\/div><\/td>\n  <\/tr>\n  <tr>\n    <td valign=\"top\">\u00c5tkomst och lagring av data<\/td>\n    <td valign=\"top\"><div class=\"pol_cookie_btn\" id_pc=\"2\" accion_pc=\"Aceptar\" onclick=\"pol_cookie_click('2','Aceptar')\" estado=\"seleccionado\">\u2713&nbsp;&nbsp;&nbsp;Acceptera<\/div><div class=\"pol_cookie_btn\" id_pc=\"2\" accion_pc=\"Rechazar\" onclick=\"pol_cookie_click('2','Rechazar')\" estado=\"\">X&nbsp;&nbsp;&nbsp;Avvisa<\/div><\/td>\n  <\/tr>\n  <tr>\n    <td valign=\"top\">Anpassning<\/td>\n    <td valign=\"top\"><div class=\"pol_cookie_btn\" id_pc=\"3\" accion_pc=\"Aceptar\" onclick=\"pol_cookie_click('3','Aceptar')\" estado=\"seleccionado\">\u2713&nbsp;&nbsp;&nbsp;Acceptera<\/div><div class=\"pol_cookie_btn\" id_pc=\"3\" accion_pc=\"Rechazar\" onclick=\"pol_cookie_click('3','Rechazar')\" estado=\"\">X&nbsp;&nbsp;&nbsp;Avvisa<\/div><\/td>\n  <\/tr>\n  <tr>\n    <td valign=\"top\">Val, leverans och rapportering av inneh\u00e5ll<\/td>\n    <td valign=\"top\"><div class=\"pol_cookie_btn\" id_pc=\"4\" accion_pc=\"Aceptar\" onclick=\"pol_cookie_click('4','Aceptar')\" estado=\"seleccionado\">\u2713&nbsp;&nbsp;&nbsp;Acceptera<\/div><div class=\"pol_cookie_btn\" id_pc=\"4\" accion_pc=\"Rechazar\" onclick=\"pol_cookie_click('4','Rechazar')\" estado=\"\">X&nbsp;&nbsp;&nbsp;Avvisa<\/div><\/td>\n  <\/tr>\n  <tr>\n    <td valign=\"top\">Val, leverans och rapportering av annonser<\/td>\n    <td valign=\"top\"><div class=\"pol_cookie_btn\" id_pc=\"5\" accion_pc=\"Aceptar\" onclick=\"pol_cookie_click('5','Aceptar')\" estado=\"seleccionado\">\u2713&nbsp;&nbsp;&nbsp;Acceptera<\/div><div class=\"pol_cookie_btn\" id_pc=\"5\" accion_pc=\"Rechazar\" onclick=\"pol_cookie_click('5','Rechazar')\" estado=\"\">X&nbsp;&nbsp;&nbsp;Avvisa<\/div><\/td>\n  <\/tr>\n  <tr>\n    <td valign=\"top\">M\u00e4tning<\/td>\n    <td valign=\"top\"><div class=\"pol_cookie_btn\" id_pc=\"6\" accion_pc=\"Aceptar\" onclick=\"pol_cookie_click('6','Aceptar')\" estado=\"seleccionado\">\u2713&nbsp;&nbsp;&nbsp;Acceptera<\/div><div class=\"pol_cookie_btn\" id_pc=\"6\" accion_pc=\"Rechazar\" onclick=\"pol_cookie_click('6','Rechazar')\" estado=\"\">X&nbsp;&nbsp;&nbsp;Avvisa<\/div><\/td>\n  <\/tr>\n<\/tbody><\/table>\n<script>\nfunction pol_cookie_accion(id_pc, accion_pc) {\n    localStorage.setItem('pol_cookie_' + id_pc, accion_pc);\n    var aceptarBtn = document.querySelector('.pol_cookie_btn[id_pc=\"' + id_pc + '\"][accion_pc=\"Aceptar\"]');\n    var rechazarBtn = document.querySelector('.pol_cookie_btn[id_pc=\"' + id_pc + '\"][accion_pc=\"Rechazar\"]');\n    \n    aceptarBtn.setAttribute(\"estado\", \"\");\n    rechazarBtn.setAttribute(\"estado\", \"\");\n    \n    if (accion_pc === \"Aceptar\") {\n        aceptarBtn.setAttribute(\"estado\", \"seleccionado\");\n    } else if (accion_pc === \"Rechazar\") {\n        rechazarBtn.setAttribute(\"estado\", \"seleccionado\");\n    }\n}\n\nfunction pol_cookie_click(n, accion) {\n    pol_cookie_accion(n, accion);\n}\n\ndocument.addEventListener(\"DOMContentLoaded\", function() {\n    for (var i = 1; i <= 6; i++) {\n        if (localStorage.getItem('pol_cookie_' + i) === \"Aceptar\" || localStorage.getItem('pol_cookie_' + i) === \"Rechazar\") {\n            pol_cookie_accion(i, localStorage.getItem('pol_cookie_' + i));\n        } else {\n            pol_cookie_accion(i, \"Aceptar\");\n        }\n    }\n});\n<\/script>\t\t\t\t\t\t<\/div>\n\t\t\t\t<\/div>\n\t\t\t\t\t<\/div>\n\t\t\t\t<\/div>\n\t\t\t\t\t\t\t<\/div>\n\t\t","protected":false},"excerpt":{"rendered":"<p>Denna Kakorpolicy utg\u00f6r en del av och kompletterar Webbplatsens Integritetspolicy. \u00c4garen \u00e4r ROCK INTERNET S.L. (nedan kallat &#8220;Arkeero&#8221; eller &#8220;S\u00e4llskapet&#8221;) med momsregistreringsnummer: B- 86907953 och s\u00e4te: C\/Barquillo N.\u00ba 8 izq., 28004 Madrid, (Spanien). Registreringsuppgifter: Handelsregistret i Madrid, Tomo 31853, Blad 1, Inskription 1, H\u00e4fta M-573205 E-postkontakt dpd@arkeero.com Denna webbplats anv\u00e4nder kakor eller andra enheter f\u00f6r&#8230;<\/p>\n","protected":false},"author":1,"featured_media":0,"parent":0,"menu_order":0,"comment_status":"closed","ping_status":"closed","template":"","meta":{"_monsterinsights_skip_tracking":false,"_monsterinsights_sitenote_active":false,"_monsterinsights_sitenote_note":"","_monsterinsights_sitenote_category":0,"footnotes":""},"acf":[],"aioseo_notices":[],"_links":{"self":[{"href":"https:\/\/ghughu.com\/sv\/wp-json\/wp\/v2\/pages\/1296"}],"collection":[{"href":"https:\/\/ghughu.com\/sv\/wp-json\/wp\/v2\/pages"}],"about":[{"href":"https:\/\/ghughu.com\/sv\/wp-json\/wp\/v2\/types\/page"}],"author":[{"embeddable":true,"href":"https:\/\/ghughu.com\/sv\/wp-json\/wp\/v2\/users\/1"}],"replies":[{"embeddable":true,"href":"https:\/\/ghughu.com\/sv\/wp-json\/wp\/v2\/comments?post=1296"}],"version-history":[{"count":20,"href":"https:\/\/ghughu.com\/sv\/wp-json\/wp\/v2\/pages\/1296\/revisions"}],"predecessor-version":[{"id":1421,"href":"https:\/\/ghughu.com\/sv\/wp-json\/wp\/v2\/pages\/1296\/revisions\/1421"}],"wp:attachment":[{"href":"https:\/\/ghughu.com\/sv\/wp-json\/wp\/v2\/media?parent=1296"}],"curies":[{"name":"wp","href":"https:\/\/api.w.org\/{rel}","templated":true}]}}