{"id":1297,"date":"2024-01-03T15:58:02","date_gmt":"2024-01-03T15:58:02","guid":{"rendered":"https:\/\/ghughu.com\/it\/?page_id=1297"},"modified":"2024-01-11T14:53:35","modified_gmt":"2024-01-11T14:53:35","slug":"avviso-legale","status":"publish","type":"page","link":"https:\/\/ghughu.com\/it\/avviso-legale\/","title":{"rendered":"Avviso Legale"},"content":{"rendered":"\t\t<div data-elementor-type=\"wp-page\" data-elementor-id=\"1297\" class=\"elementor elementor-1297\">\n\t\t\t\t\t\t\t<div class=\"elementor-element elementor-element-49d4263c e-flex e-con-boxed e-con e-parent\" data-id=\"49d4263c\" data-element_type=\"container\" data-settings=\"{&quot;content_width&quot;:&quot;boxed&quot;}\" data-core-v316-plus=\"true\">\n\t\t\t\t\t<div class=\"e-con-inner\">\n\t\t\t\t<div class=\"elementor-element elementor-element-752fc7e6 elementor-widget elementor-widget-text-editor\" data-id=\"752fc7e6\" data-element_type=\"widget\" data-widget_type=\"text-editor.default\">\n\t\t\t\t<div class=\"elementor-widget-container\">\n\t\t\t<style>\/*! elementor - v3.18.0 - 20-12-2023 *\/\n.elementor-widget-text-editor.elementor-drop-cap-view-stacked .elementor-drop-cap{background-color:#69727d;color:#fff}.elementor-widget-text-editor.elementor-drop-cap-view-framed .elementor-drop-cap{color:#69727d;border:3px solid;background-color:transparent}.elementor-widget-text-editor:not(.elementor-drop-cap-view-default) .elementor-drop-cap{margin-top:8px}.elementor-widget-text-editor:not(.elementor-drop-cap-view-default) .elementor-drop-cap-letter{width:1em;height:1em}.elementor-widget-text-editor .elementor-drop-cap{float:left;text-align:center;line-height:1;font-size:50px}.elementor-widget-text-editor .elementor-drop-cap-letter{display:inline-block}<\/style>\t\t\t\tI presenti termini e condizioni generali d\u00b4uso (di seguito &#8220;Termini d\u00b4Uso&#8221;) regolano i diritti e gli obblighi derivanti dall\u00b4accesso, dalla navigazione e dall\u00b4utilizzo da parte degli utenti del dominio <a href=\"https:\/\/ghughu.com\" target=\"_blank\" rel=\"noopener\">https:\/\/ghughu.com<\/a> (di seguito il &#8220;Sito Web&#8221;), nonch\u00e9 l\u00b4uso e la fornitura dei servizi (i &#8220;Servizi&#8221;) offerti attraverso il Sito Web.\n\nIl Sito Web \u00e8 disponibile in diverse lingue. In caso di conflitto tra la versione in spagnolo e altre lingue di questi Termini d\u00b4Uso, la versione in spagnolo prevarr\u00e0 sulle altre.\n<table>\n<tbody>\n<tr>\n<td>\n<h3>1. &#8211; Responsabile del trattamento e proprietario<\/h3>\n<\/td>\n<\/tr>\n<tr>\n<td>Il titolare del Sito Web e responsabile del trattamento dei dati raccolti \u00e8 ROCK INTERNET S.L. (di seguito &#8220;Arkeero&#8221; o la &#8220;Societ\u00e0&#8221;) con P.IVA: B-86907953 e sede legale: C\/Barquillo n\u00ba8, 2\u00aaizq, 28004 Madrid, (Spagna). Dati di registrazione: Registro Mercantil de Madrid, Tomo 31853, Folio 1, Inscripci\u00f3n 1, Hoja M-573205. Indirizzo email di contatto dpd@arkeero.com o tramite la sezione &#8220;Contatto&#8221; appositamente predisposta sul Sito Web.<\/td>\n<\/tr>\n<tr>\n<td>\n<h3>2. &#8211; Accesso, navigazione e sicurezza<\/h3>\n<\/td>\n<\/tr>\n<tr>\n<td>Accedendo, navigando, registrandosi e utilizzando il Sito Web, gli Utenti accettano espressamente di conoscere gli avvisi legali, le condizioni e i termini d\u00b4uso contenuti nel Sito Web nella versione pubblicata al momento dell\u00b4accesso, senza alcuna riserva. Ai fini di questi Termini d\u00b4Uso, ci si riferir\u00e0 sia agli utenti registrati che non registrati congiuntamente come &#8220;Utenti&#8221;.\n\nDi conseguenza, L\u00b4UTENTE DICHIARA E RICONOSCE: (I) DI AVER LETTO, COMPRESO E COMPRENSO INTEGRALMENTE I PRESENTI TERMINI D\u00b4USO, LA POLITICA DEI COOKIE E LA POLITICA SULLA PRIVACY ACCETTANDOLI SENZA RISERVA; (II) DI ESSERE UNA PERSONA CON CAPACIT\u00c0 ADEGUATA PER CONTRARRE, ESSENDO L\u00b4UNICO RESPONSABILE DELLA VERIDICIT\u00c0 E DELL\u00b4ESATTEZZA DEI DATI FORNITI; E (III) DI ASSUMERE TUTTI GLI OBLIGHI QUI DISPOSTI.\n\nAl contrario, se gli Utenti non sono d\u00b4accordo con questi Termini d\u00b4Uso o parte di essi, possono astenersi dall\u00b4utilizzare il nostro Sito Web e\/o i Servizi offerti.\n\nIn Arkeero facciamo il massimo sforzo affinch\u00e9 la navigazione avvenga nelle migliori condizioni possibili e per evitare errori durante la stessa. Tuttavia, non ci assumiamo la responsabilit\u00e0 n\u00e9 garantiamo che l\u00b4accesso a questo Sito Web sia ininterrotto o privo di errori. Allo stesso modo, non si garantisce che i contenuti accessibili attraverso questo Sito Web siano privi di errori o causino danni.\n\nInoltre, la Societ\u00e0 si riserva il diritto di monitorare l\u00b4accesso e\/o l\u00b4utilizzo del Sito Web, nonch\u00e9 di adottare misure tecniche necessarie per verificare che si stia facendo un uso conforme a questi Termini d\u00b4Uso e alla legislazione vigente e, di conseguenza, si riserva, senza preavviso, il diritto di sospendere, eliminare, limitare o impedire l\u00b4accesso al Sito Web e\/o ai Servizi quando si verifichino anomalie o difficolt\u00e0 tecniche dovute a fatti o circostanze al di fuori del suo controllo che (i) diminuiscano o annullino i livelli di sicurezza adottati per il corretto funzionamento del Sito Web o (ii) per ragioni di manutenzione.\n\nSi consiglia agli Utenti di leggere periodicamente questi Termini d\u00b4Uso ogni volta che accedono al Sito Web e\/o ai nostri Servizi.<\/td>\n<\/tr>\n<tr>\n<td>\n<h3>3. &#8211; Servizi<\/h3>\n<\/td>\n<\/tr>\n<tr>\n<td>L\u00b4accesso e l\u00b4utilizzo di determinati Servizi e\/o contenuti offerti all\u00b4Utente sul Sito Web sono soggetti a determinate condizioni particolari che integrano i presenti Termini d\u00b4Uso. L\u00b4utilizzo di tali Servizi e contenuti esprimer\u00e0 in ogni caso l\u00b4accettazione completa e incondizionata dei Termini d\u00b4Uso nella versione pubblicata da Arkeero al momento dell\u00b4accesso ai Servizi. In caso di conflitto tra i Termini d\u00b4Uso e le condizioni particolari, queste ultime prevarranno. Lo scopo di Arkeero \u00e8 fornire un Sito Web che offre Servizi informativi agli Utenti nell\u00b4ambito di determinati prodotti finanziari, fornendo in modo imparziale le informazioni necessarie sulle diverse opzioni offerte da terze parti e criteri utili per facilitare la presa di decisioni in merito al prodotto pi\u00f9 adatto alle loro esigenze e la conseguente contrattazione operativa per essi.\n\nArkeero pu\u00f2 intermediare nella formalizzazione dei contratti con i fornitori terzi i cui servizi e prodotti offre attraverso il Sito Web. Tuttavia, i contratti per la fornitura dei prodotti e dei servizi offerti saranno vincolanti esclusivamente con i titolari degli stessi, ovvero le terze entit\u00e0 che offrono i prodotti o servizi contenuti nel Sito Web (di seguito &#8220;Terzi Fornitori&#8221;).\n\nArkeero offrir\u00e0 agli Utenti, in modo generale o personalizzato in base alle informazioni fornite, i prodotti e le condizioni disponibili (l\u00b4&#8221;Offerta&#8221;). \u00c8 obbligo e responsabilit\u00e0 degli Utenti leggere attentamente le condizioni disponibili, verificare le informazioni e scegliere il prodotto ritenuto opportuno in base ai propri interessi.\n\nArkeero pu\u00f2 inviare le Offerte disponibili per un determinato prodotto o servizio via email, nei casi in cui gli Utenti abbiano fornito il loro indirizzo email a tal fine. Tuttavia, Arkeero non interviene nella fornitura finale del servizio o del prodotto contrattato, agendo solo come un semplice comparatore e intermediario nel caso in cui gli Utenti decidano di contrattare uno dei prodotti o servizi offerti nel Sito Web. Per ricevere informazioni aggiuntive o elaborare un\u00b4Offerta, Arkeero mette a disposizione degli Utenti diversi mezzi, come, a titolo esemplificativo ma non esaustivo: (i) essere reindirizzati alla pagina del Terzo Fornitore del servizio o prodotto scelto, per poter contrattare direttamente attraverso il suo sito web; (ii) ottenere i dati di contatto del servizio o prodotto per contrattare telefonicamente l\u00b4Offerta; o (iii) fornire i dati di contatto per essere contattati direttamente dal Terzo Fornitore. In ogni caso, si ricorda agli Utenti che le Offerte sono fornite direttamente dai Terzi Fornitori del servizio o del prodotto di loro interesse. Le Offerte possono essere modificate in qualsiasi momento dai Terzi Fornitori. Pertanto, si consiglia agli Utenti di verificare con i rispettivi Terzi Fornitori, prima di procedere alla contrattazione, i termini e le condizioni finali di contrattazione relativi al prodotto o servizio scelto. ARKEERO NON ASSUME ALCUNA RESPONSABILIT\u00c0 DERIVANTE DALLA DISPONIBILIT\u00c0, VERIDICIT\u00c0, SCOPO O ESATTEZZA DI TALI OFFERTE O DALLE CONTINGENZE O DANNI DERIVANTI DALL\u00b4USO O DAL GODIMENTO DEL PRODOTTO O SERVIZIO CONTRATTATO CON IL TERZO FORNITORE.\n\nL\u00b4utilizzo di alcuni Servizi offerti agli Utenti pu\u00f2 essere soggetto a condizioni particolari proprie o dei terzi i cui servizi o prodotti sono offerti sul Sito Web, che, a seconda dei casi, sostituiscono, integrano e\/o modificano i presenti Termini d\u00b4Uso.\n\nQualsiasi Servizio \u00e8 offerto a persone di et\u00e0 superiore ai 18 anni. I minorenni non potranno utilizzare i Servizi offerti senza l\u00b4autorizzazione preventiva dei loro genitori, tutori o rappresentanti legali, che saranno gli unici responsabili di tutti gli atti compiuti attraverso il Sito Web dai minori a loro carico, compresa la compilazione dei moduli con i dati personali e, se del caso, la contrattazione dei Servizi, se del caso.\n\nArkeero si riserva la possibilit\u00e0 di modificare senza preavviso il design, la presentazione e\/o la configurazione del Sito Web, nonch\u00e9 di aggiungere nuovi Servizi e\/o modificare quelli esistenti. In ogni caso, nei casi in cui si verifichi una modifica sostanziale nella modalit\u00e0 di erogazione dei Servizi rispetto a quelli gi\u00e0 accettati dagli Utenti, saranno effettuate le comunicazioni opportune.<\/td>\n<\/tr>\n<tr>\n<td>\n<h3>4. &#8211; Procedura di registrazione degli Utenti<\/h3>\n<\/td>\n<\/tr>\n<tr>\n<td>L\u00b4accesso al Sito Web non richiede una registrazione preventiva. Tuttavia, per consultare determinati contenuti del Sito Web, contrattare un\u00b4Offerta specifica e ricevere le newsletter, sar\u00e0 necessaria la registrazione dell\u00b4Utente. Registrandosi o richiedendo un Servizio, l\u00b4Utente accetta integralmente i nostri testi legali contenuti nel Sito Web, che sono vincolanti. Pertanto, la Societ\u00e0 raccomanda di leggere integralmente prima di procedere alla registrazione, in particolare, la <a href=\"https:\/\/ghughu.com\/it\/informativa-sulla-privacy\/\"><u>Politica sulla privacy<\/u><\/a>.\n\nTutti i dati richiesti nel processo di registrazione sono opportunamente indicati con un asterisco (*) e devono essere compilati obbligatoriamente. La mancata compilazione del modulo liberer\u00e0 Arkeero da qualsiasi obbligo o azione legato a tali informazioni, potendo essere negato il rilascio come Utente e\/o la fornitura dei Servizi associati a tali dati.\n\nTutte le informazioni fornite come Utente devono essere accurate, veritiere e aggiornate. A tal fine, l\u00b4Utente garantisce la titolarit\u00e0, autenticit\u00e0 e aggiornamento in ogni momento dei dati comunicati, assumendosi l\u00b4unico responsabile delle dichiarazioni false o inesatte che rende e dei danni causati ad Arkeero e\/o a terzi a causa delle informazioni fornite. Allo stesso modo, gli Utenti devono tenere presente che nel caso in cui i dati e le informazioni fornite a tal fine non siano veritieri, il Terzo Fornitore dei prodotti o servizi scelti potrebbe decidere di non fornirli o modificare le condizioni di contrattazione.<\/td>\n<\/tr>\n<tr>\n<td>\n<h3>5.- Obblighi come Utente<\/h3>\n<\/td>\n<\/tr>\n<tr>\n<td>L\u00b4Utente si impegna a fare un uso diligente, corretto e lecito del Sito Web e dei Servizi accessibili \u00b4.\u00b4da esso, con totale conformit\u00e0 alla legge, alle buone abitudini e ai presenti Termini d\u00b4Uso (incluse, se del caso, le condizioni particolari e altri testi legali).\n\nSar\u00e0 responsabilit\u00e0 dell\u00b4Utente mantenere tutte le informazioni fornite ad Arkeero permanentemente aggiornate. Allo stesso modo, l\u00b4Utente \u00e8 l\u00b4unico responsabile delle relazioni che stabilisce con i Terzi Fornitori i cui servizi o prodotti sono offerti, essendo, in ogni caso, l\u00b4Utente l\u00b4unico responsabile delle dichiarazioni false o inesatte che fa e dei danni che causa ad Arkeero o a terzi per le informazioni fornite.\n\nGli Utenti possono contattare la Societ\u00e0 e interagire in determinate sezioni del Sito Web, con i contenuti delle Newsletter o condividendo contenuti o sezioni sui social media. Tuttavia, \u00e8 vietato: (i) impersonare un\u00b4altra persona o organizzazione; (ii) utilizzare un linguaggio irrispettoso e offensivo; (iii) presentare, citare e raccomandare aziende o portali web, e, in generale, compiere azioni di concorrenza sleale, marketing o spam.<\/td>\n<\/tr>\n<tr>\n<td>\n<h3>6.- Contenuti e collegamenti<\/h3>\n<\/td>\n<\/tr>\n<tr>\n<td>Il Sito Web offre Servizi e\/o contenuti relativi all\u00b4attivit\u00e0 di Arkeero e ai servizi e prodotti dei Terzi Fornitori. Questi sono puramente informativi, senza che in alcun caso ne sia garantita l\u00b4esattezza n\u00e9 costituiscano un consulenza professionale che possa essere determinante nella presa di decisioni. Il Sito Web pu\u00f2 contenere collegamenti a domini di terzi di propriet\u00e0 e gestione di tali terzi indipendenti su cui Arkeero non ha alcun tipo di controllo o propriet\u00e0.\n\nArkeero non garantisce n\u00e9 si assume alcuna responsabilit\u00e0, in alcun modo, per quei contenuti, attivit\u00e0 commerciali, prodotti e servizi che possono essere collegati, direttamente o indirettamente, al Sito Web. La presenza di tali collegamenti, salvo dichiarazione espressa in senso contrario, ha unicamente uno scopo informativo e, in nessun caso, implica suggerimento, invito o raccomandazione su di essi o che essi abbiano un carattere vincolante per Arkeero, spettando all\u00b4Utente verificare quante informazioni ritenga opportune.<\/td>\n<\/tr>\n<tr>\n<td>\n<h3>7.- Diritti di Propriet\u00e0 Intellettuale e Industriale<\/h3>\n<\/td>\n<\/tr>\n<tr>\n<td>A titolo esemplificativo e non esaustivo, testi, design, immagini, basi di dati, loghi e marchi e qualsiasi altro elemento del Sito Web sono protetti dai diritti di propriet\u00e0 intellettuale e industriale di Arkeero e\/o di terzi titolari con le debite autorizzazioni.\n\nArkeero si riserva tutti i diritti di sfruttamento della propriet\u00e0 intellettuale e industriale contenuta nel Sito Web, pertanto, in nessun caso, l\u00b4accesso, la navigazione e l\u00b4uso dello stesso implicheranno una rinuncia, una trasmissione, una licenza o una cessione totale o parziale di tali diritti.\n\nOgni riproduzione, trasmissione o distribuzione, adattamento, traduzione, modifica, comunicazione al pubblico o qualsiasi altra forma di sfruttamento di tutto o parte del contenuto del Sito Web, effettuata in qualsiasi modo o per qualsiasi mezzo, \u00e8 strettamente vietata salvo autorizzazione preventiva per iscritto da parte di Arkeero o di terzi titolari. Qualsiasi violazione di questi diritti potr\u00e0 dare luogo a tutti i procedimenti stragiudiziali o giudiziari civili o penali corrispondenti.\n\n\u00c8 consentito creare un collegamento al Sito Web a condizione che non sia correlato a dichiarazioni false, inesatte, scorrette, che possano indurre in errore o confondere o che siano contrarie alla legge, alla morale o alle buone abitudini o ai presenti Termini d\u00b4Uso. Tuttavia, \u00e8 vietato alterare, cambiare, modificare o adattare in alcun modo il Sito Web. L\u00b4Utente dispone unicamente di un diritto di utilizzo strettamente privato allo scopo di fruire dei contenuti e dei Servizi conformemente ai presenti Termini d\u00b4Uso.<\/td>\n<\/tr>\n<tr>\n<td>\n<h3>8. &#8211; Esclusione di Garanzie e Responsabilit\u00e0<\/h3>\n<\/td>\n<\/tr>\n<tr>\n<td>Arkeero si impegna a evitare qualsiasi errore nei contenuti che potrebbero apparire sul Sito Web. Tuttavia, non garantisce, n\u00e9 si assume la responsabilit\u00e0 delle conseguenze che potrebbero derivare dagli errori nei contenuti propri o di terzi che potrebbero comparire, n\u00e9 assume alcuna responsabilit\u00e0 derivante dalla veridicit\u00e0, completezza, precisione, liceit\u00e0 e\/o affidabilit\u00e0 delle informazioni fornite, pertanto si riserva il diritto di aggiornare, modificare o eliminare i contenuti, i Servizi e, in generale, tutti gli elementi che compongono il design e la configurazione del Sito Web in qualsiasi momento senza preavviso.\n\nArkeero ha adottato, entro le sue possibilit\u00e0 e nello stato attuale della tecnologia, tutte le misure ragionevoli per garantire il corretto funzionamento del Sito Web e cercher\u00e0 di risolvere i problemi che potrebbero sorgere e raggiungere una soluzione rapida e soddisfacente di fronte a qualsiasi inconveniente. Tuttavia, la Societ\u00e0 non garantisce in alcun caso l\u00b4affidabilit\u00e0, la disponibilit\u00e0 n\u00e9 la continuit\u00e0 del Sito Web. Il Sito Web viene fornito all\u00b4Utente &#8220;cos\u00ec com\u00b4\u00e8&#8221;, pertanto l\u00b4utilizzo da parte degli Utenti \u00e8 a proprio rischio e pericolo, senza alcuna responsabilit\u00e0 da parte di Arkeero al riguardo.\n\nNella misura massima consentita dalla legge, la Societ\u00e0 non assume alcun tipo di responsabilit\u00e0 per qualsiasi perdita o danno (compresi, a titolo esemplificativo e non esaustivo, qualsiasi tipo di danno diretto, indiretto o consequenziale, perdita di affari, dati, inclusi quelli dell\u00b4Utente, contratti o profitti, perdite o danni in relazione a programmi o attrezzature informatiche) che potrebbero derivare dall\u00b4accesso (o mancanza dello stesso), dalla navigazione, dall\u00b4uso del Sito Web o di qualsiasi sua parte, qualsiasi ne sia la causa, inclusa l\u00b4inaccuratezza delle informazioni contenute nel Sito Web, tra le altre cose. Inoltre, la Societ\u00e0 non assume alcuna responsabilit\u00e0, a titolo esemplificativo ma non esaustivo, derivante da:\n\ni. L\u00b4uso che viene fatto dei contenuti e delle Offerte disponibili sul Sito Web, che siano proibiti o consentiti, in violazione dei diritti di propriet\u00e0 intellettuale e\/o industriale della Societ\u00e0 o di terzi.\nii. I contenuti di quelle pagine a cui gli Utenti possono accedere tramite collegamenti inclusi nel Sito Web.\niii. Gli atti o le omissioni di terzi, indipendentemente dal fatto che tali terzi potrebbero essere legati ad Arkeero attraverso un contratto.\niv. I problemi causati ai sistemi informatici o provocati dall\u00b4introduzione di virus e altri codici informatici, nonch\u00e9 gli eventuali errori di sicurezza, i guasti o gli incidenti che potrebbero verificarsi nelle comunicazioni, cancellazioni o trasmissioni incomplete che potrebbero verificarsi. \u00c8 responsabilit\u00e0 di ogni Utente disporre degli strumenti adatti per rilevare programmi informatici dannosi.\nv. Errori o ritardi nell\u00b4accesso al Sito Web quando si inseriscono i dati nel modulo corrispondente o qualsiasi anomalia che potrebbe sorgere quando questi inconvenienti sono dovuti a problemi nella rete Internet, cause di forza maggiore e qualsiasi altra contingenza imprevedibile al di fuori della buona fede e del controllo di Arkeero.\nvi. Gli errori o danni causati da un uso inefficiente e di cattiva fede del Sito Web da parte dell\u00b4Utente.\nvii. L\u00b4identit\u00e0 degli Utenti, n\u00e9 la veridicit\u00e0, validit\u00e0, completezza e\/o autenticit\u00e0 dei dati che gli Utenti forniscono su se stessi e\/o forniscono ad altri Utenti.\n\nL\u00b4Utente garantisce ad Arkeero che rispetta rigorosamente i presenti Termini d\u00b4Uso, dovendo tenere indenne e, se del caso, risarcire e indennizzare Arkeero, i suoi dirigenti, dipendenti, affiliati, agenti e qualsiasi altra persona collegata, per qualsiasi reclamo, responsabilit\u00e0, sanzione, danno e perdita, spese o qualsiasi altro concetto che sia conseguenza di qualsiasi violazione dei presenti Termini d\u00b4Uso.<\/td>\n<\/tr>\n<tr>\n<td>\n<h3>9.- Trattamento dei Dati e Cookie<\/h3>\n<\/td>\n<\/tr>\n<tr>\n<td>Nel visitare il presente Sito Web non viene registrato automaticamente alcun dato personale che identifichi un Utente. Tuttavia, esiste determinata informazione di carattere non personale e non identificabile con un Utente specifico che viene raccolta durante la navigazione attraverso dispositivi chiamati &#8220;cookie&#8221; che consentono di ottenere informazioni statistiche sull\u00b4uso del Sito Web per poi poter apportare miglioramenti. Ogni Utente deve consultare la <a href=\"https:\/\/ghughu.com\/it\/informativa-sui-cookie\/\" target=\"_blank\" rel=\"noopener\"><u>Politica dei cookie<\/u><\/a>.\n\nAllo stesso modo, in conformit\u00e0 con quanto stabilito dalla normativa sulla protezione dei dati, si informa gli Utenti che i dati personali che ci forniranno attraverso il Sito Web o mediante l\u00b4invio di e-mail o chiamate telefoniche, saranno trattati dalla Societ\u00e0, in virt\u00f9 del consenso fornito dall\u00b4Utente per le finalit\u00e0 descritte nella <a href=\"https:\/\/ghughu.com\/it\/informativa-sulla-privacy\/\"><u>Politica sulla privacy<\/u><\/a> la quale deve essere letta, compresa e accettata per l\u00b4utilizzo del presente Sito Web e\/o per il trattamento necessario per rispondere alle richieste effettuate dagli Utenti.\n\nArkeero, impegnata nel rispetto dell\u00b4obbligo di segretezza e sicurezza dei dati personali, ha adottato le misure necessarie per evitare la loro alterazione, perdita, trattamento o accesso non autorizzato, tenendo conto in ogni momento dello stato della tecnologia, in conformit\u00e0 con quanto stabilito dal Regolamento (UE) 2016\/679 del Parlamento europeo e del Consiglio del 27 aprile 2016 relativo alla protezione delle persone fisiche per quanto riguarda il trattamento dei dati personali e alla libera circolazione di tali dati e che abroga la Direttiva 95\/46\/CE (GDPR), che offre il massimo livello di protezione nel trattamento di qualsiasi dato personale.\n\nL\u00b4Utente pu\u00f2 esercitare i propri diritti di accesso, cancellazione, rettifica, opposizione, limitazione del trattamento e portabilit\u00e0, se del caso, mediante scrittura indirizzata ad Arkeero, o al suo domicilio legale, o tramite posta elettronica al responsabile della protezione dei dati dpd@arkeero.com. In ogni caso, se l\u00b4Utente ritiene che i suoi dati non siano trattati in conformit\u00e0 con la normativa applicabile in materia di protezione dei dati, pu\u00f2 presentare reclamo presso l\u00b4Agenzia spagnola per la protezione dei dati o l\u00b4autorit\u00e0 di controllo competente.\n\n<strong>Trattamenti di dati di terzi<\/strong>\nAl fine di consentire la contrattazione dei prodotti o servizi richiesti dall\u00b4Utente, la Societ\u00e0 avr\u00e0 bisogno di conoscere determinati dati personali e\/o finanziari per trasmetterli o cederli al Terzo Fornitore selezionato, in modo che possa registrare l\u00b4Utente come cliente e fornire il servizio desiderato. Tuttavia, a fini di chiarimento opportuno, la Politica sulla Privacy di Arkeero non si applica ai dati raccolti dai Terzi Fornitori attraverso i rispettivi siti web, anche se uno qualsiasi di tali siti web contiene collegamenti da e verso il nostro Sito Web. Inoltre, si ricorda agli Utenti che il Terzo Fornitore che fornisce il prodotto o servizio selezionato avr\u00e0 la propria politica sulla privacy che dovr\u00e0 essere letta prima di contrattare qualsiasi servizio o prodotto. La Societ\u00e0 non \u00e8 responsabile di alcun contenuto all\u00b4interno delle rispettive politiche sulla privacy di tali terzi, e non offre alcuna garanzia, espressa o implicita, in relazione all\u00b4accuratezza, legalit\u00e0, esattezza o validit\u00e0 di qualsiasi sito web di terzi o del trattamento dei dati che questi Terzi Fornitori effettuano. Se gli Utenti vogliono sapere come trattano i loro dati personali tali Terzi Fornitori devono leggere la loro politica sulla privacy.<\/td>\n<\/tr>\n<tr>\n<td>\n<h3>10.- Legge applicabile e giurisdizione competente<\/h3>\n<\/td>\n<\/tr>\n<tr>\n<td>Ogni controversia o conflitto che possa derivare dall\u00b4accesso, dall\u00b4utilizzo del Sito Web sar\u00e0 disciplinato secondo quanto stabilito dalla legislazione spagnola e sottoposto all\u00b4esclusiva giurisdizione dei Tribunali di Madrid. Tuttavia, per tutte le questioni che potrebbero sorgere in relazione alla contrattazione dei prodotti e servizi distribuiti da Arkeero, saranno competenti i tribunali del domicilio dell\u00b4Utente.<\/td>\n<\/tr>\n<tr>\n<td>\n<h3>11.- Reclami<\/h3>\n<\/td>\n<\/tr>\n<tr>\n<td>Per domande relative ai prodotti o servizi dei Terzi Fornitori una volta contrattati, gli Utenti devono rivolgersi al Terzo Fornitore di tale servizio o prodotto. Al contrario, eventuali reclami in relazione alla prestazione di Arkeero devono essere inviati, in ogni caso, alla Societ\u00e0 attraverso i dati di contatto forniti nelle linee superiori.<\/td>\n<\/tr>\n<tr>\n<td>\n<h3>12.- Modifiche ai Termini di Utilizzo<\/h3>\n<\/td>\n<\/tr>\n<tr>\n<td>Arkeero si riserva il diritto di modificare i presenti Termini di Utilizzo a causa di aggiornamenti o cambiamenti e necessit\u00e0 legali, cos\u00ec come a causa di miglioramenti e cambiamenti inclusi nella forma in cui la Societ\u00e0 offre e fornisce i suoi Servizi.<\/td>\n<\/tr>\n<\/tbody>\n<\/table>\t\t\t\t\t\t<\/div>\n\t\t\t\t<\/div>\n\t\t\t\t\t<\/div>\n\t\t\t\t<\/div>\n\t\t\t\t\t\t\t<\/div>\n\t\t","protected":false},"excerpt":{"rendered":"<p>I presenti termini e condizioni generali d\u00b4uso (di seguito &#8220;Termini d\u00b4Uso&#8221;) regolano i diritti e gli obblighi derivanti dall\u00b4accesso, dalla navigazione e dall\u00b4utilizzo da parte degli utenti del dominio https:\/\/ghughu.com (di seguito il &#8220;Sito Web&#8221;), nonch\u00e9 l\u00b4uso e la fornitura dei servizi (i &#8220;Servizi&#8221;) offerti attraverso il Sito Web. Il Sito Web \u00e8 disponibile in&#8230;<\/p>\n","protected":false},"author":1,"featured_media":0,"parent":0,"menu_order":0,"comment_status":"closed","ping_status":"closed","template":"","meta":{"_monsterinsights_skip_tracking":false,"_monsterinsights_sitenote_active":false,"_monsterinsights_sitenote_note":"","_monsterinsights_sitenote_category":0,"footnotes":""},"acf":[],"aioseo_notices":[],"_links":{"self":[{"href":"https:\/\/ghughu.com\/it\/wp-json\/wp\/v2\/pages\/1297"}],"collection":[{"href":"https:\/\/ghughu.com\/it\/wp-json\/wp\/v2\/pages"}],"about":[{"href":"https:\/\/ghughu.com\/it\/wp-json\/wp\/v2\/types\/page"}],"author":[{"embeddable":true,"href":"https:\/\/ghughu.com\/it\/wp-json\/wp\/v2\/users\/1"}],"replies":[{"embeddable":true,"href":"https:\/\/ghughu.com\/it\/wp-json\/wp\/v2\/comments?post=1297"}],"version-history":[{"count":27,"href":"https:\/\/ghughu.com\/it\/wp-json\/wp\/v2\/pages\/1297\/revisions"}],"predecessor-version":[{"id":1463,"href":"https:\/\/ghughu.com\/it\/wp-json\/wp\/v2\/pages\/1297\/revisions\/1463"}],"wp:attachment":[{"href":"https:\/\/ghughu.com\/it\/wp-json\/wp\/v2\/media?parent=1297"}],"curies":[{"name":"wp","href":"https:\/\/api.w.org\/{rel}","templated":true}]}}