{"id":1296,"date":"2024-01-03T16:02:19","date_gmt":"2024-01-03T16:02:19","guid":{"rendered":"https:\/\/ghughu.com\/it\/?page_id=1296"},"modified":"2024-01-08T10:16:55","modified_gmt":"2024-01-08T10:16:55","slug":"informativa-sui-cookie","status":"publish","type":"page","link":"https:\/\/ghughu.com\/it\/informativa-sui-cookie\/","title":{"rendered":"Informativa sui Cookie"},"content":{"rendered":"\t\t<div data-elementor-type=\"wp-page\" data-elementor-id=\"1296\" class=\"elementor elementor-1296\">\n\t\t\t\t\t\t\t<div class=\"elementor-element elementor-element-49d4263c e-flex e-con-boxed e-con e-parent\" data-id=\"49d4263c\" data-element_type=\"container\" data-settings=\"{&quot;content_width&quot;:&quot;boxed&quot;}\" data-core-v316-plus=\"true\">\n\t\t\t\t\t<div class=\"e-con-inner\">\n\t\t\t\t<div class=\"elementor-element elementor-element-752fc7e6 elementor-widget elementor-widget-text-editor\" data-id=\"752fc7e6\" data-element_type=\"widget\" data-widget_type=\"text-editor.default\">\n\t\t\t\t<div class=\"elementor-widget-container\">\n\t\t\t<style>\/*! elementor - v3.18.0 - 20-12-2023 *\/\n.elementor-widget-text-editor.elementor-drop-cap-view-stacked .elementor-drop-cap{background-color:#69727d;color:#fff}.elementor-widget-text-editor.elementor-drop-cap-view-framed .elementor-drop-cap{color:#69727d;border:3px solid;background-color:transparent}.elementor-widget-text-editor:not(.elementor-drop-cap-view-default) .elementor-drop-cap{margin-top:8px}.elementor-widget-text-editor:not(.elementor-drop-cap-view-default) .elementor-drop-cap-letter{width:1em;height:1em}.elementor-widget-text-editor .elementor-drop-cap{float:left;text-align:center;line-height:1;font-size:50px}.elementor-widget-text-editor .elementor-drop-cap-letter{display:inline-block}<\/style>\t\t\t\t<p>Questa Politica dei cookie fa parte e integra la Politica sulla privacy del Sito Web. Il titolare \u00e8 ROCK INTERNET S.L. (di seguito, &#8220;Arkeero&#8221; o la &#8220;Societ\u00e0&#8221;) con NIF: B- 86907953 e sede legale: C\/Barquillo N.\u00ba 8 izq., 28004 Madrid, (Spagna). Dati di registrazione: Registro Mercantil de Madrid, Tomo 31853, Folio 1, Inscripci\u00f3n 1, Hoja M-573205 E-mail di contatto dpd@arkeero.com<\/p>\n<p>Questo Sito Web utilizza cookie o altri dispositivi di archiviazione e recupero dati con funzionalit\u00e0 simili (di seguito, &#8220;cookie&#8221;) per offrire agli Utenti un\u00b4esperienza migliore, pi\u00f9 veloce e sicura. Di seguito vengono spiegate quali sono queste tecnologie, a cosa servono (ad esempio, per avviare la sessione di navigazione, salvare le tue preferenze, personalizzare i contenuti diffusi e mostrarti annunci pi\u00f9 pertinenti) e chi ne \u00e8 responsabile.<\/p>\n<p>Il Sito Web \u00e8 disponibile in diverse lingue. In caso di conflitto tra la versione in spagnolo e le altre lingue di questi Termini di Utilizzo, prevale la versione in spagnolo.<\/p>\n<h2>Cosa sono i cookie?<\/h2>\n<p>I cookie sono piccoli file di testo inclusi nei Siti Web che vengono scaricati e memorizzati sul dispositivo dell\u00b4Utente (computer, tablet o cellulare) quando accede al sito stesso.<\/p>\n<p>In generale, queste tecnologie possono essere utilizzate per scopi molto diversi, come riconoscere il visitatore come Utente, ottenere informazioni sui suoi comportamenti di navigazione o personalizzare il modo in cui viene visualizzato il contenuto. Gli utilizzi specifici che facciamo di queste tecnologie sono descritti di seguito. Tuttavia, non possono danneggiare l\u00b4attrezzatura\/dispositivo dell\u00b4Utente n\u00e9 identificarlo personalmente.<\/p>\n<h2>Tipi di cookie utilizzati da questo Sito Web<\/h2>\n<p>Questo Sito Web utilizza cookie propri e di terze parti generati da altri siti web non appartenenti ad Arkeero, appartenenti a partner e terze entit\u00e0 che operano in rete, per le finalit\u00e0 specifiche di seguito esposte.<\/p>\n<p>I cookie possono essere persistenti o di sessione. I cookie persistenti sono quelli che rimangono memorizzati nel terminale e i cui dati possono essere accessibili e trattati per un periodo definito dal responsabile del cookie. La durata pu\u00f2 variare da pochi minuti a diversi anni.<\/p>\n<p>I cookie di sessione, d\u00b4altra parte, sono cookie progettati per raccogliere e memorizzare dati mentre l\u00b4Utente accede a un sito web. Sono solitamente utilizzati per memorizzare informazioni che interessano solo per la fornitura del servizio richiesto dall\u00b4Utente in un\u00b4unica occasione.<\/p>\n<p>Se l\u00b4Utente accetta i cookie di terze parti, dovr\u00e0 eliminarli dalle opzioni del browser o dal sistema offerto dal terzo stesso nel caso in cui successivamente desideri revocare il consenso. Si consiglia agli Utenti di consultare le rispettive politiche sulla privacy per ulteriori informazioni.<\/p>\n<h3>(i) Cookie tecnici e strettamente necessari<\/h3>\n<p>Questi cookie sono necessari per il corretto funzionamento del nostro Sito Web. Consentono all\u00b4Utente di navigare nel Sito Web e di utilizzare le diverse opzioni o servizi disponibili, come ad esempio identificare la sessione, la lingua, accedere a parti ad accesso ristretto, controllare la frode legata alla sicurezza e valutare l\u00b4efficienza del servizio. Questo tipo di cookie pu\u00f2 essere installato senza il consenso preventivo dell\u00b4Utente, a condizione che siano necessari per attivare le funzionalit\u00e0 del Sito Web. Senza questi cookie, il Sito Web potrebbe non funzionare correttamente.<\/p>\n<h3>(ii) Cookie analitici e di performance<\/h3>\n<p>Sono quelli che, elaborati da noi o da terze parti, consentono di quantificare il numero di Utenti, effettuare la misurazione e l\u00b4analisi statistica dell\u00b4uso del Sito Web e dei prodotti o servizi offerti. A tal fine, viene analizzata la navigazione nel Sito Web al fine di migliorare l\u00b4offerta dei prodotti o servizi proposti.<\/p>\n<p>Le informazioni ottenute da questi cookie non consentono di identificare gli Utenti personalmente. Tutte le informazioni ottenute sono aggregate e, quindi, anonime. La funzione di questi cookie \u00e8 ottenere statistiche e rapporti che consentono di migliorare il funzionamento del nostro Sito Web.<\/p>\n<p>Questi cookie vengono installati solo sul dispositivo dell\u00b4Utente quando vengono accettati.<\/p>\n<h3>Elenco dei cookie analitici:<\/h3>\n\n<table border=\"1\">\n   <tbody><tr>\n      <th style=\"padding:10px\">Cookie<\/th>\n      <th style=\"padding:10px\">Proprietario o di terze parti<\/th>\n      <th style=\"padding:10px\">Durata<\/th>\n      <th style=\"padding:10px\">Scopo<\/th>\n      <th style=\"padding:10px\">Link alla politica sulla privacy di terzi<\/th>\n   <\/tr>\n   <tr>\n      <td style=\"padding:10px\">_ga<\/td>\n      <td style=\"padding:10px\">Google Analytics<\/td>\n      <td style=\"padding:10px\">2 anni<\/td>\n      <td style=\"padding:10px\">Si tratta di un cookie di analisi di Google Analytics che serve per calcolare i dati di visitatori, sessioni e campagne e monitorare l\u00b4uso del sito per il rapporto di analisi del sito. I cookie memorizzano informazioni in modo anonimo e assegnano un numero generato casualmente per identificare visitatori unici.<\/td>\n      <td style=\"padding:10px\">\u00c8 possibile consultare la politica sulla privacy di Google Analytics tramite il seguente link: <a href=\"#politicaprivacidad\" onclick=\"open_overlay_pol()\"><u>Politica sulla privacy<\/u><\/a><\/td>\n   <\/tr>\n   <tr>\n      <td style=\"padding:10px\">_ga_7TY1VP5SH5<\/td>\n      <td style=\"padding:10px\">Google Analytics<\/td>\n      <td style=\"padding:10px\">2 anni<\/td>\n      <td style=\"padding:10px\">Si tratta di un cookie di analisi di Google Analytics che serve per calcolare i dati di visitatori, sessioni e campagne e monitorare l\u00b4uso del sito per il rapporto di analisi del sito. I cookie memorizzano informazioni in modo anonimo e assegnano un numero generato casualmente per identificare visitatori unici.<\/td>\n      <td style=\"padding:10px\">\u00c8 possibile consultare la politica sulla privacy di Google Analytics tramite il seguente link: <a href=\"#politicaprivacidad\" onclick=\"open_overlay_pol()\"><u>Politica sulla privacy<\/u><\/a><\/td>\n   <\/tr>\n<\/tbody><\/table>\n\n&lt;<h3>(iii) Cookies Sociali<\/h3>\n<p>Alcuni servizi possono utilizzare connettori con diverse reti sociali come, ad esempio, Facebook, Twitter, Instagram, LinkedIn o YouTube. Utilizzando la registrazione sociale, l\u00b4Utente autorizza il social network a inserire i propri cookie e consente il recupero della presentazione del componente dal server dell\u00b4operatore del social network.<\/p>\n<p>Inoltre, quando l\u00b4Utente visita il nostro Sito Web, si stabilisce una connessione diretta tra il suo browser e il server dell\u00b4operatore del social network attraverso il componente del social network. Di conseguenza, il social network pu\u00f2 ricevere informazioni sulle pagine web specifiche visitate dall\u00b4Utente tramite l\u00b4indirizzo IP. Tuttavia, la Societ\u00e0 non ha accesso al contenuto dei dati trasmessi n\u00e9 all\u00b4uso del social network. La presente politica non ha validit\u00e0 per il trattamento effettuato dai social network. Pertanto, la Societ\u00e0 declina ogni responsabilit\u00e0 per la protezione dei dati personali durante la visita a questi siti.<\/p>\n<p>L\u00b4Utente pu\u00f2 trovare ulteriori informazioni sull\u00b4uso nelle rispettive politiche sulla privacy dei social network:<\/p>\n<p>Facebook: <a target=\"_blank\" href=\"https:\/\/www.facebook.com\/policy.php\"><u>https:\/\/www.facebook.com\/policy.php<\/u><\/a><\/p>\n<p>Twitter: <a target=\"_blank\" href=\"https:\/\/twitter.com\/privacy?lang=en\"><u>https:\/\/twitter.com\/privacy?lang=en<\/u><\/a><\/p>\n<p>Instagram: <a target=\"_blank\" href=\"https:\/\/www.instagram.com\/about\/legal\/privacy\/\"><u>https:\/\/www.instagram.com\/about\/legal\/privacy\/<\/u><\/a><\/p>\n<p>LinkedIn: <a target=\"_blank\" href=\"https:\/\/www.linkedin.com\/legal\/privacy-policy\"><u>https:\/\/www.linkedin.com\/legal\/privacy-policy<\/u><\/a><\/p>\n<p>YouTube: <a target=\"_blank\" href=\"https:\/\/policies.google.com\/privacy?hl=en\"><u>https:\/\/policies.google.com\/privacy?hl=en<\/u><\/a><\/p>\n<h2>Quali sono i tempi di conservazione?<\/h2>\n<p>I cookie utilizzati saranno conservati sul dispositivo per il tempo necessario alla finalit\u00e0 per cui sono stati installati, e al massimo, per il periodo specifico di durata di ciascun cookie, a meno che l\u00b4Utente decida di revocare il consenso o eliminarli attraverso le opzioni di configurazione del browser.<\/p>\n<h2>Trasferimenti internazionali?<\/h2>\n<p>Alcuni dei dati personali ottenuti tramite cookie di terze parti saranno oggetto di trasferimenti internazionali. Per ulteriori informazioni sui trasferimenti internazionali verso paesi terzi effettuati da ciascun terzo, l\u00b4Utente deve consultare le rispettive politiche sulla privacy.<\/p>\n<h2>Come accettare, rifiutare, bloccare o eliminare i cookie?<\/h2>\n<p>L\u00b4Utente pu\u00f2 consentire, bloccare o eliminare i cookie tramite gli strumenti di configurazione del browser, oppure pu\u00f2 configurare il browser per essere avvisato quando un server vuole salvare un cookie:<\/p>\n<p>a) Microsoft Internet Explorer: Consulta l\u00b4opzione nel menu Strumenti &gt; Opzioni Internet &gt; Privacy &gt; Configurazione. Per saperne di pi\u00f9 visita: <a target=\"_blank\" href=\"http:\/\/windows.microsoft.com\/es-es\/windows-vista\/block-or-allow-cookies\"><u>http:\/\/windows.microsoft.com\/es-es\/windows-vista\/block-or-allow-cookies<\/u><\/a> e <a target=\"_blank\" href=\"http:\/\/windows.microsoft.com\/es-es\/windows7\/how-to-manage-cookies-in-internet-explorer-9\"><u>http:\/\/windows.microsoft.com\/es-es\/windows7\/how-to-manage-cookies-in-internet-explorer-9<\/u><\/a>.<\/p>\n<p>b) Firefox: Consulta l\u00b4opzione nel menu Strumenti &gt; Opzioni &gt; Privacy &gt; cookies. Per saperne di pi\u00f9 visita: <a target=\"_blank\" href=\"https:\/\/support.mozilla.org\/es\/kb\/habilitar-y-deshabilitar-cookies-sitios-web-rastrear-preferencias?redirectlocale=es&amp;redirectslug=habilitar-y-deshabilitar-cookies-que-los-sitios-we\"><u>https:\/\/support.mozilla.org\/es\/kb\/habilitar-y-deshabilitar-cookies-sitios-web-rastrear-preferencias?redirectlocale=es&amp;redirectslug=habilitar-y-deshabilitar-cookies-que-los-sitios-we<\/u><\/a>.<\/p>\n<p>c) Chrome: Consulta la sezione Opzioni &gt; Opzioni avanzate &gt; Privacy. Per saperne di pi\u00f9: <a target=\"_blank\" href=\"https:\/\/support.google.com\/accounts\/answer\/61416?hl=es\"><u>https:\/\/support.google.com\/accounts\/answer\/61416?hl=es<\/u><\/a>.<\/p>\n<p>d) Opera: Consulta l\u00b4opzione Sicurezza e Privacy. Per saperne di pi\u00f9 visita: <a target=\"_blank\" href=\"http:\/\/help.opera.com\/Windows\/11.50\/es-ES\/cookies.html\"><u>http:\/\/help.opera.com\/Windows\/11.50\/es-ES\/cookies.html<\/u><\/a>.<\/p>\n<p>e) Safari: Consulta l\u00b4opzione nel menu Preferenze\/Privacy. Ulteriori informazioni su: <a target=\"_blank\" href=\"http:\/\/support.apple.com\/kb\/HT1677?viewlocale=es_ES\"><u>http:\/\/support.apple.com\/kb\/HT1677?viewlocale=es_ES<\/u><\/a>.<\/p>\n<p>Inoltre, i browser dei dispositivi mobili consentono di apportare regolazioni della privacy per disattivare o eliminare i cookie. Se l\u00b4Utente desidera modificare le opzioni di privacy, deve seguire le istruzioni specifiche fornite dallo sviluppatore del suo browser per dispositivi mobili.<\/p>\n<p>Di seguito, sono riportati alcuni esempi che guideranno gli Utenti per modificare le opzioni di privacy sui loro dispositivi mobili:<\/p>\n<p>a) Safari per IOS: <a target=\"_blank\" href=\"https:\/\/support.apple.com\/es-es\/HT201265\"><u>https:\/\/support.apple.com\/es-es\/HT201265<\/u><\/a><\/p>\n<p>b) Firefox per Android: <a target=\"_blank\" href=\"https:\/\/support.mozilla.org\/es\/kb\/bloquear-cookies-en-firefox-focus-para-android\"><u>https:\/\/support.mozilla.org\/es\/kb\/bloquear-cookies-en-firefox-focus-para-android<\/u><\/a><\/p>\n<p>c) Chrome per Andorid: <a target=\"_blank\" href=\"https:\/\/support.google.com\/accounts\/answer\/32050?co=GENIE.Platform%3DAndroid&amp;hl=es&amp;oco=0\"><u>https:\/\/support.google.com\/accounts\/answer\/32050?co=GENIE.Platform%3DAndroid&amp;hl=es&amp;oco=0<\/u><\/a><\/p>\n<p>d) Chrome per IOS: <a target=\"_blank\" href=\"https:\/\/support.google.com\/accounts\/answer\/32050?co=GENIE.Platform%3DiOS&amp;hl=es&amp;oco=0\"><u>https:\/\/support.google.com\/accounts\/answer\/32050?co=GENIE.Platform%3DiOS&amp;hl=es&amp;oco=0<\/u><\/a><\/p>\n<h2>Aggiornamento della Politica dei cookie<\/h2>\n<p>La nostra Politica dei cookie potrebbe subire aggiornamenti a causa di modifiche e necessit\u00e0 legali, nonch\u00e9 miglioramenti e cambiamenti inclusi nella modalit\u00e0 di offerta e prestazione dei nostri servizi. Pertanto, si consiglia agli Utenti di visitare e accedere alla nostra Politica dei cookie periodicamente, per conoscere gli ultimi cambiamenti che possono essere stati apportati. In caso di modifiche che riguardano il consenso prestato, verr\u00e0 inviata una notifica separata per raccogliere nuovamente il consenso.<\/p>\n<h2>Contatto<\/h2>\n<p>Gli Utenti possono ottenere ulteriori informazioni sul trattamento dei dati effettuato dalla Societ\u00e0, nonch\u00e9 sul modo di esercitare i propri diritti nella nostra Politica sulla Privacy. Inoltre, gli Utenti possono contattare direttamente Arkeero all\u00b4indirizzo email: dpd@arkeero.com o all\u00b4indirizzo indicato sopra.<\/p><style>\n.pol_cookie_btn{\n\tborder:1px solid #ccc;\n\tbox-sizing:border-box;\n\tpadding:5px;\n\ttext-align:left;\n\twidth:100px;\n\tfloat:right;\n\tfont-size:14px;\n\tline-height:14px;\n\tcolor:#999;\n\tbackground-color:#FFF;\n\tmargin-right:10px;\n\tcursor:pointer;\n}\n.pol_cookie_btn[estado=\"seleccionado\"]{\n\tborder:1px solid #000;\n\tcolor:#fff;\n\tbackground-color:#666;\n\tcursor:default;\n}\n<\/style>\n\n<br>\n<strong>USTED PERMITE:<\/strong>\n<br>\n<table width=\"100%\" border=\"0\" cellspacing=\"0\" cellpadding=\"10\">\n  <tbody><tr>\n    <td valign=\"top\">Condividi la tua analisi di navigazione e interessi con terzi<\/td>\n    <td valign=\"top\"><div class=\"pol_cookie_btn\" id_pc=\"1\" accion_pc=\"Aceptar\" onclick=\"pol_cookie_click('1','Aceptar')\" estado=\"seleccionado\">\u2713&nbsp;&nbsp;&nbsp;Accetta<\/div><div class=\"pol_cookie_btn\" id_pc=\"1\" accion_pc=\"Rechazar\" onclick=\"pol_cookie_click('1','Rechazar')\" estado=\"\">X&nbsp;&nbsp;&nbsp;Rifiuta<\/div><\/td>\n  <\/tr>\n  <tr>\n    <td valign=\"top\">Accesso e archiviazione dei dati<\/td>\n    <td valign=\"top\"><div class=\"pol_cookie_btn\" id_pc=\"2\" accion_pc=\"Aceptar\" onclick=\"pol_cookie_click('2','Aceptar')\" estado=\"seleccionado\">\u2713&nbsp;&nbsp;&nbsp;Accetta<\/div><div class=\"pol_cookie_btn\" id_pc=\"2\" accion_pc=\"Rechazar\" onclick=\"pol_cookie_click('2','Rechazar')\" estado=\"\">X&nbsp;&nbsp;&nbsp;Rifiuta<\/div><\/td>\n  <\/tr>\n  <tr>\n    <td valign=\"top\">Personalizzazione<\/td>\n    <td valign=\"top\"><div class=\"pol_cookie_btn\" id_pc=\"3\" accion_pc=\"Aceptar\" onclick=\"pol_cookie_click('3','Aceptar')\" estado=\"seleccionado\">\u2713&nbsp;&nbsp;&nbsp;Accetta<\/div><div class=\"pol_cookie_btn\" id_pc=\"3\" accion_pc=\"Rechazar\" onclick=\"pol_cookie_click('3','Rechazar')\" estado=\"\">X&nbsp;&nbsp;&nbsp;Rifiuta<\/div><\/td>\n  <\/tr>\n  <tr>\n    <td valign=\"top\">Selezione, fornitura e segnalazione di contenuti<\/td>\n    <td valign=\"top\"><div class=\"pol_cookie_btn\" id_pc=\"4\" accion_pc=\"Aceptar\" onclick=\"pol_cookie_click('4','Aceptar')\" estado=\"seleccionado\">\u2713&nbsp;&nbsp;&nbsp;Accetta<\/div><div class=\"pol_cookie_btn\" id_pc=\"4\" accion_pc=\"Rechazar\" onclick=\"pol_cookie_click('4','Rechazar')\" estado=\"\">X&nbsp;&nbsp;&nbsp;Rifiuta<\/div><\/td>\n  <\/tr>\n  <tr>\n    <td valign=\"top\">Selezione, fornitura e segnalazione di annunci<\/td>\n    <td valign=\"top\"><div class=\"pol_cookie_btn\" id_pc=\"5\" accion_pc=\"Aceptar\" onclick=\"pol_cookie_click('5','Aceptar')\" estado=\"seleccionado\">\u2713&nbsp;&nbsp;&nbsp;Accetta<\/div><div class=\"pol_cookie_btn\" id_pc=\"5\" accion_pc=\"Rechazar\" onclick=\"pol_cookie_click('5','Rechazar')\" estado=\"\">X&nbsp;&nbsp;&nbsp;Rifiuta<\/div><\/td>\n  <\/tr>\n  <tr>\n    <td valign=\"top\">Misurazione<\/td>\n    <td valign=\"top\"><div class=\"pol_cookie_btn\" id_pc=\"6\" accion_pc=\"Aceptar\" onclick=\"pol_cookie_click('6','Aceptar')\" estado=\"seleccionado\">\u2713&nbsp;&nbsp;&nbsp;Accetta<\/div><div class=\"pol_cookie_btn\" id_pc=\"6\" accion_pc=\"Rechazar\" onclick=\"pol_cookie_click('6','Rechazar')\" estado=\"\">X&nbsp;&nbsp;&nbsp;Rifiuta<\/div><\/td>\n  <\/tr>\n<\/tbody><\/table>\n<script>\nfunction pol_cookie_accion(id_pc, accion_pc) {\n  localStorage.setItem('pol_cookie_' + id_pc, accion_pc);\n  var acceptButtons = document.querySelectorAll('.pol_cookie_btn[id_pc=\"' + id_pc + '\"][accion_pc=\"Aceptar\"]');\n  var rejectButtons = document.querySelectorAll('.pol_cookie_btn[id_pc=\"' + id_pc + '\"][accion_pc=\"Rechazar\"]');\n  \n  acceptButtons.forEach(function(button) {\n    button.setAttribute(\"estado\", \"\");\n  });\n  \n  rejectButtons.forEach(function(button) {\n    button.setAttribute(\"estado\", \"\");\n  });\n  \n  if (accion_pc === \"Aceptar\") {\n    acceptButtons.forEach(function(button) {\n      button.setAttribute(\"estado\", \"seleccionado\");\n    });\n  } else if (accion_pc === \"Rechazar\") {\n    rejectButtons.forEach(function(button) {\n      button.setAttribute(\"estado\", \"seleccionado\");\n    });\n  }\n}\n\nfunction pol_cookie_click(n, accion) {\n  pol_cookie_accion(n, accion);\n}\n\ndocument.addEventListener(\"DOMContentLoaded\", function() {\n  for (var i = 1; i <= 6; i++) {\n    var storedValue = localStorage.getItem('pol_cookie_' + i);\n    if (storedValue === \"Aceptar\" || storedValue === \"Rechazar\") {\n      pol_cookie_accion(i, storedValue);\n    } else {\n      pol_cookie_accion(i, \"Aceptar\");\n    }\n  }\n});\n\n<\/script>\t\t\t\t\t\t<\/div>\n\t\t\t\t<\/div>\n\t\t\t\t\t<\/div>\n\t\t\t\t<\/div>\n\t\t\t\t\t\t\t<\/div>\n\t\t","protected":false},"excerpt":{"rendered":"<p>Questa Politica dei cookie fa parte e integra la Politica sulla privacy del Sito Web. Il titolare \u00e8 ROCK INTERNET S.L. (di seguito, &#8220;Arkeero&#8221; o la &#8220;Societ\u00e0&#8221;) con NIF: B- 86907953 e sede legale: C\/Barquillo N.\u00ba 8 izq., 28004 Madrid, (Spagna). Dati di registrazione: Registro Mercantil de Madrid, Tomo 31853, Folio 1, Inscripci\u00f3n 1, Hoja&#8230;<\/p>\n","protected":false},"author":1,"featured_media":0,"parent":0,"menu_order":0,"comment_status":"closed","ping_status":"closed","template":"","meta":{"_monsterinsights_skip_tracking":false,"_monsterinsights_sitenote_active":false,"_monsterinsights_sitenote_note":"","_monsterinsights_sitenote_category":0,"footnotes":""},"acf":[],"aioseo_notices":[],"_links":{"self":[{"href":"https:\/\/ghughu.com\/it\/wp-json\/wp\/v2\/pages\/1296"}],"collection":[{"href":"https:\/\/ghughu.com\/it\/wp-json\/wp\/v2\/pages"}],"about":[{"href":"https:\/\/ghughu.com\/it\/wp-json\/wp\/v2\/types\/page"}],"author":[{"embeddable":true,"href":"https:\/\/ghughu.com\/it\/wp-json\/wp\/v2\/users\/1"}],"replies":[{"embeddable":true,"href":"https:\/\/ghughu.com\/it\/wp-json\/wp\/v2\/comments?post=1296"}],"version-history":[{"count":20,"href":"https:\/\/ghughu.com\/it\/wp-json\/wp\/v2\/pages\/1296\/revisions"}],"predecessor-version":[{"id":1415,"href":"https:\/\/ghughu.com\/it\/wp-json\/wp\/v2\/pages\/1296\/revisions\/1415"}],"wp:attachment":[{"href":"https:\/\/ghughu.com\/it\/wp-json\/wp\/v2\/media?parent=1296"}],"curies":[{"name":"wp","href":"https:\/\/api.w.org\/{rel}","templated":true}]}}