{"id":1296,"date":"2024-01-03T16:02:19","date_gmt":"2024-01-03T16:02:19","guid":{"rendered":"https:\/\/ghughu.com\/fr\/?page_id=1296"},"modified":"2024-01-08T10:20:42","modified_gmt":"2024-01-08T10:20:42","slug":"politique-de-cookies","status":"publish","type":"page","link":"https:\/\/ghughu.com\/fr\/politique-de-cookies\/","title":{"rendered":"Politique de cookies"},"content":{"rendered":"\t\t<div data-elementor-type=\"wp-page\" data-elementor-id=\"1296\" class=\"elementor elementor-1296\">\n\t\t\t\t\t\t\t<div class=\"elementor-element elementor-element-49d4263c e-flex e-con-boxed e-con e-parent\" data-id=\"49d4263c\" data-element_type=\"container\" data-settings=\"{&quot;content_width&quot;:&quot;boxed&quot;}\" data-core-v316-plus=\"true\">\n\t\t\t\t\t<div class=\"e-con-inner\">\n\t\t\t\t<div class=\"elementor-element elementor-element-752fc7e6 elementor-widget elementor-widget-text-editor\" data-id=\"752fc7e6\" data-element_type=\"widget\" data-widget_type=\"text-editor.default\">\n\t\t\t\t<div class=\"elementor-widget-container\">\n\t\t\t<style>\/*! elementor - v3.18.0 - 20-12-2023 *\/\n.elementor-widget-text-editor.elementor-drop-cap-view-stacked .elementor-drop-cap{background-color:#69727d;color:#fff}.elementor-widget-text-editor.elementor-drop-cap-view-framed .elementor-drop-cap{color:#69727d;border:3px solid;background-color:transparent}.elementor-widget-text-editor:not(.elementor-drop-cap-view-default) .elementor-drop-cap{margin-top:8px}.elementor-widget-text-editor:not(.elementor-drop-cap-view-default) .elementor-drop-cap-letter{width:1em;height:1em}.elementor-widget-text-editor .elementor-drop-cap{float:left;text-align:center;line-height:1;font-size:50px}.elementor-widget-text-editor .elementor-drop-cap-letter{display:inline-block}<\/style>\t\t\t\t<p>Cette Politique de cookies fait partie int\u00e9grante et compl\u00e8te la Politique de confidentialit\u00e9 du site Web. Le titulaire est ROCK INTERNET S.L. (ci-apr\u00e8s, &#8220;Arkeero&#8221; ou la &#8220;Soci\u00e9t\u00e9&#8221;) avec NIF: B-86907953 et si\u00e8ge social: C\/Barquillo N.\u00ba 8 izq., 28004 Madrid, (Espagne). Donn\u00e9es d\u00b4immatriculation : Registre du commerce de Madrid, Tome 31853, Feuille 1, Inscription 1, Page M-573205 E-mail de contact dpd@arkeero.com<\/p>\n<p>Ce site Web utilise des cookies ou d\u00b4autres dispositifs de stockage et de r\u00e9cup\u00e9ration de donn\u00e9es de fonctionnalit\u00e9 similaire (ci-apr\u00e8s, &#8220;cookies&#8221;) pour offrir aux utilisateurs une exp\u00e9rience meilleure, plus rapide et plus s\u00e9curis\u00e9e. Les technologies sont expliqu\u00e9es ci-dessous, ainsi que leurs utilisations (par exemple, pour ouvrir une session de navigation, enregistrer vos pr\u00e9f\u00e9rences, personnaliser le contenu diffus\u00e9 et afficher des annonces plus pertinentes) et les personnes qui les g\u00e8rent.<\/p>\n<p>Le site Web est disponible en plusieurs langues. En cas de conflit entre la version en espagnol et les autres langues de ces Conditions d\u00b4utilisation, la version en espagnol pr\u00e9vaudra sur les autres.<\/p>\n<h2>Qu\u00b4est-ce que les cookies ?<\/h2>\n<p>Les cookies sont de petits fichiers texte inclus dans les sites Web qui sont t\u00e9l\u00e9charg\u00e9s et stock\u00e9s sur le dispositif de l\u00b4utilisateur (ordinateur, tablette ou t\u00e9l\u00e9phone mobile) lorsqu\u00b4il y acc\u00e8de.<\/p>\n<p>En g\u00e9n\u00e9ral, ces technologies peuvent servir \u00e0 diverses fins, telles que reconna\u00eetre le visiteur en tant qu\u00b4utilisateur, obtenir des informations sur ses habitudes de navigation ou personnaliser la mani\u00e8re dont le contenu est affich\u00e9. Les utilisations sp\u00e9cifiques que nous faisons de ces technologies sont d\u00e9crites ci-dessous. Cependant, elles ne peuvent pas endommager l\u00b4\u00e9quipement\/dispositif de l\u00b4utilisateur ni l\u00b4identifier personnellement.<\/p>\n<h2>Quels types de cookies ce site Web utilise-t-il ?<\/h2>\n<p>Ce site Web utilise des cookies propri\u00e9taires et des cookies tiers g\u00e9n\u00e9r\u00e9s depuis d\u00b4autres sites Web ext\u00e9rieurs \u00e0 Arkeero, appartenant \u00e0 des partenaires et des entit\u00e9s tierces op\u00e9rant sur le r\u00e9seau, dans le but pr\u00e9cis expos\u00e9 ci-dessous.<\/p>\n<p>Les cookies peuvent \u00eatre persistants ou de session. Les cookies persistants sont ceux qui restent stock\u00e9s sur le terminal et dont les donn\u00e9es peuvent \u00eatre consult\u00e9es et trait\u00e9es pendant une p\u00e9riode d\u00e9finie par le responsable du cookie. La dur\u00e9e peut varier de quelques minutes \u00e0 plusieurs ann\u00e9es.<\/p>\n<p>Les cookies de session, quant \u00e0 eux, sont des cookies con\u00e7us pour recueillir et stocker des donn\u00e9es pendant que l\u00b4utilisateur acc\u00e8de \u00e0 un site Web. Ils sont g\u00e9n\u00e9ralement utilis\u00e9s pour stocker des informations qui ne doivent \u00eatre conserv\u00e9es que pour la prestation du service demand\u00e9 par l\u00b4utilisateur en une seule occasion.<\/p>\n<p>Si l\u00b4utilisateur accepte les cookies tiers, il devra les supprimer \u00e0 partir des options du navigateur ou du syst\u00e8me propos\u00e9 par le tiers lui-m\u00eame s\u00b4il souhaite retirer son consentement ult\u00e9rieurement. Il est donc recommand\u00e9 aux utilisateurs de consulter leurs politiques de confidentialit\u00e9 respectives pour plus d\u00b4informations.<\/p>\n<h3>(i) Cookies techniques et strictement n\u00e9cessaires<\/h3>\n<p>Ces cookies sont n\u00e9cessaires au bon fonctionnement de notre site Web. Ils permettent \u00e0 l\u00b4utilisateur de naviguer sur le site Web et d\u00b4utiliser les diff\u00e9rentes options ou services disponibles, tels que l\u00b4identification de la session, la langue, l\u00b4acc\u00e8s aux parties \u00e0 acc\u00e8s restreint, le contr\u00f4le de la fraude li\u00e9e \u00e0 la s\u00e9curit\u00e9 et l\u00b4\u00e9valuation de l\u00b4efficacit\u00e9 du service. Ce type de cookies peut \u00eatre install\u00e9 sans le consentement pr\u00e9alable de l\u00b4utilisateur s\u00b4ils sont n\u00e9cessaires pour activer les fonctionnalit\u00e9s du site Web. Sans ces cookies, le site Web ne peut pas fonctionner correctement.<\/p>\n<h3>(ii) Cookies analytiques et de performance<\/h3>\n<p>Il s\u00b4agit de cookies qui, trait\u00e9s par nous ou par des tiers, permettent de quantifier le nombre d\u00b4utilisateurs, de r\u00e9aliser la mesure et l\u00b4analyse statistique de l\u00b4utilisation du site Web et des produits ou services propos\u00e9s. Pour ce faire, la navigation sur le site Web est analys\u00e9e afin d\u00b4am\u00e9liorer l\u00b4offre des produits ou services propos\u00e9s.<\/p>\n<p>Les informations obtenues par ces cookies ne permettent pas d\u00b4identifier les utilisateurs personnellement. Toutes les informations obtenues sont agr\u00e9g\u00e9es et donc anonymes. La fonction de ces cookies est d\u00b4obtenir des statistiques et des rapports permettant d\u00b4am\u00e9liorer le fonctionnement de notre site Web.<\/p>\n<p>Ces cookies ne sont install\u00e9s sur le dispositif de l\u00b4utilisateur que s\u00b4ils sont accept\u00e9s.<\/p>\n<h3>Liste des cookies analytiques :<\/h3>\n<table border=\"1\">\n   <tbody><tr>\n      <th style=\"padding:10px\">Cookie<\/th>\n      <th style=\"padding:10px\">Propre ou tiers<\/th>\n      <th style=\"padding:10px\">Dur\u00e9e<\/th>\n      <th style=\"padding:10px\">Objectif<\/th>\n      <th style=\"padding:10px\">Lien vers la politique de confidentialit\u00e9 du tiers<\/th>\n   <\/tr>\n   <tr>\n      <td style=\"padding:10px\">_ga<\/td>\n      <td style=\"padding:10px\">Google Analytics<\/td>\n      <td style=\"padding:10px\">2 ans<\/td>\n      <td style=\"padding:10px\">Il s\u00b4agit d\u00b4un cookie d\u00b4analyse de Google Analytics utilis\u00e9 pour calculer les donn\u00e9es de visiteurs, de sessions et de campagnes, ainsi que pour suivre l\u00b4utilisation du site en vue de g\u00e9n\u00e9rer des rapports d\u00b4analyse du site. Les cookies stockent des informations de mani\u00e8re anonyme et attribuent un num\u00e9ro g\u00e9n\u00e9r\u00e9 de mani\u00e8re al\u00e9atoire pour identifier les visiteurs uniques.<\/td>\n      <td style=\"padding:10px\">Vous pouvez consulter la politique de confidentialit\u00e9 de Google Analytics via le lien suivant : <a href=\"#politicaprivacidad\" onclick=\"open_overlay_pol()\"><u>Politique de confidentialit\u00e9<\/u><\/a><\/td>\n   <\/tr>\n   <tr>\n      <td style=\"padding:10px\">_ga_7TY1VP5SH5<\/td>\n      <td style=\"padding:10px\">Google Analytics<\/td>\n      <td style=\"padding:10px\">2 ans<\/td>\n      <td style=\"padding:10px\">Il s\u00b4agit d\u00b4un cookie d\u00b4analyse de Google Analytics utilis\u00e9 pour calculer les donn\u00e9es de visiteurs, de sessions et de campagnes, ainsi que pour suivre l\u00b4utilisation du site en vue de g\u00e9n\u00e9rer des rapports d\u00b4analyse du site. Les cookies stockent des informations de mani\u00e8re anonyme et attribuent un num\u00e9ro g\u00e9n\u00e9r\u00e9 de mani\u00e8re al\u00e9atoire pour identifier les visiteurs uniques.<\/td>\n      <td style=\"padding:10px\">Vous pouvez consulter la politique de confidentialit\u00e9 de Google Analytics via le lien suivant : <a href=\"#politicaprivacidad\" onclick=\"open_overlay_pol()\"><u>Politique de confidentialit\u00e9<\/u><\/a><\/td>\n   <\/tr>\n<\/tbody><\/table>\n<h3>(iii) Cookies Sociales<\/h3>\n<p>Certains services peuvent utiliser des connecteurs avec divers r\u00e9seaux sociaux tels que Facebook, Twitter, Instagram, LinkedIn ou YouTube. En utilisant l\u00b4inscription sociale, l\u00b4utilisateur autorise le r\u00e9seau social \u00e0 placer ses cookies et permet la r\u00e9cup\u00e9ration de l\u00b4\u00e9l\u00e9ment graphique depuis le serveur de l\u00b4op\u00e9rateur du r\u00e9seau social.<\/p>\n<p>De plus, lorsque l\u00b4utilisateur visite notre site Web, une connexion directe est \u00e9tablie entre son navigateur et le serveur de l\u00b4op\u00e9rateur du r\u00e9seau social via l\u00b4\u00e9l\u00e9ment graphique du r\u00e9seau social. Par cons\u00e9quent, le r\u00e9seau social peut recevoir des informations sur les pages Web sp\u00e9cifiques visit\u00e9es par l\u00b4utilisateur via l\u00b4adresse IP. Cependant, la Soci\u00e9t\u00e9 n\u00b4a pas acc\u00e8s au contenu des donn\u00e9es transmises ni \u00e0 l\u00b4utilisation par le r\u00e9seau social. Cette politique n\u00b4est pas valable pour le traitement effectu\u00e9 par les r\u00e9seaux sociaux. Par cons\u00e9quent, la Soci\u00e9t\u00e9 n\u00b4assume aucune responsabilit\u00e9 en ce qui concerne la protection des donn\u00e9es personnelles lors de l\u00b4ouverture de ces sites.<\/p>\n<p>L\u00b4utilisateur peut trouver plus d\u00b4informations sur leur utilisation dans les politiques de confidentialit\u00e9 respectives des r\u00e9seaux sociaux :<\/p>\n<p>Facebook : <a target=\"_blank\" href=\"https:\/\/www.facebook.com\/policy.php\"><u>https:\/\/www.facebook.com\/policy.php<\/u><\/a><\/p>\n<p>Twitter : <a target=\"_blank\" href=\"https:\/\/twitter.com\/privacy?lang=en\"><u>https:\/\/twitter.com\/privacy?lang=en<\/u><\/a><\/p>\n<p>Instagram : <a target=\"_blank\" href=\"https:\/\/www.instagram.com\/about\/legal\/privacy\/\"><u>https:\/\/www.instagram.com\/about\/legal\/privacy\/<\/u><\/a><\/p>\n\n<p>LinkedIn : <a target=\"_blank\" href=\"https:\/\/www.linkedin.com\/legal\/privacy-policy\"><u>https:\/\/www.linkedin.com\/legal\/privacy-policy<\/u><\/a><\/p>\n<p>YouTube : <a target=\"_blank\" href=\"https:\/\/policies.google.com\/privacy?hl=en\"><u>https:\/\/policies.google.com\/privacy?hl=en<\/u><\/a><\/p>\n<h2>Quelles sont les p\u00e9riodes de conservation ?<\/h2>\n<p>Les cookies utilis\u00e9s seront conserv\u00e9s sur le dispositif pendant le temps n\u00e9cessaire \u00e0 la finalit\u00e9 pour laquelle ils ont \u00e9t\u00e9 install\u00e9s, et au maximum, pendant la dur\u00e9e sp\u00e9cifique de chaque cookie, sauf si l\u00b4utilisateur d\u00e9cide de retirer son consentement ou de les supprimer via les options de configuration du navigateur.<\/p>\n<h2>Transferts internationaux ?<\/h2>\n<p>Certains des donn\u00e9es personnelles obtenues via des cookies tiers feront l\u00b4objet de transferts internationaux. Pour plus d\u00b4informations sur les transferts internationaux vers des pays tiers effectu\u00e9s par chaque tiers, l\u00b4utilisateur doit consulter les politiques de confidentialit\u00e9 respectives.<\/p>\n<h2>Comment accepter, refuser, bloquer ou supprimer les cookies ?<\/h2>\n<p>L\u00b4utilisateur peut autoriser, bloquer ou supprimer les cookies via les outils de configuration du navigateur, ou bien, configurer son navigateur pour qu\u00b4il le pr\u00e9vienne lorsqu\u00b4un serveur souhaite enregistrer un cookie :<\/p>\n<p>a) Microsoft Internet Explorer : Consultez l\u00b4option dans le menu Outils &gt; Options Internet &gt; Confidentialit\u00e9 &gt; Param\u00e8tres. Pour en savoir plus, visitez :<br><a target=\"_blank\" href=\"http:\/\/windows.microsoft.com\/es-es\/windows-vista\/block-or-allow-cookies\"><u>http:\/\/windows.microsoft.com\/es-es\/windows-vista\/block-or-allow-cookies<\/u><\/a> et <a target=\"_blank\" href=\"http:\/\/windows.microsoft.com\/es-es\/windows7\/how-to-manage-cookies-in-internet-explorer-9\"><u>http:\/\/windows.microsoft.com\/es-es\/windows7\/how-to-manage-cookies-in-internet-explorer-9<\/u><\/a>.<\/p>\n<p>b) Firefox : Consultez l\u00b4option dans le menu Outils &gt; Options &gt; Confidentialit\u00e9 &gt; cookies. Pour en savoir plus, visitez :<br><a target=\"_blank\" href=\"https:\/\/support.mozilla.org\/es\/kb\/habilitar-y-deshabilitar-cookies-sitios-web-rastrear-preferencias?redirectlocale=es&amp;redirectslug=habilitar-y-deshabilitar-cookies-que-los-sitios-we\"><u>https:\/\/support.mozilla.org\/es\/kb\/habilitar-y-deshabilitar-cookies-sitios-web-rastrear-preferencias?redirectlocale=es&amp;redirectslug=habilitar-y-deshabilitar-cookies-que-los-sitios-we<\/u><\/a>.<\/p>\n<p>c) Chrome : Consultez la section Options &gt; Param\u00e8tres avanc\u00e9s &gt; Confidentialit\u00e9. Pour en savoir plus :<br><a target=\"_blank\" href=\"https:\/\/support.google.com\/accounts\/answer\/61416?hl=es\"><u>https:\/\/support.google.com\/accounts\/answer\/61416?hl=es<\/u><\/a>.<\/p>\n<p>d) Opera : Consultez l\u00b4option S\u00e9curit\u00e9 et Confidentialit\u00e9. Pour en savoir plus, visitez :<br><a target=\"_blank\" href=\"http:\/\/help.opera.com\/Windows\/11.50\/es-ES\/cookies.html\"><u>http:\/\/help.opera.com\/Windows\/11.50\/es-ES\/cookies.html<\/u><\/a>.<\/p>\n<p>e) Safari : Consultez l\u00b4option dans le menu Pr\u00e9f\u00e9rences\/Confidentialit\u00e9. Plus d\u00b4informations sur :<br><a target=\"_blank\" href=\"http:\/\/support.apple.com\/kb\/HT1677?viewlocale=es_ES\"><u>http:\/\/support.apple.com\/kb\/HT1677?viewlocale=es_ES<\/u><\/a>.<\/p>\n<p>De plus, les navigateurs des appareils mobiles permettent d\u00b4effectuer des r\u00e9glages de confidentialit\u00e9 pour d\u00e9sactiver ou supprimer les cookies. Si l\u00b4Utilisateur souhaite modifier les options de confidentialit\u00e9, il doit suivre les instructions sp\u00e9cifiques fournies par le d\u00e9veloppeur de son navigateur pour appareil mobile.<\/p>\n<p>Voici quelques exemples qui guideront les Utilisateurs pour modifier les options de confidentialit\u00e9 sur leurs appareils mobiles :<\/p>\n<p>a) Safari pour iOS : <a target=\"_blank\" href=\"https:\/\/support.apple.com\/es-es\/HT201265\"><u>https:\/\/support.apple.com\/es-es\/HT201265<\/u><\/a><\/p>\n<p>b) Firefox pour Android : <a target=\"_blank\" href=\"https:\/\/support.mozilla.org\/es\/kb\/bloquear-cookies-en-firefox-focus-para-android\"><u>https:\/\/support.mozilla.org\/es\/kb\/bloquear-cookies-en-firefox-focus-para-android<\/u><\/a><\/p>\n<p>c) Chrome pour Android : <a target=\"_blank\" href=\"https:\/\/support.google.com\/accounts\/answer\/32050?co=GENIE.Platform%3DAndroid&amp;hl=es&amp;oco=0\"><u>https:\/\/support.google.com\/accounts\/answer\/32050?co=GENIE.Platform%3DAndroid&amp;hl=es&amp;oco=0<\/u><\/a><\/p>\n<p>d) Chrome pour iOS : <a target=\"_blank\" href=\"https:\/\/support.google.com\/accounts\/answer\/32050?co=GENIE.Platform%3DiOS&amp;hl=es&amp;oco=0\"><u>https:\/\/support.google.com\/accounts\/answer\/32050?co=GENIE.Platform%3DiOS&amp;hl=es&amp;oco=0<\/u><\/a><\/p>\n<h2>Mise \u00e0 jour de la politique de cookies<\/h2>\n<p>Notre politique de cookies peut \u00eatre mise \u00e0 jour en raison de modifications et de besoins l\u00e9gaux, ainsi que d\u00b4am\u00e9liorations et de changements dans la mani\u00e8re dont nous offrons et fournissons nos services. Par cons\u00e9quent, il est recommand\u00e9 aux Utilisateurs de visiter et d\u00b4acc\u00e9der \u00e0 notre politique de cookies r\u00e9guli\u00e8rement afin de conna\u00eetre les derni\u00e8res modifications qui ont pu \u00eatre apport\u00e9es. En cas de modification li\u00e9e au consentement donn\u00e9, une notification distincte et s\u00e9par\u00e9e sera envoy\u00e9e pour obtenir \u00e0 nouveau le consentement.<\/p>\n<h2>Contact<\/h2>\n<p>Les Utilisateurs peuvent obtenir plus d\u00b4informations sur le traitement des donn\u00e9es effectu\u00e9 par la Soci\u00e9t\u00e9, ainsi que sur la mani\u00e8re d\u00b4exercer leurs droits dans notre Politique de confidentialit\u00e9. De plus, les Utilisateurs peuvent contacter directement Arkeero par e-mail \u00e0 l\u00b4adresse : dpd@arkeero.com ou \u00e0 l\u00b4adresse indiqu\u00e9e ci-dessus.<\/p><style>\n.pol_cookie_btn{\n\tborder:1px solid #ccc;\n\tbox-sizing:border-box;\n\tpadding:5px;\n\ttext-align:left;\n\twidth:100px;\n\tfloat:right;\n\tfont-size:14px;\n\tline-height:14px;\n\tcolor:#999;\n\tbackground-color:#FFF;\n\tmargin-right:10px;\n\tcursor:pointer;\n}\n.pol_cookie_btn[estado=\"seleccionado\"]{\n\tborder:1px solid #000;\n\tcolor:#fff;\n\tbackground-color:#666;\n\tcursor:default;\n}\n<\/style>\n\n<br>\n<strong>USTED PERMITE:<\/strong>\n<br>\n<table width=\"100%\" border=\"0\" cellspacing=\"0\" cellpadding=\"10\">\n  <tbody><tr>\n    <td valign=\"top\">Partager votre analyse de navigation et vos centres d&#8217;int\u00e9r\u00eat avec des tiers<\/td>\n    <td valign=\"top\"><div class=\"pol_cookie_btn\" id_pc=\"1\" accion_pc=\"Aceptar\" onclick=\"pol_cookie_click('1','Aceptar')\" estado=\"seleccionado\">\u2713&nbsp;&nbsp;&nbsp;Accepter<\/div><div class=\"pol_cookie_btn\" id_pc=\"1\" accion_pc=\"Rechazar\" onclick=\"pol_cookie_click('1','Rechazar')\" estado=\"\">X&nbsp;&nbsp;&nbsp;Refuser<\/div><\/td>\n  <\/tr>\n  <tr>\n    <td valign=\"top\">Acc\u00e8s et stockage des donn\u00e9es<\/td>\n    <td valign=\"top\"><div class=\"pol_cookie_btn\" id_pc=\"2\" accion_pc=\"Aceptar\" onclick=\"pol_cookie_click('2','Aceptar')\" estado=\"seleccionado\">\u2713&nbsp;&nbsp;&nbsp;Accepter<\/div><div class=\"pol_cookie_btn\" id_pc=\"2\" accion_pc=\"Rechazar\" onclick=\"pol_cookie_click('2','Rechazar')\" estado=\"\">X&nbsp;&nbsp;&nbsp;Refuser<\/div><\/td>\n  <\/tr>\n  <tr>\n    <td valign=\"top\">Personnalisation<\/td>\n    <td valign=\"top\"><div class=\"pol_cookie_btn\" id_pc=\"3\" accion_pc=\"Aceptar\" onclick=\"pol_cookie_click('3','Aceptar')\" estado=\"seleccionado\">\u2713&nbsp;&nbsp;&nbsp;Accepter<\/div><div class=\"pol_cookie_btn\" id_pc=\"3\" accion_pc=\"Rechazar\" onclick=\"pol_cookie_click('3','Rechazar')\" estado=\"\">X&nbsp;&nbsp;&nbsp;Refuser<\/div><\/td>\n  <\/tr>\n  <tr>\n    <td valign=\"top\">S\u00e9lection, fourniture et rapport de contenus<\/td>\n    <td valign=\"top\"><div class=\"pol_cookie_btn\" id_pc=\"4\" accion_pc=\"Aceptar\" onclick=\"pol_cookie_click('4','Aceptar')\" estado=\"seleccionado\">\u2713&nbsp;&nbsp;&nbsp;Accepter<\/div><div class=\"pol_cookie_btn\" id_pc=\"4\" accion_pc=\"Rechazar\" onclick=\"pol_cookie_click('4','Rechazar')\" estado=\"\">X&nbsp;&nbsp;&nbsp;Refuser<\/div><\/td>\n  <\/tr>\n  <tr>\n    <td valign=\"top\">S\u00e9lection, fourniture et rapport d&#8217;annonces<\/td>\n    <td valign=\"top\"><div class=\"pol_cookie_btn\" id_pc=\"5\" accion_pc=\"Aceptar\" onclick=\"pol_cookie_click('5','Aceptar')\" estado=\"seleccionado\">\u2713&nbsp;&nbsp;&nbsp;Accepter<\/div><div class=\"pol_cookie_btn\" id_pc=\"5\" accion_pc=\"Rechazar\" onclick=\"pol_cookie_click('5','Rechazar')\" estado=\"\">X&nbsp;&nbsp;&nbsp;Refuser<\/div><\/td>\n  <\/tr>\n  <tr>\n    <td valign=\"top\">Mesure<\/td>\n    <td valign=\"top\"><div class=\"pol_cookie_btn\" id_pc=\"6\" accion_pc=\"Aceptar\" onclick=\"pol_cookie_click('6','Aceptar')\" estado=\"seleccionado\">\u2713&nbsp;&nbsp;&nbsp;Accepter<\/div><div class=\"pol_cookie_btn\" id_pc=\"6\" accion_pc=\"Rechazar\" onclick=\"pol_cookie_click('6','Rechazar')\" estado=\"\">X&nbsp;&nbsp;&nbsp;Refuser<\/div><\/td>\n  <\/tr>\n<\/tbody><\/table>\n<script>\nfunction pol_cookie_accion(id_pc, accion_pc) {\n    localStorage.setItem('pol_cookie_' + id_pc, accion_pc);\n    var aceptarBtn = document.querySelectorAll('.pol_cookie_btn[id_pc=\"' + id_pc + '\"][accion_pc=\"Aceptar\"]');\n    var rechazarBtn = document.querySelectorAll('.pol_cookie_btn[id_pc=\"' + id_pc + '\"][accion_pc=\"Rechazar\"]');\n    \n    for (var i = 0; i < aceptarBtn.length; i++) {\n        aceptarBtn[i].setAttribute(\"estado\", \"\");\n        rechazarBtn[i].setAttribute(\"estado\", \"\");\n        \n        if (accion_pc === \"Aceptar\") {\n            aceptarBtn[i].setAttribute(\"estado\", \"seleccionado\");\n        } else if (accion_pc === \"Rechazar\") {\n            rechazarBtn[i].setAttribute(\"estado\", \"seleccionado\");\n        }\n    }\n}\n\nfunction pol_cookie_click(n, accion) {\n    pol_cookie_accion(n, accion);\n}\n\ndocument.addEventListener(\"DOMContentLoaded\", function() {\n    for (var i = 1; i <= 6; i++) {\n        if (localStorage.getItem('pol_cookie_' + i) === \"Aceptar\" || localStorage.getItem('pol_cookie_' + i) === \"Rechazar\") {\n            pol_cookie_accion(i, localStorage.getItem('pol_cookie_' + i));\n        } else {\n            pol_cookie_accion(i, \"Aceptar\");\n        }\n    }\n});\n\n<\/script>\t\t\t\t\t\t<\/div>\n\t\t\t\t<\/div>\n\t\t\t\t\t<\/div>\n\t\t\t\t<\/div>\n\t\t\t\t\t\t\t<\/div>\n\t\t","protected":false},"excerpt":{"rendered":"<p>Cette Politique de cookies fait partie int\u00e9grante et compl\u00e8te la Politique de confidentialit\u00e9 du site Web. Le titulaire est ROCK INTERNET S.L. (ci-apr\u00e8s, &#8220;Arkeero&#8221; ou la &#8220;Soci\u00e9t\u00e9&#8221;) avec NIF: B-86907953 et si\u00e8ge social: C\/Barquillo N.\u00ba 8 izq., 28004 Madrid, (Espagne). Donn\u00e9es d\u00b4immatriculation : Registre du commerce de Madrid, Tome 31853, Feuille 1, Inscription 1, Page&#8230;<\/p>\n","protected":false},"author":1,"featured_media":0,"parent":0,"menu_order":0,"comment_status":"closed","ping_status":"closed","template":"","meta":{"_monsterinsights_skip_tracking":false,"_monsterinsights_sitenote_active":false,"_monsterinsights_sitenote_note":"","_monsterinsights_sitenote_category":0,"footnotes":""},"acf":[],"aioseo_notices":[],"_links":{"self":[{"href":"https:\/\/ghughu.com\/fr\/wp-json\/wp\/v2\/pages\/1296"}],"collection":[{"href":"https:\/\/ghughu.com\/fr\/wp-json\/wp\/v2\/pages"}],"about":[{"href":"https:\/\/ghughu.com\/fr\/wp-json\/wp\/v2\/types\/page"}],"author":[{"embeddable":true,"href":"https:\/\/ghughu.com\/fr\/wp-json\/wp\/v2\/users\/1"}],"replies":[{"embeddable":true,"href":"https:\/\/ghughu.com\/fr\/wp-json\/wp\/v2\/comments?post=1296"}],"version-history":[{"count":21,"href":"https:\/\/ghughu.com\/fr\/wp-json\/wp\/v2\/pages\/1296\/revisions"}],"predecessor-version":[{"id":1411,"href":"https:\/\/ghughu.com\/fr\/wp-json\/wp\/v2\/pages\/1296\/revisions\/1411"}],"wp:attachment":[{"href":"https:\/\/ghughu.com\/fr\/wp-json\/wp\/v2\/media?parent=1296"}],"curies":[{"name":"wp","href":"https:\/\/api.w.org\/{rel}","templated":true}]}}