{"id":1296,"date":"2024-01-03T16:02:19","date_gmt":"2024-01-03T16:02:19","guid":{"rendered":"https:\/\/ghughu.com\/fi\/?page_id=1296"},"modified":"2024-01-08T10:32:58","modified_gmt":"2024-01-08T10:32:58","slug":"evastekaytanto","status":"publish","type":"page","link":"https:\/\/ghughu.com\/fi\/evastekaytanto\/","title":{"rendered":"Ev\u00e4stek\u00e4yt\u00e4nt\u00f6"},"content":{"rendered":"\t\t<div data-elementor-type=\"wp-page\" data-elementor-id=\"1296\" class=\"elementor elementor-1296\">\n\t\t\t\t\t\t\t<div class=\"elementor-element elementor-element-49d4263c e-flex e-con-boxed e-con e-parent\" data-id=\"49d4263c\" data-element_type=\"container\" data-settings=\"{&quot;content_width&quot;:&quot;boxed&quot;}\" data-core-v316-plus=\"true\">\n\t\t\t\t\t<div class=\"e-con-inner\">\n\t\t\t\t<div class=\"elementor-element elementor-element-752fc7e6 elementor-widget elementor-widget-text-editor\" data-id=\"752fc7e6\" data-element_type=\"widget\" data-widget_type=\"text-editor.default\">\n\t\t\t\t<div class=\"elementor-widget-container\">\n\t\t\t<style>\/*! elementor - v3.18.0 - 20-12-2023 *\/\n.elementor-widget-text-editor.elementor-drop-cap-view-stacked .elementor-drop-cap{background-color:#69727d;color:#fff}.elementor-widget-text-editor.elementor-drop-cap-view-framed .elementor-drop-cap{color:#69727d;border:3px solid;background-color:transparent}.elementor-widget-text-editor:not(.elementor-drop-cap-view-default) .elementor-drop-cap{margin-top:8px}.elementor-widget-text-editor:not(.elementor-drop-cap-view-default) .elementor-drop-cap-letter{width:1em;height:1em}.elementor-widget-text-editor .elementor-drop-cap{float:left;text-align:center;line-height:1;font-size:50px}.elementor-widget-text-editor .elementor-drop-cap-letter{display:inline-block}<\/style>\t\t\t\t<p>T\u00e4m\u00e4 ev\u00e4stek\u00e4yt\u00e4nt\u00f6 on osa ja t\u00e4ydent\u00e4\u00e4 verkkosivuston yksityisyyden suoja -k\u00e4yt\u00e4nt\u00f6\u00e4. Omistaja on ROCK INTERNET S.L. (j\u00e4ljemp\u00e4n\u00e4 &#8220;Arkeero&#8221; tai &#8220;Yhti\u00f6&#8221;) NIF: B-86907953, osoite: C\/Barquillo N.\u00ba 8 izq., 28004 Madrid, (Espanja). Rekisteritiedot: Madridin kauppakamari, osasto 31853, sivu 1, merkint\u00e4 1, lehti M-573205 S\u00e4hk\u00f6postiyhteys: dpd@arkeero.com<\/p>\n<p>T\u00e4m\u00e4 verkkosivusto k\u00e4ytt\u00e4\u00e4 ev\u00e4steit\u00e4 tai muita vastaavia tietojen tallennus- ja palautuslaitteita (j\u00e4ljemp\u00e4n\u00e4 &#8220;ev\u00e4steet&#8221;) tarjotakseen k\u00e4ytt\u00e4jille paremman, nopeamman ja turvallisemman kokemuksen. Alla selitet\u00e4\u00e4n n\u00e4it\u00e4 teknologioita, niiden k\u00e4ytt\u00f6tarkoitusta (kuten kirjautumista varten, asetustesi tallentamista, n\u00e4ytett\u00e4v\u00e4n sis\u00e4ll\u00f6n mukauttamista ja sinulle relevantimpien mainosten n\u00e4ytt\u00e4mist\u00e4) ja niiden hallinnointia.<\/p>\n<p>Verkkosivusto on saatavilla useilla kielill\u00e4. Jos on ristiriitaa espanjankielisen ja muiden kielten v\u00e4lill\u00e4 n\u00e4iss\u00e4 k\u00e4ytt\u00f6ehdoissa, espanjankielinen versio on ensisijainen.<\/p>\n<h2>Mit\u00e4 ovat ev\u00e4steet?<\/h2>\n<p>Ev\u00e4steet ovat pieni\u00e4 tekstitiedostoja, jotka sis\u00e4ltyv\u00e4t verkkosivustoihin ja ladataan ja tallennetaan k\u00e4ytt\u00e4j\u00e4n laitteeseen (tietokone, tabletti tai matkapuhelin), kun k\u00e4ytt\u00e4j\u00e4 k\u00e4ytt\u00e4\u00e4 niit\u00e4.<\/p>\n<p>Yleisesti ottaen n\u00e4m\u00e4 tekniikat voivat palvella monenlaisia tarkoituksia, kuten k\u00e4vij\u00e4n tunnistamista k\u00e4ytt\u00e4j\u00e4ksi, tiedon ker\u00e4\u00e4mist\u00e4 selailutottumuksista tai sis\u00e4ll\u00f6n esitystavan mukauttamista. N\u00e4iden teknologioiden tarkat k\u00e4yt\u00f6t on kuvattu alla. Ne eiv\u00e4t kuitenkaan voi vahingoittaa k\u00e4ytt\u00e4j\u00e4n laitetta eiv\u00e4tk\u00e4 tunnistaa k\u00e4ytt\u00e4j\u00e4\u00e4 henkil\u00f6kohtaisesti.<\/p>\n<h2>Mink\u00e4 tyyppisi\u00e4 ev\u00e4steit\u00e4 t\u00e4t\u00e4 verkkosivustoa k\u00e4ytt\u00e4\u00e4?<\/h2>\n<p>T\u00e4m\u00e4 verkkosivusto k\u00e4ytt\u00e4\u00e4 omia ev\u00e4steit\u00e4\u00e4n sek\u00e4 kolmansien osapuolten sivustoista per\u00e4isin olevia ev\u00e4steit\u00e4, jotka kuuluvat Arkeeroon, yhteisty\u00f6kumppaneihin ja kolmansiin osapuoliin, jotka toimivat verkossa, seuraaviin tarkoituksiin.<\/p>\n<p>Ev\u00e4steet voivat olla pysyvi\u00e4 tai istuntoev\u00e4steit\u00e4. Pysyv\u00e4t ev\u00e4steet ovat niit\u00e4, jotka pysyv\u00e4t tallennettuna k\u00e4ytt\u00e4j\u00e4n laitteeseen ja joiden tietoihin voidaan p\u00e4\u00e4st\u00e4 ja joita voidaan k\u00e4sitell\u00e4 ev\u00e4steen haltijan m\u00e4\u00e4rittelem\u00e4n ajanjakson ajan. Kesto voi vaihdella muutamasta minuutista useisiin vuosiin.<\/p>\n<p>Istuntoev\u00e4steet sen sijaan ovat ev\u00e4steit\u00e4, jotka on suunniteltu ker\u00e4\u00e4m\u00e4\u00e4n ja tallentamaan tietoja, kun k\u00e4ytt\u00e4j\u00e4 vierailee verkkosivulla. Niit\u00e4 k\u00e4ytet\u00e4\u00e4n yleens\u00e4 tallentamaan tietoa, joka kiinnostaa s\u00e4ilytt\u00e4\u00e4 vain kerran k\u00e4ytt\u00e4j\u00e4n pyyt\u00e4m\u00e4n palvelun suorittamiseksi.<\/p>\n<p>Jos k\u00e4ytt\u00e4j\u00e4 hyv\u00e4ksyy kolmansien osapuolten ev\u00e4steet, ne on poistettava selaimen asetuksista tai kolmannen osapuolen tarjoamasta j\u00e4rjestelm\u00e4st\u00e4, jos k\u00e4ytt\u00e4j\u00e4 my\u00f6hemmin haluaa peruuttaa suostumuksensa. K\u00e4ytt\u00e4jille suositellaan siksi omien tietosuojak\u00e4yt\u00e4nt\u00f6jens\u00e4 tarkistamista saadakseen lis\u00e4tietoja.<\/p>\n<h3>(i) Tekniset ja ehdottoman v\u00e4ltt\u00e4m\u00e4tt\u00f6m\u00e4t ev\u00e4steet<\/h3>\n<p>N\u00e4m\u00e4 ev\u00e4steet ovat tarpeellisia verkkosivustomme oikean toiminnan kannalta. Ne mahdollistavat k\u00e4ytt\u00e4j\u00e4n selaamisen verkkosivustolla ja erilaisten vaihtoehtojen tai palveluiden k\u00e4yt\u00f6n, kuten istunnon tunnistamisen, kielen, rajoitetun p\u00e4\u00e4syn osiin, turvallisuuteen liittyv\u00e4\u00e4n petoksen tarkkailuun ja palvelun tehokkuuden arviointiin. T\u00e4m\u00e4n tyyppisi\u00e4 ev\u00e4steit\u00e4 voidaan asentaa ilman k\u00e4ytt\u00e4j\u00e4n etuk\u00e4teen antamaa suostumusta, jos ne ovat tarpeen verkkosivuston toiminnallisuuden aktivoimiseksi. Ilman n\u00e4it\u00e4 ev\u00e4steit\u00e4 verkkosivusto ei voi toimia oikein.<\/p>\n<h3>(ii) Analyyttiset ja suorituskykyev\u00e4steet<\/h3>\n<p>N\u00e4m\u00e4 ovat ev\u00e4steit\u00e4, jotka me tai kolmannet osapuolet k\u00e4sittelemme, ja jotka mahdollistavat k\u00e4ytt\u00e4jien m\u00e4\u00e4r\u00e4n laskemisen, k\u00e4yt\u00f6n mittaamisen ja tilastollisen analyysin verkkosivuston ja tarjottujen tuotteiden tai palvelujen k\u00e4yt\u00f6st\u00e4. T\u00e4h\u00e4n tarkoitukseen analysoidaan verkkosivustolla tapahtuvaa selausta tuotteiden tai palvelujen tarjontaa parantaakseen.<\/p>\n<p>N\u00e4ill\u00e4 ev\u00e4steill\u00e4 saatu tieto ei mahdollista k\u00e4ytt\u00e4jien henkil\u00f6kohtaisen tunnistamisen. Kaikki ker\u00e4tty tieto on koottua ja siten anonyymi\u00e4. N\u00e4iden ev\u00e4steiden teht\u00e4v\u00e4n\u00e4 on hankkia tilastoja ja raportteja, jotka mahdollistavat verkkosivuston toiminnan parantamisen.<\/p>\n<p>N\u00e4m\u00e4 ev\u00e4steet asennetaan vain, jos k\u00e4ytt\u00e4j\u00e4 hyv\u00e4ksyy ne.<\/p>\n<h3>Luettelo analyyttisist\u00e4 ev\u00e4steist\u00e4:<\/h3>\n\n<table border=\"1\">\n   <tbody><tr>\n      <th style=\"padding:10px\">Ev\u00e4ste<\/th>\n      <th style=\"padding:10px\">Oma vai kolmannen osapuolen<\/th>\n      <th style=\"padding:10px\">Kestoaika<\/th>\n      <th style=\"padding:10px\">Tarkoitus<\/th>\n      <th style=\"padding:10px\">Linkki kolmannen osapuolen yksityisyysk\u00e4yt\u00e4nt\u00f6\u00f6n<\/th>\n   <\/tr>\n   <tr>\n      <td style=\"padding:10px\">_ga<\/td>\n      <td style=\"padding:10px\">Google Analytics<\/td>\n      <td style=\"padding:10px\">2 vuotta<\/td>\n      <td style=\"padding:10px\">Google Analyticsin analyysiev\u00e4ste, joka laskuttaa k\u00e4vij\u00e4t, istunnot ja kampanjat ja seuraa sivuston k\u00e4ytt\u00f6\u00e4 sivuston analyysiraporttia varten. Ev\u00e4steet tallentavat tietoja anonyymisti ja antavat satunnaisesti luodun numeron yksil\u00f6im\u00e4\u00e4n ainutlaatuiset k\u00e4vij\u00e4t.<\/td>\n      <td style=\"padding:10px\">Voit tarkastella Google Analyticsin yksityisyysk\u00e4yt\u00e4nt\u00f6\u00e4 seuraavan linkin kautta:<a href=\"#politicaprivacidad\" onclick=\"open_overlay_pol()\"><u>Yksityisyysk\u00e4yt\u00e4nt\u00f6<\/u><\/a><\/td>\n   <\/tr>\n   <tr>\n      <td style=\"padding:10px\">_ga_7TY1VP5SH5<\/td>\n      <td style=\"padding:10px\">Google Analytics<\/td>\n      <td style=\"padding:10px\">2 vuotta<\/td>\n      <td style=\"padding:10px\">Google Analyticsin analyysiev\u00e4ste, joka laskuttaa k\u00e4vij\u00e4t, istunnot ja kampanjat ja seuraa sivuston k\u00e4ytt\u00f6\u00e4 sivuston analyysiraporttia varten. Ev\u00e4steet tallentavat tietoja anonyymisti ja antavat satunnaisesti luodun numeron yksil\u00f6im\u00e4\u00e4n ainutlaatuiset k\u00e4vij\u00e4t.<\/td>\n      <td style=\"padding:10px\">Voit tarkastella Google Analyticsin yksityisyysk\u00e4yt\u00e4nt\u00f6\u00e4 seuraavan linkin kautta:<a href=\"#politicaprivacidad\" onclick=\"open_overlay_pol()\"><u>Yksityisyysk\u00e4yt\u00e4nt\u00f6<\/u><\/a><\/td>\n   <\/tr>\n<\/tbody><\/table>\n<h3>(iii) Sosiaalisen median ev\u00e4steet<\/h3>\n<p>Jotkin palvelut voivat k\u00e4ytt\u00e4\u00e4 yhteyksi\u00e4 eri sosiaalisen median alustoihin, kuten esimerkiksi Facebook, Twitter, Instagram, LinkedIn tai YouTube. K\u00e4ytt\u00e4m\u00e4ll\u00e4 sosiaalisen median kirjautumista k\u00e4ytt\u00e4j\u00e4 antaa luvan sosiaalisen median asettaa ev\u00e4steit\u00e4 ja sallii komponentin palautumisen sosiaalisen median operaattorin palvelimelta.<\/p>\n<p>Lis\u00e4ksi kun k\u00e4ytt\u00e4j\u00e4 vierailee verkkosivustollamme, suora yhteys muodostuu h\u00e4nen selaimensa ja sosiaalisen median operaattorin palvelimen v\u00e4lill\u00e4 sosiaalisen median komponentin kautta. Siksi sosiaalinen media voi saada tietoa k\u00e4ytt\u00e4j\u00e4n vierailtujen tiettyjen verkkosivujen IP-osoitteen kautta. Yrityksell\u00e4 ei kuitenkaan ole p\u00e4\u00e4sy\u00e4 siirrettyjen tietojen sis\u00e4lt\u00f6\u00f6n eik\u00e4 niiden k\u00e4ytt\u00f6\u00f6n sosiaalisen median puolelta. T\u00e4m\u00e4 k\u00e4yt\u00e4nt\u00f6 ei koske sosiaalisen median tietosuojak\u00e4sittely\u00e4. Siksi yritys ei ota mit\u00e4\u00e4n vastuuta henkil\u00f6tietojen suojaamisesta n\u00e4it\u00e4 sivustoja avattaessa.<\/p>\n<p>K\u00e4ytt\u00e4j\u00e4 voi l\u00f6yt\u00e4\u00e4 lis\u00e4tietoja niiden k\u00e4yt\u00f6st\u00e4 kyseisten sosiaalisen median yksityisyysk\u00e4yt\u00e4nn\u00f6ist\u00e4:<\/p>\n<p>Facebook:<a target=\"_blank\" href=\"https:\/\/www.facebook.com\/policy.php\"><u>https:\/\/www.facebook.com\/policy.php<\/u><\/a><\/p>\n<p>Twitter:<a target=\"_blank\" href=\"https:\/\/twitter.com\/privacy?lang=en\"><u>https:\/\/twitter.com\/privacy?lang=en<\/u><\/a><\/p>\n<p>Instagram:<a target=\"_blank\" href=\"https:\/\/www.instagram.com\/about\/legal\/privacy\/\"><u>https:\/\/www.instagram.com\/about\/legal\/privacy\/<\/u><\/a><\/p>\n<p>LinkedIn:<a target=\"_blank\" href=\"https:\/\/www.linkedin.com\/legal\/privacy-policy\"><u>https:\/\/www.linkedin.com\/legal\/privacy-policy<\/u><\/a><\/p>\n<p>YouTube:<a target=\"_blank\" href=\"https:\/\/policies.google.com\/privacy?hl=en\"><u>https:\/\/policies.google.com\/privacy?hl=en<\/u><\/a><\/p>\n<h2>Mit\u00e4 s\u00e4ilytysajat ovat?<\/h2>\n<p>K\u00e4ytetyt ev\u00e4steet s\u00e4ilytet\u00e4\u00e4n laitteessa niin kauan kuin ne ovat tarpeen sille tarkoitukselle, johon ne asennettiin, ja enint\u00e4\u00e4n kunkin ev\u00e4steen m\u00e4\u00e4rittelem\u00e4 ajanjakso, ellei k\u00e4ytt\u00e4j\u00e4 p\u00e4\u00e4t\u00e4 peruuttaa suostumustaan tai poistaa niit\u00e4 selaimen asetusten kautta.<\/p>\n<h2>Kansainv\u00e4liset siirrot?<\/h2>\n<p>Joitakin kolmannen osapuolen ev\u00e4steiden kautta saatuja henkil\u00f6tietoja voidaan siirt\u00e4\u00e4 kansainv\u00e4lisesti. Lis\u00e4tietoja kunkin kolmannen osapuolen suorittamista kansainv\u00e4lisist\u00e4 siirroista k\u00e4ytt\u00e4j\u00e4n tulee hakea asiaankuuluvien yksityisyysk\u00e4yt\u00e4nt\u00f6jen kautta.<\/p>\n<h2>Miten hyv\u00e4ksy\u00e4, hyl\u00e4t\u00e4, est\u00e4\u00e4 tai poistaa ev\u00e4steet?<\/h2>\n<p>K\u00e4ytt\u00e4j\u00e4 voi sallia, est\u00e4\u00e4 tai poistaa ev\u00e4steet selaimen asetusten kautta tai m\u00e4\u00e4ritt\u00e4\u00e4 selaimen ilmoittamaan, kun palvelin haluaa tallentaa ev\u00e4steen:<\/p>\n<p>a) Microsoft Internet Explorer: Katso vaihtoehto Ty\u00f6kalut-valikosta &gt; Internet-asetukset &gt; Yksityisyys &gt; Asetukset. Lis\u00e4tietoja:<br><a target=\"_blank\" href=\"http:\/\/windows.microsoft.com\/es-es\/windows-vista\/block-or-allow-cookies\"><u>http:\/\/windows.microsoft.com\/es-es\/windows-vista\/block-or-allow-cookies<\/u><\/a>ja<a target=\"_blank\" href=\"http:\/\/windows.microsoft.com\/es-es\/windows7\/how-to-manage-cookies-in-internet-explorer-9\"><u>http:\/\/windows.microsoft.com\/es-es\/windows7\/how-to-manage-cookies-in-internet-explorer-9<\/u><\/a>.<\/p>\n<p>b) Firefox: Katso vaihtoehto Ty\u00f6kalut-valikosta &gt; Asetukset &gt; Yksityisyys &gt; ev\u00e4steet. Lis\u00e4tietoja:<br><a target=\"_blank\" href=\"https:\/\/support.mozilla.org\/es\/kb\/habilitar-y-deshabilitar-cookies-sitios-web-rastrear-preferencias?redirectlocale=es&amp;redirectslug=habilitar-y-deshabilitar-cookies-que-los-sitios-we\"><u>https:\/\/support.mozilla.org\/es\/kb\/habilitar-y-deshabilitar-cookies-sitios-web-rastrear-preferencias?redirectlocale=es&amp;redirectslug=habilitar-y-deshabilitar-cookies-que-los-sitios-we<\/u><\/a>.<\/p>\n<p>c) Chrome: Katso Ominaisuudet &gt; Lis\u00e4asetukset &gt; Yksityisyys. Lis\u00e4tietoja:<br><a target=\"_blank\" href=\"https:\/\/support.google.com\/accounts\/answer\/61416?hl=es\"><u>https:\/\/support.google.com\/accounts\/answer\/61416?hl=es<\/u><\/a>.<\/p>\n<p>d) Opera: Katso vaihtoehto Turvallisuus ja yksityisyys. Lis\u00e4tietoja:<br><a target=\"_blank\" href=\"http:\/\/help.opera.com\/Windows\/11.50\/es-ES\/cookies.html\"><u>http:\/\/help.opera.com\/Windows\/11.50\/es-ES\/cookies.html<\/u><\/a>.<\/p>\n<p>e) Safari: Katso vaihtoehto Asetukset\/Yksityisyys. Lis\u00e4tietoja:<br><a target=\"_blank\" href=\"http:\/\/support.apple.com\/kb\/HT1677?viewlocale=es_ES\"><u>http:\/\/support.apple.com\/kb\/HT1677?viewlocale=es_ES<\/u><\/a>.<\/p>\n<p>Lis\u00e4ksi mobiililaitteiden selaimet mahdollistavat yksityisyysasetusten muokkaamisen ev\u00e4steiden poistamiseksi tai est\u00e4miseksi. Jos k\u00e4ytt\u00e4j\u00e4 haluaa muuttaa yksityisyysasetuksiaan, h\u00e4nen on noudatettava mobiililaitteen selaimen kehitt\u00e4j\u00e4n antamia ohjeita.<\/p>\n<p>T\u00e4ss\u00e4 on joitakin esimerkkej\u00e4, jotka auttavat k\u00e4ytt\u00e4ji\u00e4 muokkaamaan yksityisyysasetuksiaan mobiililaitteissaan:<\/p>\n<p>a) Safari iOS: <a target=\"_blank\" href=\"https:\/\/support.apple.com\/es-es\/HT201265\"><u>https:\/\/support.apple.com\/es-es\/HT201265<\/u><\/a><\/p>\n<p>b) Firefox Androidille: <a target=\"_blank\" href=\"https:\/\/support.mozilla.org\/es\/kb\/bloquear-cookies-en-firefox-focus-para-android\"><u>https:\/\/support.mozilla.org\/es\/kb\/bloquear-cookies-en-firefox-focus-para-android<\/u><\/a><\/p>\n<p>c) Chrome Androidille: <a target=\"_blank\" href=\"https:\/\/support.google.com\/accounts\/answer\/32050?co=GENIE.Platform%3DAndroid&amp;hl=es&amp;oco=0\"><u>https:\/\/support.google.com\/accounts\/answer\/32050?co=GENIE.Platform%3DAndroid&amp;hl=es&amp;oco=0<\/u><\/a><\/p>\n<p>d) Chrome iOS: <a target=\"_blank\" href=\"https:\/\/support.google.com\/accounts\/answer\/32050?co=GENIE.Platform%3DiOS&amp;hl=es&amp;oco=0\"><u>https:\/\/support.google.com\/accounts\/answer\/32050?co=GENIE.Platform%3DiOS&amp;hl=es&amp;oco=0<\/u><\/a><\/p>\n<h2>P\u00e4ivitys ev\u00e4stepolitiikkaan<\/h2>\n<p>Ev\u00e4stepolitiikkamme voi muuttua lains\u00e4\u00e4d\u00e4nn\u00f6llisten muutosten ja tarpeiden sek\u00e4 palvelujemme tarjoamisen ja tarjoamisen muuttumisen vuoksi. Siksi suosittelemme, ett\u00e4 k\u00e4ytt\u00e4j\u00e4t vierailevat ja tarkistavat ev\u00e4stepolitiikkamme s\u00e4\u00e4nn\u00f6llisesti saadakseen tietoa viimeisimmist\u00e4 mahdollisista muutoksista. Jos t\u00e4llaiset muutokset liittyv\u00e4t annettuun suostumukseen, erillinen ja erillinen ilmoitus l\u00e4hetet\u00e4\u00e4n uuden suostumuksen ker\u00e4\u00e4miseksi.<\/p>\n<h2>Yhteystiedot<\/h2>\n<p>K\u00e4ytt\u00e4j\u00e4t voivat saada lis\u00e4tietoja yhteis\u00f6n suorittamasta tietojen k\u00e4sittelyst\u00e4 sek\u00e4 siit\u00e4, miten he voivat k\u00e4ytt\u00e4\u00e4 oikeuksiaan Tietosuojak\u00e4yt\u00e4nn\u00f6ss\u00e4mme. Lis\u00e4ksi k\u00e4ytt\u00e4j\u00e4t voivat ottaa suoraan yhteytt\u00e4 Arkeeroon s\u00e4hk\u00f6postitse osoitteeseen: dpd@arkeero.com tai yll\u00e4 olevaan osoitteeseen.<\/p><style>\n.pol_cookie_btn{\n\tborder:1px solid #ccc;\n\tbox-sizing:border-box;\n\tpadding:5px;\n\ttext-align:left;\n\twidth:100px;\n\tfloat:right;\n\tfont-size:14px;\n\tline-height:14px;\n\tcolor:#999;\n\tbackground-color:#FFF;\n\tmargin-right:10px;\n\tcursor:pointer;\n}\n.pol_cookie_btn[estado=\"seleccionado\"]{\n\tborder:1px solid #000;\n\tcolor:#fff;\n\tbackground-color:#666;\n\tcursor:default;\n}\n<\/style>\n\n<br>\n<strong>USTED PERMITE:<\/strong>\n<br>\n<table width=\"100%\" border=\"0\" cellspacing=\"0\" cellpadding=\"10\">\n  <tbody><tr>\n    <td valign=\"top\">Jakaa selausk\u00e4ytt\u00e4ytymisesi ja kiinnostuksen kohteidesi ryhm\u00e4t kolmansien osapuolten kanssa<\/td>\n    <td valign=\"top\"><div class=\"pol_cookie_btn\" id_pc=\"1\" accion_pc=\"Aceptar\" onclick=\"pol_cookie_click('1','Aceptar')\" estado=\"seleccionado\">\u2713&nbsp;&nbsp;&nbsp;Hyv\u00e4ksy<\/div><div class=\"pol_cookie_btn\" id_pc=\"1\" accion_pc=\"Rechazar\" onclick=\"pol_cookie_click('1','Rechazar')\" estado=\"\">X&nbsp;&nbsp;&nbsp;Hylk\u00e4\u00e4<\/div><\/td>\n  <\/tr>\n  <tr>\n    <td valign=\"top\">Tietojen k\u00e4ytt\u00f6 ja tallennus<\/td>\n    <td valign=\"top\"><div class=\"pol_cookie_btn\" id_pc=\"2\" accion_pc=\"Aceptar\" onclick=\"pol_cookie_click('2','Aceptar')\" estado=\"seleccionado\">\u2713&nbsp;&nbsp;&nbsp;Hyv\u00e4ksy<\/div><div class=\"pol_cookie_btn\" id_pc=\"2\" accion_pc=\"Rechazar\" onclick=\"pol_cookie_click('2','Rechazar')\" estado=\"\">X&nbsp;&nbsp;&nbsp;Hylk\u00e4\u00e4<\/div><\/td>\n  <\/tr>\n  <tr>\n    <td valign=\"top\">R\u00e4\u00e4t\u00e4l\u00f6inti<\/td>\n    <td valign=\"top\"><div class=\"pol_cookie_btn\" id_pc=\"3\" accion_pc=\"Aceptar\" onclick=\"pol_cookie_click('3','Aceptar')\" estado=\"seleccionado\">\u2713&nbsp;&nbsp;&nbsp;Hyv\u00e4ksy<\/div><div class=\"pol_cookie_btn\" id_pc=\"3\" accion_pc=\"Rechazar\" onclick=\"pol_cookie_click('3','Rechazar')\" estado=\"\">X&nbsp;&nbsp;&nbsp;Hylk\u00e4\u00e4<\/div><\/td>\n  <\/tr>\n  <tr>\n    <td valign=\"top\">Sis\u00e4ll\u00f6n valinta, toimitus ja raportointi<\/td>\n    <td valign=\"top\"><div class=\"pol_cookie_btn\" id_pc=\"4\" accion_pc=\"Aceptar\" onclick=\"pol_cookie_click('4','Aceptar')\" estado=\"seleccionado\">\u2713&nbsp;&nbsp;&nbsp;Hyv\u00e4ksy<\/div><div class=\"pol_cookie_btn\" id_pc=\"4\" accion_pc=\"Rechazar\" onclick=\"pol_cookie_click('4','Rechazar')\" estado=\"\">X&nbsp;&nbsp;&nbsp;Hylk\u00e4\u00e4<\/div><\/td>\n  <\/tr>\n  <tr>\n    <td valign=\"top\">Mainonnan valinta, toimitus ja raportointi<\/td>\n    <td valign=\"top\"><div class=\"pol_cookie_btn\" id_pc=\"5\" accion_pc=\"Aceptar\" onclick=\"pol_cookie_click('5','Aceptar')\" estado=\"seleccionado\">\u2713&nbsp;&nbsp;&nbsp;Hyv\u00e4ksy<\/div><div class=\"pol_cookie_btn\" id_pc=\"5\" accion_pc=\"Rechazar\" onclick=\"pol_cookie_click('5','Rechazar')\" estado=\"\">X&nbsp;&nbsp;&nbsp;Hylk\u00e4\u00e4<\/div><\/td>\n  <\/tr>\n  <tr>\n    <td valign=\"top\">Mittaus<\/td>\n    <td valign=\"top\"><div class=\"pol_cookie_btn\" id_pc=\"6\" accion_pc=\"Aceptar\" onclick=\"pol_cookie_click('6','Aceptar')\" estado=\"seleccionado\">\u2713&nbsp;&nbsp;&nbsp;Hyv\u00e4ksy<\/div><div class=\"pol_cookie_btn\" id_pc=\"6\" accion_pc=\"Rechazar\" onclick=\"pol_cookie_click('6','Rechazar')\" estado=\"\">X&nbsp;&nbsp;&nbsp;Hylk\u00e4\u00e4<\/div><\/td>\n  <\/tr>\n<\/tbody><\/table>\n<script>\nfunction pol_cookie_accion(id_pc, accion_pc) {\n    localStorage.setItem('pol_cookie_' + id_pc, accion_pc);\n    var aceptarBtn = document.querySelector('.pol_cookie_btn[id_pc=\"' + id_pc + '\"][accion_pc=\"Aceptar\"]');\n    var rechazarBtn = document.querySelector('.pol_cookie_btn[id_pc=\"' + id_pc + '\"][accion_pc=\"Rechazar\"]');\n    \n    aceptarBtn.setAttribute(\"estado\", \"\");\n    rechazarBtn.setAttribute(\"estado\", \"\");\n    \n    if (accion_pc === \"Aceptar\") {\n        aceptarBtn.setAttribute(\"estado\", \"seleccionado\");\n    } else if (accion_pc === \"Rechazar\") {\n        rechazarBtn.setAttribute(\"estado\", \"seleccionado\");\n    }\n}\n\nfunction pol_cookie_click(n, accion) {\n    pol_cookie_accion(n, accion);\n}\n\ndocument.addEventListener(\"DOMContentLoaded\", function() {\n    for (var i = 1; i <= 6; i++) {\n        if (localStorage.getItem('pol_cookie_' + i) === \"Aceptar\" || localStorage.getItem('pol_cookie_' + i) === \"Rechazar\") {\n            pol_cookie_accion(i, localStorage.getItem('pol_cookie_' + i));\n        } else {\n            pol_cookie_accion(i, \"Aceptar\");\n        }\n    }\n});\n<\/script>\t\t\t\t\t\t<\/div>\n\t\t\t\t<\/div>\n\t\t\t\t\t<\/div>\n\t\t\t\t<\/div>\n\t\t\t\t\t\t\t<\/div>\n\t\t","protected":false},"excerpt":{"rendered":"<p>T\u00e4m\u00e4 ev\u00e4stek\u00e4yt\u00e4nt\u00f6 on osa ja t\u00e4ydent\u00e4\u00e4 verkkosivuston yksityisyyden suoja -k\u00e4yt\u00e4nt\u00f6\u00e4. Omistaja on ROCK INTERNET S.L. (j\u00e4ljemp\u00e4n\u00e4 &#8220;Arkeero&#8221; tai &#8220;Yhti\u00f6&#8221;) NIF: B-86907953, osoite: C\/Barquillo N.\u00ba 8 izq., 28004 Madrid, (Espanja). Rekisteritiedot: Madridin kauppakamari, osasto 31853, sivu 1, merkint\u00e4 1, lehti M-573205 S\u00e4hk\u00f6postiyhteys: dpd@arkeero.com T\u00e4m\u00e4 verkkosivusto k\u00e4ytt\u00e4\u00e4 ev\u00e4steit\u00e4 tai muita vastaavia tietojen tallennus- ja palautuslaitteita (j\u00e4ljemp\u00e4n\u00e4 &#8220;ev\u00e4steet&#8221;)&#8230;<\/p>\n","protected":false},"author":1,"featured_media":0,"parent":0,"menu_order":0,"comment_status":"closed","ping_status":"closed","template":"","meta":{"_monsterinsights_skip_tracking":false,"_monsterinsights_sitenote_active":false,"_monsterinsights_sitenote_note":"","_monsterinsights_sitenote_category":0,"footnotes":""},"acf":[],"aioseo_notices":[],"_links":{"self":[{"href":"https:\/\/ghughu.com\/fi\/wp-json\/wp\/v2\/pages\/1296"}],"collection":[{"href":"https:\/\/ghughu.com\/fi\/wp-json\/wp\/v2\/pages"}],"about":[{"href":"https:\/\/ghughu.com\/fi\/wp-json\/wp\/v2\/types\/page"}],"author":[{"embeddable":true,"href":"https:\/\/ghughu.com\/fi\/wp-json\/wp\/v2\/users\/1"}],"replies":[{"embeddable":true,"href":"https:\/\/ghughu.com\/fi\/wp-json\/wp\/v2\/comments?post=1296"}],"version-history":[{"count":20,"href":"https:\/\/ghughu.com\/fi\/wp-json\/wp\/v2\/pages\/1296\/revisions"}],"predecessor-version":[{"id":1433,"href":"https:\/\/ghughu.com\/fi\/wp-json\/wp\/v2\/pages\/1296\/revisions\/1433"}],"wp:attachment":[{"href":"https:\/\/ghughu.com\/fi\/wp-json\/wp\/v2\/media?parent=1296"}],"curies":[{"name":"wp","href":"https:\/\/api.w.org\/{rel}","templated":true}]}}