{"id":1296,"date":"2024-01-03T16:02:19","date_gmt":"2024-01-03T16:02:19","guid":{"rendered":"https:\/\/ghughu.com\/es\/?page_id=1296"},"modified":"2025-03-05T16:08:44","modified_gmt":"2025-03-05T16:08:44","slug":"politica-de-cookies","status":"publish","type":"page","link":"https:\/\/ghughu.com\/es\/politica-de-cookies\/","title":{"rendered":"Pol\u00edtica de Cookies"},"content":{"rendered":"\t\t<div data-elementor-type=\"wp-page\" data-elementor-id=\"1296\" class=\"elementor elementor-1296\">\n\t\t\t\t\t\t\t<div class=\"elementor-element elementor-element-49d4263c e-flex e-con-boxed e-con e-parent\" data-id=\"49d4263c\" data-element_type=\"container\" data-settings=\"{&quot;content_width&quot;:&quot;boxed&quot;}\" data-core-v316-plus=\"true\">\n\t\t\t\t\t<div class=\"e-con-inner\">\n\t\t\t\t<div class=\"elementor-element elementor-element-752fc7e6 elementor-widget elementor-widget-text-editor\" data-id=\"752fc7e6\" data-element_type=\"widget\" data-widget_type=\"text-editor.default\">\n\t\t\t\t<div class=\"elementor-widget-container\">\n\t\t\t<style>\/*! elementor - v3.18.0 - 20-12-2023 *\/\n.elementor-widget-text-editor.elementor-drop-cap-view-stacked .elementor-drop-cap{background-color:#69727d;color:#fff}.elementor-widget-text-editor.elementor-drop-cap-view-framed .elementor-drop-cap{color:#69727d;border:3px solid;background-color:transparent}.elementor-widget-text-editor:not(.elementor-drop-cap-view-default) .elementor-drop-cap{margin-top:8px}.elementor-widget-text-editor:not(.elementor-drop-cap-view-default) .elementor-drop-cap-letter{width:1em;height:1em}.elementor-widget-text-editor .elementor-drop-cap{float:left;text-align:center;line-height:1;font-size:50px}.elementor-widget-text-editor .elementor-drop-cap-letter{display:inline-block}<\/style>\t\t\t\t<p>Esta Pol\u00edtica de cookies forma parte y complementa la Pol\u00edtica de Privacidad del Sitio Web. El titular es ROCK INTERNET S.L. (en adelante, \u201cArkeero\u201d o la \u201cSociedad\u201d) con NIF: B- 86907953 y domicilio social: C\/Barquillo N.\u00ba 8 izq., 28004 Madrid, (Espa\u00f1a). Datos registrales: Registro Mercantil de Madrid, Tomo 31853, Folio 1, Inscripci\u00f3n 1, Hoja M-573205 E-mail de contacto <a href=\"mailto:dpd@arkeero.com\">dpd@arkeero.com<\/a><\/p><p>Este Sitio Web utiliza cookies u otros dispositivos de almacenamiento y recuperaci\u00f3n de datos de funcionalidad similar (en adelante, \u201ccookies\u201d) para brindar a los Usuarios una mejor experiencia, m\u00e1s r\u00e1pida y segura. A continuaci\u00f3n, se explica cu\u00e1les son estas tecnolog\u00edas, para qu\u00e9 se utilizan, (por ejemplo, para iniciar sesi\u00f3n de navegaci\u00f3n, guardar tus preferencias, personalizar el contenido que se difunde y mostrarte anuncios m\u00e1s pertinentes) y por qui\u00e9n son gestionadas.<\/p><p>El Sitio Web est\u00e1 disponible en varios idiomas. En caso de conflicto entre la versi\u00f3n en castellano y otros idiomas de estos T\u00e9rminos de Uso, la versi\u00f3n en castellano prevalecer\u00e1 sobre las dem\u00e1s.<\/p><h2>\u00bfQu\u00e9 son las cookies?<\/h2><p>Las cookies son peque\u00f1os archivos de texto que incluidos en el Sitios Web que se descargan y almacenan en el dispositivo del Usuario (ordenador, Tablet o m\u00f3vil) cuando accede al mismo.<\/p><p>En general, estas tecnolog\u00edas pueden servir para finalidades muy diversas, como, por ejemplo, reconocer al visitante como Usuario, obtener informaci\u00f3n sobre sus h\u00e1bitos de navegaci\u00f3n o personalizar la forma en que se muestra el contenido. Los usos concretos que hacemos de estas tecnolog\u00edas se describen a continuaci\u00f3n. No obstante, no pueden da\u00f1ar el equipo\/dispositivo del Usuario ni identificarlo personalmente.<\/p><h2>\u00bfQu\u00e9 tipos de cookies utiliza este Sitio Web?<\/h2><p>Este Sitio Web usa cookies propias y de terceros generadas desde otros sitios web ajenos a Arkeero, pertenecientes a asociados y terceras entidades que operan en la red, para las finalidades concretas que se exponen abajo.<\/p><p>Las cookies pueden ser persistentes o de sesi\u00f3n. Las cookies persistentes son aquellas en las que permanecen almacenados en el terminal y a cuyos datos se puede acceder y tratar durante un periodo definido por el responsable de la cookie. La duraci\u00f3n puede variar desde de unos minutos a varios a\u00f1os.<\/p><p>Las cookies de sesi\u00f3n, por su parte, son cookies dise\u00f1adas para recabar y almacenar datos mientras el Usuario accede a una p\u00e1gina web. Se suelen utilizar para almacenar informaci\u00f3n que solo interesa conservar para la prestaci\u00f3n del servicio solicitado por el Usuario en una sola ocasi\u00f3n.<\/p><p>Si el Usuario acepta las cookies de terceros, deber\u00e1 eliminarlas desde las opciones del navegador o desde el sistema ofrecido por el propio tercero en caso de que posteriormente quiera retirar su consentimiento. Por ello se recomienda a los Usuarios consultar sus respectivas pol\u00edticas de privacidad para obtener m\u00e1s informaci\u00f3n.<\/p><p><strong>(i) Cookies t\u00e9cnicas y estrictamente necesarias<\/strong><\/p><p>Estas cookies son necesarias para el correcto funcionamiento de nuestro Sitio Web. Son aqu\u00e9llas que permiten al Usuario la navegaci\u00f3n a trav\u00e9s del Sitio Web y la utilizaci\u00f3n de las diferentes opciones o servicios disponibles como, por ejemplo, identificar la sesi\u00f3n, el idioma, acceder a partes de acceso restringido, controlar el fraude vinculado a la seguridad y evaluar la eficiencia del servicio. Puede instalarse este tipo de cookies sin el consentimiento previo del Usuario siempre que sean necesarias para activar las funcionalidades del Sitio Web. Sin estas cookies, el Sitio Web no puede funcionar correctamente.<\/p><p><strong>(ii) Cookies anal\u00edticas y de rendimiento<\/strong><\/p><p>Son aquellas que, tratadas por nosotros o por terceros, permiten cuantificar el n\u00famero de Usuarios, realizar la medici\u00f3n y an\u00e1lisis estad\u00edstico de la utilizaci\u00f3n hecha del Sitio Web y los productos o servicios ofertados. Para ello se analiza la navegaci\u00f3n en el Sitio Web con el fin de mejorar la oferta de los productos o servicios ofrecidos.<\/p><p>La informaci\u00f3n obtenida por estas cookies no permite identificar a los Usuarios de forma personal. Toda la informaci\u00f3n obtenida es agregada y, por lo tanto, an\u00f3nima. La funci\u00f3n de estas cookies es obtener estad\u00edsticas e informes que permiten mejorar el funcionamiento de nuestro Sitio Web.<\/p><p>Estas cookies solo se instalan en el dispositivo del Usuario cuando son aceptadas.<\/p><h3>Listado de cookies anal\u00edticas:<\/h3><table border=\"1\"><tbody><tr><th style=\"padding: 10px;\">Cookie<\/th><th style=\"padding: 10px;\">Propia o de terceros<\/th><th style=\"padding: 10px;\">Duraci\u00f3n<\/th><th style=\"padding: 10px;\">Finalidad<\/th><th style=\"padding: 10px;\">Enlace a la pol\u00edtica de privacidad del tercero<\/th><\/tr><tr><td style=\"padding: 10px;\">_ga<\/td><td style=\"padding: 10px;\">Google Analytics<\/td><td style=\"padding: 10px;\">2 a\u00f1os<\/td><td style=\"padding: 10px;\">Es una cookie de an\u00e1lisis de Google Analytics que sirve para calcular los datos de visitantes, sesiones y campa\u00f1as y realizar un seguimiento del uso del sitio para el informe de an\u00e1lisis del sitio. Las cookies almacenan informaci\u00f3n de forma an\u00f3nima y asignan un n\u00famero generado aleatoriamente para identificar visitantes \u00fanicos.<\/td><td style=\"padding: 10px;\">Puede consultar la pol\u00edtica de privacidad de Google Analytics a trav\u00e9s del siguiente enlace: <a href=\"https:\/\/ghughu.com\/es\/privacy-policy\/\"><u>Pol\u00edtica de privacidad<\/u><\/a><\/td><\/tr><tr><td style=\"padding: 10px;\">_ga_7TY1VP5SH5<\/td><td style=\"padding: 10px;\">Google Analytics<\/td><td style=\"padding: 10px;\">2 a\u00f1os<\/td><td style=\"padding: 10px;\">Es una cookie de an\u00e1lisis de Google Analytics que sirve para calcular los datos de visitantes, sesiones y campa\u00f1as y realizar un seguimiento del uso del sitio para el informe de an\u00e1lisis del sitio. Las cookies almacenan informaci\u00f3n de forma an\u00f3nima y asignan un n\u00famero generado aleatoriamente para identificar visitantes \u00fanicos.<\/td><td style=\"padding: 10px;\">Puede consultar la pol\u00edtica de privacidad de Google Analytics a trav\u00e9s del siguiente enlace: <a href=\"https:\/\/ghughu.com\/es\/privacy-policy\/\"><u>Pol\u00edtica de privacidad<\/u><\/a><\/td><\/tr><\/tbody><\/table><h3>(iii) Cookies Sociales<\/h3><p>Algunos servicios pueden utilizar conectores con diversas redes sociales como, por ejemplo, Facebook, Twitter, Instagram, LinkedIn o YouTube. Al utilizar el registro social, el Usuario autoriza a la red social a colocar sus cookies y permite que se recupere la presentaci\u00f3n del componente desde el servidor del operador de la red social.<\/p><p>Adem\u00e1s, cuando el Usuario visita nuestro Sitio Web, se establece una conexi\u00f3n directa entre su navegador y el servidor del operador de la red social a trav\u00e9s del componente de la red social. En consecuencia, la red social puede recibir informaci\u00f3n sobre las p\u00e1ginas web concretas visitadas por el Usuario a trav\u00e9s de la direcci\u00f3n IP. No obstante, la Sociedad no tiene acceso al contenido de los datos transmitidos ni la utilizaci\u00f3n por parte de la red social. La presente pol\u00edtica no tiene validez para el tratamiento que realizan las redes sociales. Por ello, la Sociedad no asume responsabilidad alguna con respecto a la protecci\u00f3n de datos personales al abrir estos sitios.<\/p><p>El Usuario puede encontrar m\u00e1s informaci\u00f3n respecto a su uso en las respectivas pol\u00edticas de privacidad de las redes sociales:<\/p><p>Facebook:<a href=\"https:\/\/www.facebook.com\/policy.php\" target=\"_blank\" rel=\"noopener\"><u>https:\/\/www.facebook.com\/policy.php<\/u><\/a><\/p><p>Twitter:<a href=\"https:\/\/twitter.com\/privacy?lang=en\" target=\"_blank\" rel=\"noopener\"><u>https:\/\/twitter.com\/privacy?lang=en<\/u><\/a><\/p><p>Instagram:<a href=\"https:\/\/www.instagram.com\/about\/legal\/privacy\/\" target=\"_blank\" rel=\"noopener\"><u>https:\/\/www.instagram.com\/about\/legal\/privacy\/<\/u><\/a><\/p><p>LinkedIn:<a href=\"https:\/\/www.linkedin.com\/legal\/privacy-policy\" target=\"_blank\" rel=\"noopener\"><u>https:\/\/www.linkedin.com\/legal\/privacy-policy<\/u><\/a><\/p><p>YouTube:<a href=\"https:\/\/policies.google.com\/privacy?hl=en\" target=\"_blank\" rel=\"noopener\"><u>https:\/\/policies.google.com\/privacy?hl=en<\/u><\/a><\/p><h2>\u00bfCu\u00e1les son los plazos de conservaci\u00f3n?<\/h2><p>Las cookies utilizadas ser\u00e1n conservadas en el dispositivo durante el tiempo necesario para la finalidad por la que fueron instaladas, y como m\u00e1ximo, durante el plazo concreto de duraci\u00f3n de cada cookie, salvo que el Usuario decida retirar su consentimiento o eliminarlas a trav\u00e9s de las opciones de configuraci\u00f3n del navegador.<\/p><h2>\u00bfTransferencias internacionales?<\/h2><p>Algunos de los datos personales obtenidos a trav\u00e9s de cookies de terceros ser\u00e1n objeto de transferencias internacionales. Para obtener m\u00e1s informaci\u00f3n sobre las transferencias internacionales a terceros pa\u00edses realizadas por cada tercero, el Usuario debe acceder a las respectivas pol\u00edticas de privacidad.<\/p><h2>\u00bfC\u00f3mo aceptar, rechazar, bloquear o eliminar cookies?<\/h2><p>El Usuario puede permitir, bloquear o eliminar las cookies a trav\u00e9s de las herramientas de configuraci\u00f3n del navegador, o bien, puede configurar su navegador para que le avise cuando un servidor quiera guardar una cookie:<\/p><p>a) Microsoft Internet Explorer: Consulte la opci\u00f3n en el men\u00fa Herramientas &gt; Opciones de Internet &gt; Privacidad &gt; Configuraci\u00f3n. Para saber m\u00e1s visite:<br \/><a href=\"http:\/\/windows.microsoft.com\/es-es\/windows-vista\/block-or-allow-cookies\" target=\"_blank\" rel=\"noopener\"><u>http:\/\/windows.microsoft.com\/es-es\/windows-vista\/block-or-allow-cookies<\/u><\/a>y<a href=\"http:\/\/windows.microsoft.com\/es-es\/windows7\/how-to-manage-cookies-in-internet-explorer-9\" target=\"_blank\" rel=\"noopener\"><u>http:\/\/windows.microsoft.com\/es-es\/windows7\/how-to-manage-cookies-in-internet-explorer-9<\/u><\/a>.<\/p><p>b) Firefox: Consulte la opci\u00f3n en el men\u00fa Herramientas &gt; Opciones &gt; Privacidad &gt; cookies. Para saber m\u00e1s visite:<br \/><a href=\"https:\/\/support.mozilla.org\/es\/kb\/habilitar-y-deshabilitar-cookies-sitios-web-rastrear-preferencias?redirectlocale=es&amp;redirectslug=habilitar-y-deshabilitar-cookies-que-los-sitios-we\" target=\"_blank\" rel=\"noopener\"><u>https:\/\/support.mozilla.org\/es\/kb\/habilitar-y-deshabilitar-cookies-sitios-web-rastrear-preferencias?redirectlocale=es&amp;redirectslug=habilitar-y-deshabilitar-cookies-que-los-sitios-we<\/u><\/a>.<\/p><p>c) Chrome: Consulte la secci\u00f3n de Opciones &gt; Opciones avanzadas &gt; Privacidad. Para saber m\u00e1s:<br \/><a href=\"https:\/\/support.google.com\/accounts\/answer\/61416?hl=es\" target=\"_blank\" rel=\"noopener\"><u>https:\/\/support.google.com\/accounts\/answer\/61416?hl=es<\/u><\/a>.<\/p><p>d) Opera: Consulte la opci\u00f3n de Seguridad y Privacidad. Para saber m\u00e1s visite:<br \/><a href=\"http:\/\/help.opera.com\/Windows\/11.50\/es-ES\/cookies.html\" target=\"_blank\" rel=\"noopener\"><u>http:\/\/help.opera.com\/Windows\/11.50\/es-ES\/cookies.html<\/u><\/a>.<\/p><p>e) Safari: Consulte la opci\u00f3n en el men\u00fa Preferencias\/Privacidad. M\u00e1s informaci\u00f3n en:<br \/><a href=\"http:\/\/support.apple.com\/kb\/HT1677?viewlocale=es_ES\" target=\"_blank\" rel=\"noopener\"><u>http:\/\/support.apple.com\/kb\/HT1677?viewlocale=es_ES<\/u><\/a>.<\/p><p>Asimismo, los navegadores de los dispositivos m\u00f3viles permiten realizar ajustes de privacidad para desactivar o eliminar las cookies. Si el Usuario desea modificar las opciones de privacidad, debe seguir las instrucciones especificas por el desarrollador de su navegador para dispositivo m\u00f3vil.<\/p><p>A continuaci\u00f3n, podr\u00e1 encontrar algunos ejemplos que guiar\u00e1n a los Usuarios para modificar las opciones de privacidad en sus dispositivos m\u00f3viles:<\/p><p>a) Safari para IOS:<a href=\"https:\/\/support.apple.com\/es-es\/HT201265\" target=\"_blank\" rel=\"noopener\"><u>https:\/\/support.apple.com\/es-es\/HT201265<\/u><\/a><\/p><p>b) Firefox para Android:<a href=\"https:\/\/support.mozilla.org\/es\/kb\/bloquear-cookies-en-firefox-focus-para-android\" target=\"_blank\" rel=\"noopener\"><u>https:\/\/support.mozilla.org\/es\/kb\/bloquear-cookies-en-firefox-focus-para-android<\/u><\/a><\/p><p>a) Chrome para Andorid:<a href=\"https:\/\/support.google.com\/accounts\/answer\/32050?co=GENIE.Platform%3DAndroid&amp;hl=es&amp;oco=0\" target=\"_blank\" rel=\"noopener\"><u>https:\/\/support.google.com\/accounts\/answer\/32050?co=GENIE.Platform%3DAndroid&amp;hl=es&amp;oco=0<\/u><\/a><\/p><p>a) Chrome para IOS:<a href=\"https:\/\/support.google.com\/accounts\/answer\/32050?co=GENIE.Platform%3DiOS&amp;hl=es&amp;oco=0\" target=\"_blank\" rel=\"noopener\"><u>https:\/\/support.google.com\/accounts\/answer\/32050?co=GENIE.Platform%3DiOS&amp;hl=es&amp;oco=0<\/u><\/a><\/p><h2>Actualizaci\u00f3n en la Pol\u00edtica de cookies<\/h2><p>Algunos de los datos personales obtenidos a trav\u00e9s de cookies de terceros ser\u00e1n objeto de transferencias internacionales. Para obtener m\u00e1s informaci\u00f3n sobre las transferencias internacionales a terceros pa\u00edses realizadas por cada tercero, el Usuario debe acceder a las respectivas pol\u00edticas de privacidad.<\/p><h2>Contacto<\/h2><p>Los Usuarios pueden obtener m\u00e1s informaci\u00f3n sobre el tratamiento de datos realizado por la Sociedad, as\u00ed como sobre el modo de ejercitar sus derechos en nuestra Pol\u00edtica de Privacidad. Adicionalmente, los Usuarios pueden contactar directamente con Arkeero en el email: <a href=\"mailto:dpd@arkeero.com\">dpd@arkeero.com<\/a> o en la direcci\u00f3n arriba indicada.<\/p><p><style>\n.pol_cookie_btn{<br \/>\tborder:1px solid #ccc;<br \/>\tbox-sizing:border-box;<br \/>\tpadding:5px;<br \/>\ttext-align:left;<br \/>\twidth:100px;<br \/>\tfloat:right;<br \/>\tfont-size:14px;<br \/>\tline-height:14px;<br \/>\tcolor:#999;<br \/>\tbackground-color:#FFF;<br \/>\tmargin-right:10px;<br \/>\tcursor:pointer;<br \/>}<br \/>.pol_cookie_btn[estado=\"seleccionado\"]{<br \/>\tborder:1px solid #000;<br \/>\tcolor:#fff;<br \/>\tbackground-color:#666;<br \/>\tcursor:default;<br \/>}<br \/><\/style><\/p><p><strong>USTED PERMITE:<\/strong><\/p><table border=\"0\" width=\"100%\" cellspacing=\"0\" cellpadding=\"10\"><tbody><tr><td valign=\"top\">Compartir tu an\u00e1lisis de navegaci\u00f3n y grupos de inter\u00e9s con terceros<\/td><td valign=\"top\"><div class=\"pol_cookie_btn\">\u2713\u00a0\u00a0\u00a0Aceptar<\/div><div class=\"pol_cookie_btn\">X\u00a0\u00a0\u00a0Rechazar<\/div><\/td><\/tr><tr><td valign=\"top\">Acceso y almacenamiento de datos<\/td><td valign=\"top\"><div class=\"pol_cookie_btn\">\u2713\u00a0\u00a0\u00a0Aceptar<\/div><div class=\"pol_cookie_btn\">X\u00a0\u00a0\u00a0Rechazar<\/div><\/td><\/tr><tr><td valign=\"top\">Personalizaci\u00f3n<\/td><td valign=\"top\"><div class=\"pol_cookie_btn\">\u2713\u00a0\u00a0\u00a0Aceptar<\/div><div class=\"pol_cookie_btn\">X\u00a0\u00a0\u00a0Rechazar<\/div><\/td><\/tr><tr><td valign=\"top\">Selecci\u00f3n, suministro e informe de contenidos<\/td><td valign=\"top\"><div class=\"pol_cookie_btn\">\u2713\u00a0\u00a0\u00a0Aceptar<\/div><div class=\"pol_cookie_btn\">X\u00a0\u00a0\u00a0Rechazar<\/div><\/td><\/tr><tr><td valign=\"top\">Selecci\u00f3n, suministro e informe de anuncios<\/td><td valign=\"top\"><div class=\"pol_cookie_btn\">\u2713\u00a0\u00a0\u00a0Aceptar<\/div><div class=\"pol_cookie_btn\">X\u00a0\u00a0\u00a0Rechazar<\/div><\/td><\/tr><tr><td valign=\"top\">Medici\u00f3n<\/td><td valign=\"top\"><div class=\"pol_cookie_btn\">\u2713\u00a0\u00a0\u00a0Aceptar<\/div><div class=\"pol_cookie_btn\">X\u00a0\u00a0\u00a0Rechazar<\/div><\/td><\/tr><\/tbody><\/table><p><script>\nfunction pol_cookie_accion(id_pc, accion_pc) {\n    localStorage.setItem('pol_cookie_' + id_pc, accion_pc);\n    var aceptarBtn = document.querySelector('.pol_cookie_btn[id_pc=\"' + id_pc + '\"][accion_pc=\"Aceptar\"]');\n    var rechazarBtn = document.querySelector('.pol_cookie_btn[id_pc=\"' + id_pc + '\"][accion_pc=\"Rechazar\"]');\n    \n    aceptarBtn.setAttribute(\"estado\", \"\");\n    rechazarBtn.setAttribute(\"estado\", \"\");\n    \n    if (accion_pc === \"Aceptar\") {\n        aceptarBtn.setAttribute(\"estado\", \"seleccionado\");\n    } else if (accion_pc === \"Rechazar\") {\n        rechazarBtn.setAttribute(\"estado\", \"seleccionado\");\n    }\n}\n\nfunction pol_cookie_click(n, accion) {\n    pol_cookie_accion(n, accion);\n}\n\ndocument.addEventListener(\"DOMContentLoaded\", function() {\n    for (var i = 1; i <= 6; i++) {\n        if (localStorage.getItem('pol_cookie_' + i) === \"Aceptar\" || localStorage.getItem('pol_cookie_' + i) === \"Rechazar\") {\n            pol_cookie_accion(i, localStorage.getItem('pol_cookie_' + i));\n        } else {\n            pol_cookie_accion(i, \"Aceptar\");\n        }\n    }\n});\n<\/script><\/p>\t\t\t\t\t\t<\/div>\n\t\t\t\t<\/div>\n\t\t\t\t\t<\/div>\n\t\t\t\t<\/div>\n\t\t\t\t\t\t\t<\/div>\n\t\t","protected":false},"excerpt":{"rendered":"<p>Esta Pol\u00edtica de cookies forma parte y complementa la Pol\u00edtica de Privacidad del Sitio Web. El titular es ROCK INTERNET S.L. (en adelante, \u201cArkeero\u201d o la \u201cSociedad\u201d) con NIF: B- 86907953 y domicilio social: C\/Barquillo N.\u00ba 8 izq., 28004 Madrid, (Espa\u00f1a). Datos registrales: Registro Mercantil de Madrid, Tomo 31853, Folio 1, Inscripci\u00f3n 1, Hoja M-573205&#8230;<\/p>\n","protected":false},"author":1,"featured_media":0,"parent":0,"menu_order":0,"comment_status":"closed","ping_status":"closed","template":"","meta":{"_monsterinsights_skip_tracking":false,"_monsterinsights_sitenote_active":false,"_monsterinsights_sitenote_note":"","_monsterinsights_sitenote_category":0,"footnotes":""},"acf":[],"aioseo_notices":[],"_links":{"self":[{"href":"https:\/\/ghughu.com\/es\/wp-json\/wp\/v2\/pages\/1296"}],"collection":[{"href":"https:\/\/ghughu.com\/es\/wp-json\/wp\/v2\/pages"}],"about":[{"href":"https:\/\/ghughu.com\/es\/wp-json\/wp\/v2\/types\/page"}],"author":[{"embeddable":true,"href":"https:\/\/ghughu.com\/es\/wp-json\/wp\/v2\/users\/1"}],"replies":[{"embeddable":true,"href":"https:\/\/ghughu.com\/es\/wp-json\/wp\/v2\/comments?post=1296"}],"version-history":[{"count":22,"href":"https:\/\/ghughu.com\/es\/wp-json\/wp\/v2\/pages\/1296\/revisions"}],"predecessor-version":[{"id":2063,"href":"https:\/\/ghughu.com\/es\/wp-json\/wp\/v2\/pages\/1296\/revisions\/2063"}],"wp:attachment":[{"href":"https:\/\/ghughu.com\/es\/wp-json\/wp\/v2\/media?parent=1296"}],"curies":[{"name":"wp","href":"https:\/\/api.w.org\/{rel}","templated":true}]}}