{"id":1296,"date":"2024-01-03T16:02:19","date_gmt":"2024-01-03T16:02:19","guid":{"rendered":"https:\/\/ghughu.com\/de\/?page_id=1296"},"modified":"2024-01-08T10:24:41","modified_gmt":"2024-01-08T10:24:41","slug":"cookie-richtlinie","status":"publish","type":"page","link":"https:\/\/ghughu.com\/de\/cookie-richtlinie\/","title":{"rendered":"Cookie-Richtlinie"},"content":{"rendered":"\t\t<div data-elementor-type=\"wp-page\" data-elementor-id=\"1296\" class=\"elementor elementor-1296\">\n\t\t\t\t\t\t\t<div class=\"elementor-element elementor-element-49d4263c e-flex e-con-boxed e-con e-parent\" data-id=\"49d4263c\" data-element_type=\"container\" data-settings=\"{&quot;content_width&quot;:&quot;boxed&quot;}\" data-core-v316-plus=\"true\">\n\t\t\t\t\t<div class=\"e-con-inner\">\n\t\t\t\t<div class=\"elementor-element elementor-element-752fc7e6 elementor-widget elementor-widget-text-editor\" data-id=\"752fc7e6\" data-element_type=\"widget\" data-widget_type=\"text-editor.default\">\n\t\t\t\t<div class=\"elementor-widget-container\">\n\t\t\t<style>\/*! elementor - v3.18.0 - 20-12-2023 *\/\n.elementor-widget-text-editor.elementor-drop-cap-view-stacked .elementor-drop-cap{background-color:#69727d;color:#fff}.elementor-widget-text-editor.elementor-drop-cap-view-framed .elementor-drop-cap{color:#69727d;border:3px solid;background-color:transparent}.elementor-widget-text-editor:not(.elementor-drop-cap-view-default) .elementor-drop-cap{margin-top:8px}.elementor-widget-text-editor:not(.elementor-drop-cap-view-default) .elementor-drop-cap-letter{width:1em;height:1em}.elementor-widget-text-editor .elementor-drop-cap{float:left;text-align:center;line-height:1;font-size:50px}.elementor-widget-text-editor .elementor-drop-cap-letter{display:inline-block}<\/style>\t\t\t\t<p>Diese Cookie-Richtlinie ist Teil und erg\u00e4nzt die Datenschutzrichtlinie der Website. Der Inhaber ist ROCK INTERNET S.L. (im Folgenden &#8220;Arkeero&#8221; oder &#8220;das Unternehmen&#8221;) mit der Steuernummer: B-86907953 und Gesch\u00e4ftssitz: C\/Barquillo N.\u00ba 8 izq., 28004 Madrid, (Spanien). Handelsregisterdaten: Handelsregister Madrid, Band 31853, Blatt 1, Eintrag 1, Seite M-573205 E-Mail-Kontakt dpd@arkeero.com<\/p>\n<p>Diese Website verwendet Cookies oder andere \u00e4hnliche Funktionen zum Speichern und Abrufen von Daten (im Folgenden &#8220;Cookies&#8221;), um den Benutzern ein besseres, schnelleres und sichereres Erlebnis zu bieten. Im Folgenden wird erl\u00e4utert, welche Technologien dies sind, wof\u00fcr sie verwendet werden (zum Beispiel zum Einloggen, Speichern Ihrer Einstellungen, Anpassen des verbreiteten Inhalts und Anzeigen relevanterer Anzeigen) und wer sie verwaltet.<\/p>\n<p>Die Website ist in verschiedenen Sprachen verf\u00fcgbar. Im Falle eines Konflikts zwischen der spanischen Version und anderen Sprachen dieser Nutzungsbedingungen hat die spanische Version Vorrang vor den anderen.<\/p>\n<h2>Was sind Cookies?<\/h2>\n<p>Cookies sind kleine Textdateien, die auf Websites heruntergeladen und auf dem Ger\u00e4t des Benutzers (Computer, Tablet oder Mobilger\u00e4t) gespeichert werden, wenn er darauf zugreift.<\/p>\n<p>Im Allgemeinen k\u00f6nnen diese Technologien f\u00fcr sehr unterschiedliche Zwecke verwendet werden, wie zum Beispiel die Erkennung des Besuchers als Benutzer, das Sammeln von Informationen \u00fcber seine Browsing-Gewohnheiten oder das Anpassen der Art und Weise, wie der Inhalt angezeigt wird. Die konkreten Verwendungen, die wir von diesen Technologien machen, werden unten beschrieben. Sie k\u00f6nnen jedoch die Ausr\u00fcstung\/das Ger\u00e4t des Benutzers nicht besch\u00e4digen oder ihn pers\u00f6nlich identifizieren.<\/p>\n<h2>Welche Arten von Cookies werden auf dieser Website verwendet?<\/h2>\n<p>Diese Website verwendet eigene Cookies und Cookies von Dritten, die von anderen, nicht zu Arkeero geh\u00f6renden Websites stammen, die zu Partnern und Dritten geh\u00f6ren, die im Netzwerk t\u00e4tig sind, f\u00fcr die unten beschriebenen bestimmten Zwecke.<\/p>\n<p>Cookies k\u00f6nnen persistent oder sitzungsbezogen sein. Persistent Cookies bleiben auf dem Endger\u00e4t gespeichert, und die Daten k\u00f6nnen w\u00e4hrend eines vom Cookie-Verantwortlichen festgelegten Zeitraums abgerufen und verarbeitet werden. Die Dauer kann von einigen Minuten bis zu mehreren Jahren variieren.<\/p>\n<p>Sitzungscookies hingegen sind Cookies, die entwickelt wurden, um Daten zu sammeln und zu speichern, w\u00e4hrend der Benutzer auf einer Website surft. Sie werden in der Regel verwendet, um Informationen zu speichern, die nur f\u00fcr die Erbringung des vom Benutzer einmalig angeforderten Dienstes relevant sind.<\/p>\n<p>Wenn der Benutzer Cookies von Dritten akzeptiert, sollte er sie aus den Browseroptionen oder aus dem vom Dritten angebotenen System l\u00f6schen, wenn er seine Zustimmung sp\u00e4ter widerrufen m\u00f6chte. Daher wird den Benutzern empfohlen, die entsprechenden Datenschutzrichtlinien zu konsultieren, um weitere Informationen zu erhalten.<\/p>\n<h3>(i) Technische und unbedingt notwendige Cookies<\/h3>\n<p>Diese Cookies sind f\u00fcr das ordnungsgem\u00e4\u00dfe Funktionieren unserer Website erforderlich. Sie erm\u00f6glichen es dem Benutzer, durch die Website zu navigieren und die verschiedenen Optionen oder Dienste zu nutzen, die verf\u00fcgbar sind, wie zum Beispiel die Identifizierung der Sitzung, die Sprache, den Zugang zu beschr\u00e4nkten Bereichen, die Kontrolle von mit Sicherheit verbundenem Betrug und die Bewertung der Effizienz des Dienstes. Diese Art von Cookies kann ohne vorherige Zustimmung des Benutzers installiert werden, sofern sie erforderlich sind, um die Funktionen der Website zu aktivieren. Ohne diese Cookies kann die Website nicht ordnungsgem\u00e4\u00df funktionieren.<\/p>\n<h3>(ii) Analytische und Leistungs-Cookies<\/h3>\n<p>Dies sind Cookies, die von uns oder von Dritten verarbeitet werden und es erm\u00f6glichen, die Anzahl der Benutzer zu quantifizieren, die statistische Messungen und Analysen der auf der Website und den angebotenen Produkten oder Dienstleistungen getroffenen Nutzung durchzuf\u00fchren. Hierzu wird die Navigation auf der Website analysiert, um das Angebot der angebotenen Produkte oder Dienstleistungen zu verbessern.<\/p>\n<p>Die von diesen Cookies erhaltenen Informationen erm\u00f6glichen keine pers\u00f6nliche Identifizierung der Benutzer. Alle erhaltenen Informationen sind aggregiert und daher anonym. Die Funktion dieser Cookies besteht darin, Statistiken und Berichte zu erhalten, die eine Verbesserung des Betriebs unserer Website erm\u00f6glichen.<\/p>\n<p>Diese Cookies werden nur auf dem Ger\u00e4t des Benutzers installiert, wenn sie akzeptiert werden.<\/p>\n<h3>Liste der analytischen Cookies:<\/h3>\n<table border=\"1\">\n   <tbody><tr>\n      <th style=\"padding:10px\">Cookie<\/th>\n      <th style=\"padding:10px\">Eigen oder von Dritten<\/th>\n      <th style=\"padding:10px\">Dauer<\/th>\n      <th style=\"padding:10px\">Zweck<\/th>\n      <th style=\"padding:10px\">Link zur Datenschutzrichtlinie des Dritten<\/th>\n   <\/tr>\n   <tr>\n      <td style=\"padding:10px\">_ga<\/td>\n      <td style=\"padding:10px\">Google Analytics<\/td>\n      <td style=\"padding:10px\">2 Jahre<\/td>\n      <td style=\"padding:10px\">Dies ist ein Google Analytics-Analyse-Cookie, das zur Berechnung von Besucherdaten, Sitzungen und Kampagnen dient und die Nutzung der Website f\u00fcr den Website-Analysebericht verfolgt. Die Cookies speichern Informationen anonym und weisen eine zuf\u00e4llig generierte Nummer zu, um eindeutige Besucher zu identifizieren.<\/td>\n      <td style=\"padding:10px\">Sie k\u00f6nnen die Datenschutzrichtlinie von Google Analytics \u00fcber den folgenden Link konsultieren: <a href=\"#politicaprivacidad\" onclick=\"open_overlay_pol()\"><u>Datenschutzrichtlinie<\/u><\/a><\/td>\n   <\/tr>\n   <tr>\n      <td style=\"padding:10px\">_ga_7TY1VP5SH5<\/td>\n      <td style=\"padding:10px\">Google Analytics<\/td>\n      <td style=\"padding:10px\">2 Jahre<\/td>\n      <td style=\"padding:10px\">Dies ist ein Google Analytics-Analyse-Cookie, das zur Berechnung von Besucherdaten, Sitzungen und Kampagnen dient und die Nutzung der Website f\u00fcr den Website-Analysebericht verfolgt. Die Cookies speichern Informationen anonym und weisen eine zuf\u00e4llig generierte Nummer zu, um eindeutige Besucher zu identifizieren.<\/td>\n      <td style=\"padding:10px\">Sie k\u00f6nnen die Datenschutzrichtlinie von Google Analytics \u00fcber den folgenden Link konsultieren: <a href=\"#politicaprivacidad\" onclick=\"open_overlay_pol()\"><u>Datenschutzrichtlinie<\/u><\/a><\/td>\n   <\/tr>\n<\/tbody><\/table>\n<h3>(iii) Soziale Cookies<\/h3>\n<p>Einige Dienste k\u00f6nnen Verbindungen zu verschiedenen sozialen Netzwerken wie Facebook, Twitter, Instagram, LinkedIn oder YouTube verwenden. Durch die Verwendung der sozialen Anmeldung autorisiert der Benutzer das soziale Netzwerk, seine Cookies zu platzieren und erm\u00f6glicht das Abrufen der Komponentendarstellung vom Server des Betreibers des sozialen Netzwerks.<\/p>\n<p>Dar\u00fcber hinaus wird beim Besuch unserer Website eine direkte Verbindung zwischen Ihrem Browser und dem Server des Betreibers des sozialen Netzwerks \u00fcber die soziale Netzwerkkomponente hergestellt. Folglich kann das soziale Netzwerk Informationen \u00fcber die vom Benutzer besuchten spezifischen Webseiten \u00fcber die IP-Adresse erhalten. Die Gesellschaft hat jedoch keinen Zugriff auf den Inhalt der \u00fcbertragenen Daten oder die Nutzung durch das soziale Netzwerk. Diese Richtlinie gilt nicht f\u00fcr die Datenverarbeitung durch soziale Netzwerke. Daher \u00fcbernimmt die Gesellschaft keine Verantwortung f\u00fcr den Datenschutz beim \u00d6ffnen dieser Websites.<\/p>\n<p>Der Benutzer kann weitere Informationen zu deren Verwendung in den jeweiligen Datenschutzrichtlinien der sozialen Netzwerke finden:<\/p>\n<p>Facebook: <a target=\"_blank\" href=\"https:\/\/www.facebook.com\/policy.php\"><u>https:\/\/www.facebook.com\/policy.php<\/u><\/a><\/p>\n<p>Twitter: <a target=\"_blank\" href=\"https:\/\/twitter.com\/privacy?lang=en\"><u>https:\/\/twitter.com\/privacy?lang=en<\/u><\/a><\/p>\n<p>Instagram: <a target=\"_blank\" href=\"https:\/\/www.instagram.com\/about\/legal\/privacy\/\"><u>https:\/\/www.instagram.com\/about\/legal\/privacy\/<\/u><\/a><\/p>\n<p>LinkedIn: <a target=\"_blank\" href=\"https:\/\/www.linkedin.com\/legal\/privacy-policy\"><u>https:\/\/www.linkedin.com\/legal\/privacy-policy<\/u><\/a><\/p>\n<p>YouTube: <a target=\"_blank\" href=\"https:\/\/policies.google.com\/privacy?hl=en\"><u>https:\/\/policies.google.com\/privacy?hl=en<\/u><\/a><\/p>\n<h2>Wie sind die Aufbewahrungsfristen?<\/h2>\n<p>Die verwendeten Cookies werden auf dem Ger\u00e4t so lange aufbewahrt, wie es f\u00fcr den Zweck, f\u00fcr den sie installiert wurden, notwendig ist, und h\u00f6chstens f\u00fcr die spezifische Dauer jeder Cookie, es sei denn, der Benutzer entscheidet sich, seine Zustimmung zu widerrufen oder sie \u00fcber die Browsereinstellungen zu l\u00f6schen.<\/p>\n<h2>Internationale \u00dcbertragungen?<\/h2>\n<p>Einige der durch Cookies von Dritten erhaltenen personenbezogenen Daten unterliegen internationalen \u00dcbertragungen. Weitere Informationen zu internationalen \u00dcbertragungen in Drittl\u00e4nder, die von jedem Dritten durchgef\u00fchrt werden, findet der Benutzer in den jeweiligen Datenschutzrichtlinien.<\/p>\n<h2>Wie kann man Cookies akzeptieren, ablehnen, blockieren oder l\u00f6schen?<\/h2>\n<p>Der Benutzer kann Cookies \u00fcber die Einstellungstools seines Browsers erlauben, blockieren oder l\u00f6schen. Alternativ kann der Benutzer seinen Browser so konfigurieren, dass er benachrichtigt wird, wenn ein Server ein Cookie speichern m\u00f6chte:<\/p>\n<p>a) Microsoft Internet Explorer: Siehe Option im Men\u00fc Tools &gt; Internetoptionen &gt; Datenschutz &gt; Einstellungen. Weitere Informationen finden Sie unter:<br><a target=\"_blank\" href=\"http:\/\/windows.microsoft.com\/es-es\/windows-vista\/block-or-allow-cookies\"><u>http:\/\/windows.microsoft.com\/es-es\/windows-vista\/block-or-allow-cookies<\/u><\/a> und <a target=\"_blank\" href=\"http:\/\/windows.microsoft.com\/es-es\/windows7\/how-to-manage-cookies-in-internet-explorer-9\"><u>http:\/\/windows.microsoft.com\/es-es\/windows7\/how-to-manage-cookies-in-internet-explorer-9<\/u><\/a>.<\/p>\n<p>b) Firefox: Siehe Option im Men\u00fc Tools &gt; Einstellungen &gt; Datenschutz &gt; Cookies. Weitere Informationen finden Sie unter:<br><a target=\"_blank\" href=\"https:\/\/support.mozilla.org\/es\/kb\/habilitar-y-deshabilitar-cookies-sitios-web-rastrear-preferencias?redirectlocale=es&amp;redirectslug=habilitar-y-deshabilitar-cookies-que-los-sitios-we\"><u>https:\/\/support.mozilla.org\/es\/kb\/habilitar-y-deshabilitar-cookies-sitios-web-rastrear-preferencias?redirectlocale=es&amp;redirectslug=habilitar-y-deshabilitar-cookies-que-los-sitios-we<\/u><\/a>.<\/p>\n<p>c) Chrome: Siehe Abschnitt Einstellungen &gt; Erweiterte Einstellungen &gt; Datenschutz. Weitere Informationen finden Sie unter:<br><a target=\"_blank\" href=\"https:\/\/support.google.com\/accounts\/answer\/61416?hl=es\"><u>https:\/\/support.google.com\/accounts\/answer\/61416?hl=es<\/u><\/a>.<\/p>\n<p>d) Opera: Siehe Option Sicherheit und Datenschutz. Weitere Informationen finden Sie unter:<br><a target=\"_blank\" href=\"http:\/\/help.opera.com\/Windows\/11.50\/es-ES\/cookies.html\"><u>http:\/\/help.opera.com\/Windows\/11.50\/es-ES\/cookies.html<\/u><\/a>.<\/p>\n<p>e) Safari: Siehe Option im Men\u00fc Einstellungen\/Datenschutz. Weitere Informationen unter:<br><a target=\"_blank\" href=\"http:\/\/support.apple.com\/kb\/HT1677?viewlocale=es_ES\"><u>http:\/\/support.apple.com\/kb\/HT1677?viewlocale=es_ES<\/u><\/a>.<\/p>\n<p>Au\u00dferdem erm\u00f6glichen die Browser von Mobilger\u00e4ten Datenschutzeinstellungen zum Deaktivieren oder L\u00f6schen von Cookies. Wenn der Benutzer die Datenschutzeinstellungen \u00e4ndern m\u00f6chte, sollte er den spezifischen Anweisungen des Entwicklers seines mobilen Browsers folgen.<\/p>\n<p>Nachfolgend finden Sie einige Beispiele, die Benutzern helfen sollen, Datenschutzeinstellungen auf ihren Mobilger\u00e4ten zu \u00e4ndern:<\/p>\n<p>a) Safari f\u00fcr IOS: <a target=\"_blank\" href=\"https:\/\/support.apple.com\/es-es\/HT201265\"><u>https:\/\/support.apple.com\/es-es\/HT201265<\/u><\/a><\/p>\n<p>b) Firefox f\u00fcr Android: <a target=\"_blank\" href=\"https:\/\/support.mozilla.org\/es\/kb\/bloquear-cookies-en-firefox-focus-para-android\"><u>https:\/\/support.mozilla.org\/es\/kb\/bloquear-cookies-en-firefox-focus-para-android<\/u><\/a><\/p>\n<p>c) Chrome f\u00fcr Android: <a target=\"_blank\" href=\"https:\/\/support.google.com\/accounts\/answer\/32050?co=GENIE.Platform%3DAndroid&amp;hl=es&amp;oco=0\"><u>https:\/\/support.google.com\/accounts\/answer\/32050?co=GENIE.Platform%3DAndroid&amp;hl=es&amp;oco=0<\/u><\/a><\/p>\n<p>d) Chrome f\u00fcr IOS: <a target=\"_blank\" href=\"https:\/\/support.google.com\/accounts\/answer\/32050?co=GENIE.Platform%3DiOS&amp;hl=es&amp;oco=0\"><u>https:\/\/support.google.com\/accounts\/answer\/32050?co=GENIE.Platform%3DiOS&amp;hl=es&amp;oco=0<\/u><\/a><\/p>\n<h2>Aktualisierung der Cookie-Richtlinie<\/h2>\n<p>Unsere Cookie-Richtlinie kann aufgrund von rechtlichen \u00c4nderungen und Anforderungen sowie aufgrund von Verbesserungen und \u00c4nderungen in der Art und Weise, wie wir unsere Dienstleistungen anbieten, aktualisiert werden. Daher wird Benutzern empfohlen, unsere Cookie-Richtlinie regelm\u00e4\u00dfig zu besuchen und darauf zuzugreifen, um die neuesten \u00c4nderungen zu erfahren, die m\u00f6glicherweise vorgenommen wurden. Im Falle von \u00c4nderungen, die sich auf die erteilte Zustimmung beziehen, wird eine separate und unabh\u00e4ngige Benachrichtigung gesendet, um die Zustimmung erneut einzuholen.<\/p>\n<h2>Kontakt<\/h2>\n<p>Benutzer k\u00f6nnen weitere Informationen \u00fcber die Datenverarbeitung durch das Unternehmen sowie \u00fcber die Aus\u00fcbung ihrer Rechte in unserer Datenschutzrichtlinie erhalten. Dar\u00fcber hinaus k\u00f6nnen Benutzer direkt mit Arkeero per E-Mail Kontakt aufnehmen: dpd@arkeero.com oder unter der oben angegebenen Adresse.<\/p><style>\n.pol_cookie_btn{\n\tborder:1px solid #ccc;\n\tbox-sizing:border-box;\n\tpadding:5px;\n\ttext-align:left;\n\twidth:100px;\n\tfloat:right;\n\tfont-size:14px;\n\tline-height:14px;\n\tcolor:#999;\n\tbackground-color:#FFF;\n\tmargin-right:10px;\n\tcursor:pointer;\n}\n.pol_cookie_btn[estado=\"seleccionado\"]{\n\tborder:1px solid #000;\n\tcolor:#fff;\n\tbackground-color:#666;\n\tcursor:default;\n}\n<\/style>\n<br>\n<strong>USTED PERMITE:<\/strong>\n<br>\n<table width=\"100%\" border=\"0\" cellspacing=\"0\" cellpadding=\"10\">\n  <tbody><tr>\n    <td valign=\"top\">Teilen deiner Browseranalyse und Interessengruppen mit Dritten<\/td>\n    <td valign=\"top\"><div class=\"pol_cookie_btn\" id_pc=\"1\" accion_pc=\"Aceptar\" onclick=\"pol_cookie_click('1','Aceptar')\" estado=\"seleccionado\">\u2713&nbsp;&nbsp;&nbsp;Akzeptieren<\/div><div class=\"pol_cookie_btn\" id_pc=\"1\" accion_pc=\"Rechazar\" onclick=\"pol_cookie_click('1','Rechazar')\" estado=\"\">X&nbsp;&nbsp;&nbsp;Ablehnen<\/div><\/td>\n  <\/tr>\n  <tr>\n    <td valign=\"top\">Zugriff und Speicherung von Daten<\/td>\n    <td valign=\"top\"><div class=\"pol_cookie_btn\" id_pc=\"2\" accion_pc=\"Aceptar\" onclick=\"pol_cookie_click('2','Aceptar')\" estado=\"seleccionado\">\u2713&nbsp;&nbsp;&nbsp;Akzeptieren<\/div><div class=\"pol_cookie_btn\" id_pc=\"2\" accion_pc=\"Rechazar\" onclick=\"pol_cookie_click('2','Rechazar')\" estado=\"\">X&nbsp;&nbsp;&nbsp;Ablehnen<\/div><\/td>\n  <\/tr>\n  <tr>\n    <td valign=\"top\">Personalisierung<\/td>\n    <td valign=\"top\"><div class=\"pol_cookie_btn\" id_pc=\"3\" accion_pc=\"Aceptar\" onclick=\"pol_cookie_click('3','Aceptar')\" estado=\"seleccionado\">\u2713&nbsp;&nbsp;&nbsp;Akzeptieren<\/div><div class=\"pol_cookie_btn\" id_pc=\"3\" accion_pc=\"Rechazar\" onclick=\"pol_cookie_click('3','Rechazar')\" estado=\"\">X&nbsp;&nbsp;&nbsp;Ablehnen<\/div><\/td>\n  <\/tr>\n  <tr>\n    <td valign=\"top\">Auswahl, Bereitstellung und Berichterstattung von Inhalten<\/td>\n    <td valign=\"top\"><div class=\"pol_cookie_btn\" id_pc=\"4\" accion_pc=\"Aceptar\" onclick=\"pol_cookie_click('4','Aceptar')\" estado=\"seleccionado\">\u2713&nbsp;&nbsp;&nbsp;Akzeptieren<\/div><div class=\"pol_cookie_btn\" id_pc=\"4\" accion_pc=\"Rechazar\" onclick=\"pol_cookie_click('4','Rechazar')\" estado=\"\">X&nbsp;&nbsp;&nbsp;Ablehnen<\/div><\/td>\n  <\/tr>\n  <tr>\n    <td valign=\"top\">Auswahl, Bereitstellung und Berichterstattung von Anzeigen<\/td>\n    <td valign=\"top\"><div class=\"pol_cookie_btn\" id_pc=\"5\" accion_pc=\"Aceptar\" onclick=\"pol_cookie_click('5','Aceptar')\" estado=\"seleccionado\">\u2713&nbsp;&nbsp;&nbsp;Akzeptieren<\/div><div class=\"pol_cookie_btn\" id_pc=\"5\" accion_pc=\"Rechazar\" onclick=\"pol_cookie_click('5','Rechazar')\" estado=\"\">X&nbsp;&nbsp;&nbsp;Ablehnen<\/div><\/td>\n  <\/tr>\n  <tr>\n    <td valign=\"top\">Messung<\/td>\n    <td valign=\"top\"><div class=\"pol_cookie_btn\" id_pc=\"6\" accion_pc=\"Aceptar\" onclick=\"pol_cookie_click('6','Aceptar')\" estado=\"seleccionado\">\u2713&nbsp;&nbsp;&nbsp;Akzeptieren<\/div><div class=\"pol_cookie_btn\" id_pc=\"6\" accion_pc=\"Rechazar\" onclick=\"pol_cookie_click('6','Rechazar')\" estado=\"\">X&nbsp;&nbsp;&nbsp;Ablehnen<\/div><\/td>\n  <\/tr>\n<\/tbody><\/table>\n<script>\nfunction pol_cookie_accion(id_pc, accion_pc) {\n    localStorage.setItem('pol_cookie_' + id_pc, accion_pc);\n    var aceptarBtn = document.querySelector('.pol_cookie_btn[id_pc=\"' + id_pc + '\"][accion_pc=\"Aceptar\"]');\n    var rechazarBtn = document.querySelector('.pol_cookie_btn[id_pc=\"' + id_pc + '\"][accion_pc=\"Rechazar\"]');\n    \n    aceptarBtn.setAttribute(\"estado\", \"\");\n    rechazarBtn.setAttribute(\"estado\", \"\");\n    \n    if (accion_pc === \"Aceptar\") {\n        aceptarBtn.setAttribute(\"estado\", \"seleccionado\");\n    } else if (accion_pc === \"Rechazar\") {\n        rechazarBtn.setAttribute(\"estado\", \"seleccionado\");\n    }\n}\n\nfunction pol_cookie_click(n, accion) {\n    pol_cookie_accion(n, accion);\n}\n\ndocument.addEventListener(\"DOMContentLoaded\", function() {\n    for (var i = 1; i <= 6; i++) {\n        if (localStorage.getItem('pol_cookie_' + i) === \"Aceptar\" || localStorage.getItem('pol_cookie_' + i) === \"Rechazar\") {\n            pol_cookie_accion(i, localStorage.getItem('pol_cookie_' + i));\n        } else {\n            pol_cookie_accion(i, \"Aceptar\");\n        }\n    }\n});\n<\/script>\t\t\t\t\t\t<\/div>\n\t\t\t\t<\/div>\n\t\t\t\t\t<\/div>\n\t\t\t\t<\/div>\n\t\t\t\t\t\t\t<\/div>\n\t\t","protected":false},"excerpt":{"rendered":"<p>Diese Cookie-Richtlinie ist Teil und erg\u00e4nzt die Datenschutzrichtlinie der Website. Der Inhaber ist ROCK INTERNET S.L. (im Folgenden &#8220;Arkeero&#8221; oder &#8220;das Unternehmen&#8221;) mit der Steuernummer: B-86907953 und Gesch\u00e4ftssitz: C\/Barquillo N.\u00ba 8 izq., 28004 Madrid, (Spanien). Handelsregisterdaten: Handelsregister Madrid, Band 31853, Blatt 1, Eintrag 1, Seite M-573205 E-Mail-Kontakt dpd@arkeero.com Diese Website verwendet Cookies oder andere \u00e4hnliche&#8230;<\/p>\n","protected":false},"author":1,"featured_media":0,"parent":0,"menu_order":0,"comment_status":"closed","ping_status":"closed","template":"","meta":{"_monsterinsights_skip_tracking":false,"_monsterinsights_sitenote_active":false,"_monsterinsights_sitenote_note":"","_monsterinsights_sitenote_category":0,"footnotes":""},"acf":[],"aioseo_notices":[],"_links":{"self":[{"href":"https:\/\/ghughu.com\/de\/wp-json\/wp\/v2\/pages\/1296"}],"collection":[{"href":"https:\/\/ghughu.com\/de\/wp-json\/wp\/v2\/pages"}],"about":[{"href":"https:\/\/ghughu.com\/de\/wp-json\/wp\/v2\/types\/page"}],"author":[{"embeddable":true,"href":"https:\/\/ghughu.com\/de\/wp-json\/wp\/v2\/users\/1"}],"replies":[{"embeddable":true,"href":"https:\/\/ghughu.com\/de\/wp-json\/wp\/v2\/comments?post=1296"}],"version-history":[{"count":20,"href":"https:\/\/ghughu.com\/de\/wp-json\/wp\/v2\/pages\/1296\/revisions"}],"predecessor-version":[{"id":1437,"href":"https:\/\/ghughu.com\/de\/wp-json\/wp\/v2\/pages\/1296\/revisions\/1437"}],"wp:attachment":[{"href":"https:\/\/ghughu.com\/de\/wp-json\/wp\/v2\/media?parent=1296"}],"curies":[{"name":"wp","href":"https:\/\/api.w.org\/{rel}","templated":true}]}}